{"id":994,"date":"2026-03-16T15:31:40","date_gmt":"2026-03-16T15:31:40","guid":{"rendered":"https:\/\/parquedaterranova.pt\/portal\/?page_id=994"},"modified":"2026-03-16T15:34:21","modified_gmt":"2026-03-16T15:34:21","slug":"simba","status":"publish","type":"page","link":"https:\/\/parquedaterranova.pt\/portal\/?page_id=994","title":{"rendered":"Simba"},"content":{"rendered":"<p>* SIMBA * (14 de Maio de 2019)<\/p>\n<p style=\"text-align: justify;\"><img loading=\"lazy\" decoding=\"async\" class=\"size-medium wp-image-993 alignright\" src=\"https:\/\/parquedaterranova.pt\/portal\/wp-content\/uploads\/2026\/03\/simba_01-125x188.jpg\" alt=\"\" width=\"125\" height=\"188\" srcset=\"https:\/\/parquedaterranova.pt\/portal\/wp-content\/uploads\/2026\/03\/simba_01-125x188.jpg 125w, https:\/\/parquedaterranova.pt\/portal\/wp-content\/uploads\/2026\/03\/simba_01-577x867.jpg 577w, https:\/\/parquedaterranova.pt\/portal\/wp-content\/uploads\/2026\/03\/simba_01-200x300.jpg 200w, https:\/\/parquedaterranova.pt\/portal\/wp-content\/uploads\/2026\/03\/simba_01.jpg 639w\" sizes=\"auto, (max-width: 125px) 100vw, 125px\" \/>\u00c9 com profunda tristeza que comunicamos a partida do nosso querido SIMBA, ontem \u00e0 tarde, para o &#8220;C\u00e9u de C\u00e3o&#8221;. Conforme oportunamente noticiamos aqui na nossa p\u00e1gina, o SIMBA estava em recupera\u00e7\u00e3o de uma S\u00edndrome Geri\u00e1trica do Vestibular, e, embora tivesse alguns dias bastante razo\u00e1veis, em que se alimentava bem e conseguia locomover-se um pouco, tinha outros menos bons, e estava cada vez mais debilitado, o que nos mantinha preocupados, e algo c\u00e9pticos quanto a uma poss\u00edvel recupera\u00e7\u00e3o completa, at\u00e9 porque a idade do SIMBA era j\u00e1 muito avan\u00e7ada. Ap\u00f3s um fim de semana razo\u00e1vel, na passada 2\u00aa feira o apetite do SIMBA voltou a diminuir, e o nosso amiguinho mostrava-se, novamente, bastante let\u00e1rgico &#8211; mas ontem, desde a madrugada, n\u00e3o ingeriu qualquer alimento ou \u00e1gua, e come\u00e7ou a apresentar todos os sinais de fal\u00eancia renal e hep\u00e1tica, o que, infelizmente, veio a confirmar-se, ao fim da tarde. O SIMBA partiu em paz, sem sofrimento, e acompanhado por duas pessoas da nossa equipa, que o rodearam de todo o carinho e amor&#8230; como, ali\u00e1s, o SIMBA sempre teve, enquanto esteve connosco. O SIMBA veio para o Parque da Terra Nova em 2011, na sequ\u00eancia de uma afec\u00e7\u00e3o do foro neurol\u00f3gico que o deixou totalmente parapl\u00e9gico. Aqui deixamos o &#8220;link&#8221; a um \u00e1lbum &#8211; MOMENTOS DO SIMBA &#8211; dessa \u00e9poca, em que podem ver o estado em que ele se encontrava, estado esse que n\u00e3o sab\u00edamos, ainda, se seria ou n\u00e3o irrevers\u00edvel. Chegamos mesmo a considerar a possibilidade de proporcionar ao SIMBA um auxiliar de locomo\u00e7\u00e3o, e os devidos contactos com a Dog Locomotion chegaram a ser efectuados, mas o facto \u00e9 que, com os tratamentos de fisioterapia e hidroterapia a que foi aqui submetido, sob orienta\u00e7\u00e3o veterin\u00e1ria, resultaram, e o SIMBA recuperou, por completo, a mobilidade, tendo-se tornado num c\u00e3o muito activo e brincalh\u00e3o! :-)Assim usufruiu, ainda, de v\u00e1rios anos muito felizes, na companhia de v\u00e1rios &#8220;\u00e3omigos&#8221;, e ao longo dos quais pareceu rejuvenescer. Escolhemos esta fotografia em que o SIMBA aparece todo &#8220;sorridente&#8221;, e que foi tirada durante uma tarde de correria e brincadeira&#8230; e \u00e9 assim mesmo que queremos recordar este residente maravilhoso, que conquistou todos os que aqui trabalham, e quantos nos visitavam e com ele travavam conhecimento. E temos a certeza que \u00e9 assim que a sua Madrinha, e os Amigos que sempre o acompanharam mais de perto &#8211; al\u00e9m de n\u00f3s &#8211; e o apoiaram, gostar\u00e3o de o recordar. At\u00e9 sempre, querido SIMBA&#8230; para sempre no nosso cora\u00e7\u00e3o.<\/p>\n<p style=\"text-align: right;\"><a href=\"https:\/\/parquedaterranova.pt\/portal\/?page_id=477\"><strong>VOLTAR<\/strong><\/a><\/p>\n\n\n\n","protected":false},"excerpt":{"rendered":"<p>* SIMBA * (14 de Maio de 2019) \u00c9 com profunda tristeza que comunicamos a partida do nosso querido SIMBA, ontem \u00e0 tarde, para o &#8220;C\u00e9u de C\u00e3o&#8221;. Conforme oportunamente noticiamos aqui na nossa p\u00e1gina, o SIMBA estava em recupera\u00e7\u00e3o &hellip; <a href=\"https:\/\/parquedaterranova.pt\/portal\/?page_id=994\">Continuar a ler <span class=\"meta-nav\">&rarr;<\/span><\/a><\/p>\n","protected":false},"author":1,"featured_media":0,"parent":0,"menu_order":7,"comment_status":"closed","ping_status":"closed","template":"sidebar-page.php","meta":{"footnotes":""},"class_list":["post-994","page","type-page","status-publish","hentry"],"_links":{"self":[{"href":"https:\/\/parquedaterranova.pt\/portal\/index.php?rest_route=\/wp\/v2\/pages\/994","targetHints":{"allow":["GET"]}}],"collection":[{"href":"https:\/\/parquedaterranova.pt\/portal\/index.php?rest_route=\/wp\/v2\/pages"}],"about":[{"href":"https:\/\/parquedaterranova.pt\/portal\/index.php?rest_route=\/wp\/v2\/types\/page"}],"author":[{"embeddable":true,"href":"https:\/\/parquedaterranova.pt\/portal\/index.php?rest_route=\/wp\/v2\/users\/1"}],"replies":[{"embeddable":true,"href":"https:\/\/parquedaterranova.pt\/portal\/index.php?rest_route=%2Fwp%2Fv2%2Fcomments&post=994"}],"version-history":[{"count":1,"href":"https:\/\/parquedaterranova.pt\/portal\/index.php?rest_route=\/wp\/v2\/pages\/994\/revisions"}],"predecessor-version":[{"id":995,"href":"https:\/\/parquedaterranova.pt\/portal\/index.php?rest_route=\/wp\/v2\/pages\/994\/revisions\/995"}],"wp:attachment":[{"href":"https:\/\/parquedaterranova.pt\/portal\/index.php?rest_route=%2Fwp%2Fv2%2Fmedia&parent=994"}],"curies":[{"name":"wp","href":"https:\/\/api.w.org\/{rel}","templated":true}]}}