{"id":970,"date":"2026-03-11T10:40:39","date_gmt":"2026-03-11T10:40:39","guid":{"rendered":"https:\/\/parquedaterranova.pt\/portal\/?page_id=970"},"modified":"2026-03-11T10:54:12","modified_gmt":"2026-03-11T10:54:12","slug":"lilas","status":"publish","type":"page","link":"https:\/\/parquedaterranova.pt\/portal\/?page_id=970","title":{"rendered":"Lilas"},"content":{"rendered":"<p>LILAS\u00a0~ (22 de Novembro de 2016)<\/p>\n<p style=\"text-align: justify;\"><img loading=\"lazy\" decoding=\"async\" class=\"size-medium wp-image-969 alignleft\" src=\"https:\/\/parquedaterranova.pt\/portal\/wp-content\/uploads\/2026\/03\/lilas_01-300x173.jpg\" alt=\"\" width=\"300\" height=\"173\" srcset=\"https:\/\/parquedaterranova.pt\/portal\/wp-content\/uploads\/2026\/03\/lilas_01-300x173.jpg 300w, https:\/\/parquedaterranova.pt\/portal\/wp-content\/uploads\/2026\/03\/lilas_01-768x443.jpg 768w, https:\/\/parquedaterranova.pt\/portal\/wp-content\/uploads\/2026\/03\/lilas_01-500x289.jpg 500w, https:\/\/parquedaterranova.pt\/portal\/wp-content\/uploads\/2026\/03\/lilas_01.jpg 960w\" sizes=\"auto, (max-width: 300px) 100vw, 300px\" \/>Temos uma not\u00edcia muito, muito triste para partilhar! A nossa muito querida &#8220;V\u00d3&#8221; LILAS partiu, ontem \u00e0 tarde, para o &#8220;C\u00e9u de C\u00e3o&#8221;! J\u00e1 t\u00ednhamos falado aqui, h\u00e1 dias, de um grande susto que esta nossa velhinha nos pregara, e, mais uma vez, t\u00ednhamos recordado a sua excepcional longevidade&#8230; quase 23 anos!&#8230; Talvez uma vida t\u00e3o longa, a maior parte da qual foi passada connosco, aqui, nesta que foi a sua CASA desde que a Paula a resgatou de um acampamento no ano 2000, nos tenha habituado a considerar a nossa LILAS eterna&#8230; embora, conscientemente, soub\u00e9ssemos bem que cada dia, especialmente de h\u00e1 cerca de um ano para c\u00e1, era uma vit\u00f3ria deste Ser maravilhoso contra a passagem do tempo. Talvez, mesmo ao longo desta \u00faltima semana, em que o estado f\u00edsico da nossa querida LILAS se ia degradando a olhos vistos, ainda quis\u00e9ssemos acreditar que&#8230; ainda n\u00e3o era o fim, e que ela iria ultrapassar mais este &#8220;obst\u00e1culo&#8221; no seu j\u00e1 t\u00e3o longo caminho. Mas&#8230; a nossa LILAS, t\u00e3o s\u00e1bia, t\u00e3o expressiva, transmitiu-nos, ontem, que&#8230; estava muito cansada, j\u00e1, e que era o momento de, finalmente, repousar. E assim foi &#8211; deitou a cabecinha, e adormeceu, serenamente&#8230; t\u00e3o serenamente como s\u00f3 adormece quem est\u00e1, verdadeiramente, em PAZ. A hist\u00f3ria da LILAS \u00e9 mais longa que a do Parque da Terra Nova, que, como Centro de Acolhimento, s\u00f3 nasceu, oficialmente, e de facto, dois anos depois de ela ter vindo para c\u00e1. E agora, pensando bem, talvez seja justo dizer que a LILAS foi uma das M\u00c3ES que, juntamente com outras que j\u00e1 partiram, entretanto, fizeram o Parque da Terra Nova NASCER, primeiro de um sonho, e depois de um projecto, cujo desenvolvimento e crescimento ela foi acompanhando, dia ap\u00f3s dia, e ano ap\u00f3s ano&#8230; como uma M\u00c3E acompanha, com AMOR, um FILHO que se vai tornando adulto, e, entre avan\u00e7os e recuos, dificuldades e sucessos, vai realizando os tais sonhos e os tais projectos, e concretizando a MISS\u00c3O a que se prop\u00f4s. Nem temos como agradecer \u00e0 &#8220;M\u00c3E&#8221; LILAS este enorme PRIVIL\u00c9GIO, que foi acompanhar-nos, desta forma, ao longo da nossa evolu\u00e7\u00e3o, que nos permitiu alcan\u00e7armos o objectivo de CUIDAR, com AMOR, e com o melhor dos nossos esfor\u00e7os, de tantos e tantos Seres maravilhosos, como ela, at\u00e9 ao fim das suas vidas. Talvez seja este, o LEGADO da LILAS &#8211; e talvez a \u00fanica forma de lhe expressarmos a nossa imensa GRATID\u00c3O seja&#8230; HONRANDO o seu LEGADO. Assim o faremos, pois, querida, querida &#8220;V\u00d3&#8221;, querida, querida &#8220;M\u00c3E&#8221; LILAS&#8230; e sabemos bem que a tua ALMA DE C\u00c3O continuar\u00e1 a inspirar-nos, a incentivar-nos, e a velar por n\u00f3s! &#8211; A Equipa do Parque da Terra Nova (P.T.N.)<\/p>\n<p style=\"text-align: justify;\">(Fotografia da LILAS da autoria de\u00a0Focinhos sem Dono)<\/p>\n<p style=\"text-align: right;\"><strong>\u00a0<a href=\"https:\/\/parquedaterranova.pt\/portal\/?page_id=231\">VOLTAR<\/a><\/strong><\/p>\n\n\n\n","protected":false},"excerpt":{"rendered":"<p>LILAS\u00a0~ (22 de Novembro de 2016) Temos uma not\u00edcia muito, muito triste para partilhar! A nossa muito querida &#8220;V\u00d3&#8221; LILAS partiu, ontem \u00e0 tarde, para o &#8220;C\u00e9u de C\u00e3o&#8221;! J\u00e1 t\u00ednhamos falado aqui, h\u00e1 dias, de um grande susto que &hellip; <a href=\"https:\/\/parquedaterranova.pt\/portal\/?page_id=970\">Continuar a ler <span class=\"meta-nav\">&rarr;<\/span><\/a><\/p>\n","protected":false},"author":1,"featured_media":0,"parent":0,"menu_order":8,"comment_status":"closed","ping_status":"closed","template":"sidebar-page.php","meta":{"footnotes":""},"class_list":["post-970","page","type-page","status-publish","hentry"],"_links":{"self":[{"href":"https:\/\/parquedaterranova.pt\/portal\/index.php?rest_route=\/wp\/v2\/pages\/970","targetHints":{"allow":["GET"]}}],"collection":[{"href":"https:\/\/parquedaterranova.pt\/portal\/index.php?rest_route=\/wp\/v2\/pages"}],"about":[{"href":"https:\/\/parquedaterranova.pt\/portal\/index.php?rest_route=\/wp\/v2\/types\/page"}],"author":[{"embeddable":true,"href":"https:\/\/parquedaterranova.pt\/portal\/index.php?rest_route=\/wp\/v2\/users\/1"}],"replies":[{"embeddable":true,"href":"https:\/\/parquedaterranova.pt\/portal\/index.php?rest_route=%2Fwp%2Fv2%2Fcomments&post=970"}],"version-history":[{"count":4,"href":"https:\/\/parquedaterranova.pt\/portal\/index.php?rest_route=\/wp\/v2\/pages\/970\/revisions"}],"predecessor-version":[{"id":976,"href":"https:\/\/parquedaterranova.pt\/portal\/index.php?rest_route=\/wp\/v2\/pages\/970\/revisions\/976"}],"wp:attachment":[{"href":"https:\/\/parquedaterranova.pt\/portal\/index.php?rest_route=%2Fwp%2Fv2%2Fmedia&parent=970"}],"curies":[{"name":"wp","href":"https:\/\/api.w.org\/{rel}","templated":true}]}}