{"id":963,"date":"2026-03-10T13:52:44","date_gmt":"2026-03-10T13:52:44","guid":{"rendered":"https:\/\/parquedaterranova.pt\/portal\/?page_id=963"},"modified":"2026-03-10T13:55:15","modified_gmt":"2026-03-10T13:55:15","slug":"preta-de-famalico","status":"publish","type":"page","link":"https:\/\/parquedaterranova.pt\/portal\/?page_id=963","title":{"rendered":"Preta &#8220;De Famalic\u00e3o&#8221;"},"content":{"rendered":"<p>PRETA &#8220;DE FAMALIC\u00c3O&#8221; (23 de Janeiro de 2025)<\/p>\n<p style=\"text-align: justify;\"><br \/><img loading=\"lazy\" decoding=\"async\" class=\"size-medium wp-image-959 alignright\" src=\"https:\/\/parquedaterranova.pt\/portal\/wp-content\/uploads\/2026\/03\/preta_famalicao_02-300x168.jpg\" alt=\"\" width=\"300\" height=\"168\" srcset=\"https:\/\/parquedaterranova.pt\/portal\/wp-content\/uploads\/2026\/03\/preta_famalicao_02-300x168.jpg 300w, https:\/\/parquedaterranova.pt\/portal\/wp-content\/uploads\/2026\/03\/preta_famalicao_02-768x431.jpg 768w, https:\/\/parquedaterranova.pt\/portal\/wp-content\/uploads\/2026\/03\/preta_famalicao_02-500x281.jpg 500w, https:\/\/parquedaterranova.pt\/portal\/wp-content\/uploads\/2026\/03\/preta_famalicao_02.jpg 960w\" sizes=\"auto, (max-width: 300px) 100vw, 300px\" \/><img loading=\"lazy\" decoding=\"async\" class=\"size-medium wp-image-958 alignleft\" src=\"https:\/\/parquedaterranova.pt\/portal\/wp-content\/uploads\/2026\/03\/preta_famalicao_01-151x188.jpg\" alt=\"\" width=\"151\" height=\"188\" srcset=\"https:\/\/parquedaterranova.pt\/portal\/wp-content\/uploads\/2026\/03\/preta_famalicao_01-151x188.jpg 151w, https:\/\/parquedaterranova.pt\/portal\/wp-content\/uploads\/2026\/03\/preta_famalicao_01-242x300.jpg 242w, https:\/\/parquedaterranova.pt\/portal\/wp-content\/uploads\/2026\/03\/preta_famalicao_01.jpg 629w\" sizes=\"auto, (max-width: 151px) 100vw, 151px\" \/>\u00c9\u00a0verdade, infelizmente&#8230; Foi j\u00e1 na quinta feira passada que a nossa querida velhinha, a mais velhinha de todos os nossos velhinhos, nos deixou. Com a avan\u00e7ad\u00edssima idade de 22 anos, 13 dos quais passados na nossa companhia, a nossa querida PRETA tinha desenvolvido uma massa tumoral na zona abdominal que, por raz\u00f5es \u00f3bvias &#8211; acrescidas de uma significativa insufici\u00eancia card\u00edaca &#8211; n\u00e3o p\u00f4de ser removida cirurgicamente nem abordada com terap\u00eautica oncol\u00f3gica. Durante os \u00faltimos anos, por conseguinte, a nossa velhinha recebeu os cuidados paliativos e todo o acompanhamento essencial ao seu conforto, tendo usufru\u00eddo, felizmente, de uma boa qualidade de vida at\u00e9 ao fim &#8211; que chegou sem sofrimento, em paz, no aconchego da sua caminha e rodeada de todo o carinho. Esta linda c\u00e3o-panheira chegou ao<strong> Parque da Terra Nova<\/strong> em 2012. Vinha &#8220;s\u00f3 por 10 dias&#8221;&#8230; mas os dias passaram, e as semanas, e os meses, e, por fim, os anos, sem que quem a trouxe tivesse, ao longo de todo esse tempo, manifestado qualquer preocupa\u00e7\u00e3o, ou simples interesse, ou oferecido qualquer explica\u00e7\u00e3o para o que acabou, de facto, por se traduzir num abandono total. Todos os cuidados da PRETA, incluindo a sua esteriliza\u00e7\u00e3o, foram, portanto, da\u00ed em diante, assumidos pelo P.T.N., at\u00e9 ao fim. A PRETA tornou-se, pois, uma das nossas residentes permanentes, e conquistou-nos a todos com a sua simpatia, meiguice e intelig\u00eancia. At\u00e9 sempre, querida PRETA DE FAMALIC\u00c3O&#8230; querida PRETA DO PARQUE DA TERRA NOVA, pois que esta tornou-se, e para sempre, agora, ser\u00e1, a tua casa, onde foste acarinhada, amada, e onde nunca ser\u00e1s esquecida!<\/p>\n<p style=\"text-align: right;\"><a href=\"https:\/\/parquedaterranova.pt\/portal\/?page_id=543\"><strong>VOLTAR<\/strong><\/a><\/p>\n\n\n\n","protected":false},"excerpt":{"rendered":"<p>PRETA &#8220;DE FAMALIC\u00c3O&#8221; (23 de Janeiro de 2025) \u00c9\u00a0verdade, infelizmente&#8230; Foi j\u00e1 na quinta feira passada que a nossa querida velhinha, a mais velhinha de todos os nossos velhinhos, nos deixou. Com a avan\u00e7ad\u00edssima idade de 22 anos, 13 dos &hellip; <a href=\"https:\/\/parquedaterranova.pt\/portal\/?page_id=963\">Continuar a ler <span class=\"meta-nav\">&rarr;<\/span><\/a><\/p>\n","protected":false},"author":1,"featured_media":0,"parent":0,"menu_order":7,"comment_status":"closed","ping_status":"closed","template":"sidebar-page.php","meta":{"footnotes":""},"class_list":["post-963","page","type-page","status-publish","hentry"],"_links":{"self":[{"href":"https:\/\/parquedaterranova.pt\/portal\/index.php?rest_route=\/wp\/v2\/pages\/963","targetHints":{"allow":["GET"]}}],"collection":[{"href":"https:\/\/parquedaterranova.pt\/portal\/index.php?rest_route=\/wp\/v2\/pages"}],"about":[{"href":"https:\/\/parquedaterranova.pt\/portal\/index.php?rest_route=\/wp\/v2\/types\/page"}],"author":[{"embeddable":true,"href":"https:\/\/parquedaterranova.pt\/portal\/index.php?rest_route=\/wp\/v2\/users\/1"}],"replies":[{"embeddable":true,"href":"https:\/\/parquedaterranova.pt\/portal\/index.php?rest_route=%2Fwp%2Fv2%2Fcomments&post=963"}],"version-history":[{"count":1,"href":"https:\/\/parquedaterranova.pt\/portal\/index.php?rest_route=\/wp\/v2\/pages\/963\/revisions"}],"predecessor-version":[{"id":964,"href":"https:\/\/parquedaterranova.pt\/portal\/index.php?rest_route=\/wp\/v2\/pages\/963\/revisions\/964"}],"wp:attachment":[{"href":"https:\/\/parquedaterranova.pt\/portal\/index.php?rest_route=%2Fwp%2Fv2%2Fmedia&parent=963"}],"curies":[{"name":"wp","href":"https:\/\/api.w.org\/{rel}","templated":true}]}}