{"id":939,"date":"2026-03-09T13:16:45","date_gmt":"2026-03-09T13:16:45","guid":{"rendered":"https:\/\/parquedaterranova.pt\/portal\/?page_id=939"},"modified":"2026-03-09T13:17:49","modified_gmt":"2026-03-09T13:17:49","slug":"tina","status":"publish","type":"page","link":"https:\/\/parquedaterranova.pt\/portal\/?page_id=939","title":{"rendered":"Tina"},"content":{"rendered":"<p>* TINA * (7 de Junho de 2017)<\/p>\n<p style=\"text-align: justify;\"><img loading=\"lazy\" decoding=\"async\" class=\"size-medium wp-image-937 alignleft\" src=\"https:\/\/parquedaterranova.pt\/portal\/wp-content\/uploads\/2026\/03\/tina_01-125x188.png\" alt=\"\" width=\"125\" height=\"188\" srcset=\"https:\/\/parquedaterranova.pt\/portal\/wp-content\/uploads\/2026\/03\/tina_01-125x188.png 125w, https:\/\/parquedaterranova.pt\/portal\/wp-content\/uploads\/2026\/03\/tina_01-577x867.png 577w, https:\/\/parquedaterranova.pt\/portal\/wp-content\/uploads\/2026\/03\/tina_01-200x300.png 200w, https:\/\/parquedaterranova.pt\/portal\/wp-content\/uploads\/2026\/03\/tina_01.png 600w\" sizes=\"auto, (max-width: 125px) 100vw, 125px\" \/>A nossa TINA partiu ontem \u00e0 tarde para o &#8220;C\u00e9u de C\u00e3o&#8221;. N\u00e3o, n\u00e3o estava doente, nem nos deu qualquer aviso de que a sua partida estava iminente, pois ainda nos dia anteriores e ao longo da maior parte do dia de ontem se tinha comportado de forma absolutamente normal. O que aconteceu, foi que o cora\u00e7\u00e3o da TINA deixou de bater, e esta lind\u00edssima residente de tantos anos deitou-se, numa das suas sombras preferidas, e &#8220;adormeceu&#8221;, serenamente, sem vislumbre de sofrimento, quase \u00e0 hora em que habitualmente os &#8220;c\u00e3opanheiros&#8221; recolhem \u00e0s suas instala\u00e7\u00f5es, para passarem a noite. A TINA era j\u00e1 muito, muito velhinha, estava surda, e a perder, tamb\u00e9m a vis\u00e3o. Foi entregue aos nossos cuidados em 2006, pelo que usufru\u00edmos da sua companhia ao longo de mais de 10 anos. Durante uma boa parte desse tempo que passou connosco, a TINA teve o privil\u00e9gio de ser apoiada por um C\u00e3opadrinho maravilhoso e dedicad\u00edssimo, como, e ousamos diz\u00ea-lo, h\u00e1 muito poucos, e a quem, pela sua generosidade, pelo seu carinho, e pela amizade com que desde o primeiro momento nos brindou, n\u00e3o podemos nem queremos deixar de agradecer. Aqui fica, pois, o nosso sentido agradecimento ao Jorge Manuel Gon\u00e7alves, por ter contribu\u00eddo, em grande medida, para que a TINA tivesse usufru\u00eddo de um elevado n\u00edvel de qualidade de vida, aqui no P.T.N. Ela teve uma vida longa, e n\u00e3o temos d\u00favidas de que foi FELIZ, nesta sua casa. Foi uma honra cuidar de ti, querida e meiga TINA &#8211; e jamais te esqueceremos, pois, para sempre, permanecer\u00e1s connosco, na &#8220;Alma de C\u00e3o&#8221; deste lugar!\u00a0 &#8211; A Equipa do P.T.N.<\/p>\n<p style=\"text-align: right;\"><a href=\"https:\/\/parquedaterranova.pt\/portal\/?page_id=254\"><strong>VOLTAR<\/strong><\/a><\/p>\n\n","protected":false},"excerpt":{"rendered":"<p>* TINA * (7 de Junho de 2017) A nossa TINA partiu ontem \u00e0 tarde para o &#8220;C\u00e9u de C\u00e3o&#8221;. N\u00e3o, n\u00e3o estava doente, nem nos deu qualquer aviso de que a sua partida estava iminente, pois ainda nos dia &hellip; <a href=\"https:\/\/parquedaterranova.pt\/portal\/?page_id=939\">Continuar a ler <span class=\"meta-nav\">&rarr;<\/span><\/a><\/p>\n","protected":false},"author":1,"featured_media":0,"parent":0,"menu_order":7,"comment_status":"closed","ping_status":"closed","template":"sidebar-page.php","meta":{"footnotes":""},"class_list":["post-939","page","type-page","status-publish","hentry"],"_links":{"self":[{"href":"https:\/\/parquedaterranova.pt\/portal\/index.php?rest_route=\/wp\/v2\/pages\/939","targetHints":{"allow":["GET"]}}],"collection":[{"href":"https:\/\/parquedaterranova.pt\/portal\/index.php?rest_route=\/wp\/v2\/pages"}],"about":[{"href":"https:\/\/parquedaterranova.pt\/portal\/index.php?rest_route=\/wp\/v2\/types\/page"}],"author":[{"embeddable":true,"href":"https:\/\/parquedaterranova.pt\/portal\/index.php?rest_route=\/wp\/v2\/users\/1"}],"replies":[{"embeddable":true,"href":"https:\/\/parquedaterranova.pt\/portal\/index.php?rest_route=%2Fwp%2Fv2%2Fcomments&post=939"}],"version-history":[{"count":1,"href":"https:\/\/parquedaterranova.pt\/portal\/index.php?rest_route=\/wp\/v2\/pages\/939\/revisions"}],"predecessor-version":[{"id":940,"href":"https:\/\/parquedaterranova.pt\/portal\/index.php?rest_route=\/wp\/v2\/pages\/939\/revisions\/940"}],"wp:attachment":[{"href":"https:\/\/parquedaterranova.pt\/portal\/index.php?rest_route=%2Fwp%2Fv2%2Fmedia&parent=939"}],"curies":[{"name":"wp","href":"https:\/\/api.w.org\/{rel}","templated":true}]}}