{"id":921,"date":"2026-03-06T13:19:26","date_gmt":"2026-03-06T13:19:26","guid":{"rendered":"https:\/\/parquedaterranova.pt\/portal\/?page_id=921"},"modified":"2026-03-06T13:21:20","modified_gmt":"2026-03-06T13:21:20","slug":"rubito-rubinete","status":"publish","type":"page","link":"https:\/\/parquedaterranova.pt\/portal\/?page_id=921","title":{"rendered":"Rubito &#8220;Rubinete&#8221;"},"content":{"rendered":"<p>* RUBITO &#8220;RUBINETE&#8221; *\u00a0 (13 de Mar\u00e7o de 2018)<\/p>\n<p style=\"text-align: justify;\"><br \/><img loading=\"lazy\" decoding=\"async\" class=\"size-medium wp-image-920 alignright\" src=\"https:\/\/parquedaterranova.pt\/portal\/wp-content\/uploads\/2026\/03\/rubito_02-188x188.jpg\" alt=\"\" width=\"188\" height=\"188\" srcset=\"https:\/\/parquedaterranova.pt\/portal\/wp-content\/uploads\/2026\/03\/rubito_02-188x188.jpg 188w, https:\/\/parquedaterranova.pt\/portal\/wp-content\/uploads\/2026\/03\/rubito_02-300x300.jpg 300w, https:\/\/parquedaterranova.pt\/portal\/wp-content\/uploads\/2026\/03\/rubito_02.jpg 478w\" sizes=\"auto, (max-width: 188px) 100vw, 188px\" \/><img loading=\"lazy\" decoding=\"async\" class=\"size-medium wp-image-919 alignleft\" src=\"https:\/\/parquedaterranova.pt\/portal\/wp-content\/uploads\/2026\/03\/rubito_01-188x188.jpg\" alt=\"\" width=\"188\" height=\"188\" srcset=\"https:\/\/parquedaterranova.pt\/portal\/wp-content\/uploads\/2026\/03\/rubito_01-188x188.jpg 188w, https:\/\/parquedaterranova.pt\/portal\/wp-content\/uploads\/2026\/03\/rubito_01-300x300.jpg 300w, https:\/\/parquedaterranova.pt\/portal\/wp-content\/uploads\/2026\/03\/rubito_01.jpg 340w\" sizes=\"auto, (max-width: 188px) 100vw, 188px\" \/>Sabemos que as suas vidas s\u00e3o curtas, demasiado curtas&#8230; mas sabemos que gostar\u00edamos que eles fossem eternos&#8230; que nunca nos deixassem&#8230; que nunca partissem fisicamente da nossa companhia. Por muito que tamb\u00e9m saibamos que n\u00e3o partem, nunca, do nosso cora\u00e7\u00e3o, da nossa mem\u00f3ria, do AMOR que se tornou um s\u00f3&#8230; o nosso por eles e o deles por n\u00f3s. N\u00e3o \u00e9 a mesma coisa&#8230; n\u00e3o, n\u00e3o \u00e9. RUBITO &#8220;RUBINETE&#8221;, querido refil\u00e3o, querido roedor,\u00a0querido asneirento, atrevidola&#8230; os ecos dos raspanetes que passavas aos teus &#8220;c\u00e3opanheiros&#8221;, dos &#8220;rebol\u00f5es&#8221; com o teu querido e insepar\u00e1vel ANGEL\u00c3O, dos teus alertas de chegadas de carros, de visitas, das tuas manifesta\u00e7\u00f5es de alegria quando chegavam os teus amores humanos&#8230; esses ecos v\u00e3o permanecer, aqui, no ar do Parque da Terra Nova, por muito, muito tempo&#8230; e no ar que respiramos. E tu, querido baixinho, maravilhoso &#8220;RUBINETE&#8221;, vais renascer, nesta e em todas as Primaveras, neste jardim de que tanto gostavas e que percorrias em grandes acelera\u00e7\u00f5es&#8230; na bela planta que nos permitir\u00e1 &#8220;rever&#8221; o privil\u00e9gio da tua passagem pelas nossas vidas. O nosso enorme OBRIGAD\u00c3O-\u00c3O-\u00c3O, pequenote querido, por nos teres permitido cuidar de ti e pela d\u00e1diva do teu AMOR!\u00a0 &#8211; A Equipa do P.T.N. e Rodinhas &amp; C\u00e3opanhia &#8211; Uma P\u00e1gina Especial do Parque da Terra Nova\u00a0<\/p>\n<p style=\"text-align: right;\"><a href=\"https:\/\/parquedaterranova.pt\/portal\/?page_id=287\"><strong>VOLTAR<\/strong><\/a><\/p>\n\n","protected":false},"excerpt":{"rendered":"<p>* RUBITO &#8220;RUBINETE&#8221; *\u00a0 (13 de Mar\u00e7o de 2018) Sabemos que as suas vidas s\u00e3o curtas, demasiado curtas&#8230; mas sabemos que gostar\u00edamos que eles fossem eternos&#8230; que nunca nos deixassem&#8230; que nunca partissem fisicamente da nossa companhia. Por muito que &hellip; <a href=\"https:\/\/parquedaterranova.pt\/portal\/?page_id=921\">Continuar a ler <span class=\"meta-nav\">&rarr;<\/span><\/a><\/p>\n","protected":false},"author":1,"featured_media":0,"parent":0,"menu_order":7,"comment_status":"closed","ping_status":"closed","template":"sidebar-page.php","meta":{"footnotes":""},"class_list":["post-921","page","type-page","status-publish","hentry"],"_links":{"self":[{"href":"https:\/\/parquedaterranova.pt\/portal\/index.php?rest_route=\/wp\/v2\/pages\/921","targetHints":{"allow":["GET"]}}],"collection":[{"href":"https:\/\/parquedaterranova.pt\/portal\/index.php?rest_route=\/wp\/v2\/pages"}],"about":[{"href":"https:\/\/parquedaterranova.pt\/portal\/index.php?rest_route=\/wp\/v2\/types\/page"}],"author":[{"embeddable":true,"href":"https:\/\/parquedaterranova.pt\/portal\/index.php?rest_route=\/wp\/v2\/users\/1"}],"replies":[{"embeddable":true,"href":"https:\/\/parquedaterranova.pt\/portal\/index.php?rest_route=%2Fwp%2Fv2%2Fcomments&post=921"}],"version-history":[{"count":1,"href":"https:\/\/parquedaterranova.pt\/portal\/index.php?rest_route=\/wp\/v2\/pages\/921\/revisions"}],"predecessor-version":[{"id":922,"href":"https:\/\/parquedaterranova.pt\/portal\/index.php?rest_route=\/wp\/v2\/pages\/921\/revisions\/922"}],"wp:attachment":[{"href":"https:\/\/parquedaterranova.pt\/portal\/index.php?rest_route=%2Fwp%2Fv2%2Fmedia&parent=921"}],"curies":[{"name":"wp","href":"https:\/\/api.w.org\/{rel}","templated":true}]}}