{"id":908,"date":"2026-03-06T11:36:04","date_gmt":"2026-03-06T11:36:04","guid":{"rendered":"https:\/\/parquedaterranova.pt\/portal\/?page_id=908"},"modified":"2026-03-06T11:39:10","modified_gmt":"2026-03-06T11:39:10","slug":"ppa","status":"publish","type":"page","link":"https:\/\/parquedaterranova.pt\/portal\/?page_id=908","title":{"rendered":"P\u00eapa"},"content":{"rendered":"<p style=\"text-align: justify;\">P\u00caPA (17 de Maio de 2017)<\/p>\n<p style=\"text-align: justify;\">A nossa P\u00caPA partiu ontem \u00e0 tarde para o C\u00e9u de C\u00e3o, com a idade aproximada de 11 anos. Curiosamente, precisamente em 17 de Maio do ano passado, t\u00ednhamos publicado, para reflex\u00e3o, a hist\u00f3ria da P\u00caPA&#8230; e, se a lerem, compreender\u00e3o porque \u00e9 que n\u00e3o \u00e9 preciso dizer mais nada. At\u00e9 sempre e para sempre no nosso\u00a0cora\u00e7\u00e3o, e aqui, no \u00fanico lar que verdadeiramente conheceste e onde foste muito amada, querida P\u00caPA!\u00a0<\/p>\n<p style=\"text-align: justify;\"><img loading=\"lazy\" decoding=\"async\" class=\"size-medium wp-image-907 alignleft\" src=\"https:\/\/parquedaterranova.pt\/portal\/wp-content\/uploads\/2026\/03\/pepa_01-283x188.png\" alt=\"\" width=\"283\" height=\"188\" srcset=\"https:\/\/parquedaterranova.pt\/portal\/wp-content\/uploads\/2026\/03\/pepa_01-283x188.png 283w, https:\/\/parquedaterranova.pt\/portal\/wp-content\/uploads\/2026\/03\/pepa_01-451x300.png 451w, https:\/\/parquedaterranova.pt\/portal\/wp-content\/uploads\/2026\/03\/pepa_01.png 600w\" sizes=\"auto, (max-width: 283px) 100vw, 283px\" \/><br \/>&#8230; Como \u00e9 que uma cadela t\u00e3o grande pode tornar-se invis\u00edvel? Como \u00e9 que uma cadela t\u00e3o grande, e com este ar de &#8220;lobinha&#8221;, pode ser esquecida durante 10 anos, no mesmo local onde pediram que fosse acolhida apenas temporariamente? Como \u00e9 que nunca mais se quer saber se est\u00e1 bem, se precisa de alguma coisa, se&#8230; est\u00e1 viva? N\u00e3o temos resposta&#8230; ou antes, a nossa resposta, \u00e9 a P\u00caPA. J\u00e1 est\u00e1 velhota, esta grande &#8220;lobinha&#8221;, que j\u00e1 era adulta quando veio para c\u00e1, em 2006&#8230; h\u00e1 10 anos. Nunca mais vieram busc\u00e1-la. Tornou-se invis\u00edvel, aos olhos de quem a trouxe, mas n\u00f3s continuamos a v\u00ea-la, todos os dias. Foi esquecida por quem a trouxe, mas n\u00f3s cuidamos dela todos os dias. N\u00e3o tem Protectores. Quem a protege e se preocupa com ela todos os dias, somos n\u00f3s, e s\u00f3 n\u00f3s. H\u00e1 10 anos&#8230; e enquanto a P\u00caPA precisar. Talvez, nesta resumida hist\u00f3ria da P\u00caPA, esteja a resposta, tamb\u00e9m, a essa quest\u00e3o, t\u00e3o intrigante&#8230; como \u00e9 que h\u00e1 mais de 80 s\u00e9niores, entre os cerca de 140 residentes permanentes ao cuidado do <a href=\"https:\/\/www.facebook.com\/parquedaterranova\/?fref=mentions\">Parque da Terra Nova<\/a>?!&#8230; A P\u00caPA acha que j\u00e1 entenderam&#8230; ser\u00e1?&#8230;\u00a0\u201c<\/p>\n<p style=\"text-align: right;\"><a href=\"https:\/\/parquedaterranova.pt\/portal\/?page_id=254\"><strong>VOLTAR<\/strong><\/a><\/p>\n\n","protected":false},"excerpt":{"rendered":"<p>P\u00caPA (17 de Maio de 2017) A nossa P\u00caPA partiu ontem \u00e0 tarde para o C\u00e9u de C\u00e3o, com a idade aproximada de 11 anos. Curiosamente, precisamente em 17 de Maio do ano passado, t\u00ednhamos publicado, para reflex\u00e3o, a hist\u00f3ria &hellip; <a href=\"https:\/\/parquedaterranova.pt\/portal\/?page_id=908\">Continuar a ler <span class=\"meta-nav\">&rarr;<\/span><\/a><\/p>\n","protected":false},"author":1,"featured_media":0,"parent":0,"menu_order":7,"comment_status":"closed","ping_status":"closed","template":"sidebar-page.php","meta":{"footnotes":""},"class_list":["post-908","page","type-page","status-publish","hentry"],"_links":{"self":[{"href":"https:\/\/parquedaterranova.pt\/portal\/index.php?rest_route=\/wp\/v2\/pages\/908","targetHints":{"allow":["GET"]}}],"collection":[{"href":"https:\/\/parquedaterranova.pt\/portal\/index.php?rest_route=\/wp\/v2\/pages"}],"about":[{"href":"https:\/\/parquedaterranova.pt\/portal\/index.php?rest_route=\/wp\/v2\/types\/page"}],"author":[{"embeddable":true,"href":"https:\/\/parquedaterranova.pt\/portal\/index.php?rest_route=\/wp\/v2\/users\/1"}],"replies":[{"embeddable":true,"href":"https:\/\/parquedaterranova.pt\/portal\/index.php?rest_route=%2Fwp%2Fv2%2Fcomments&post=908"}],"version-history":[{"count":1,"href":"https:\/\/parquedaterranova.pt\/portal\/index.php?rest_route=\/wp\/v2\/pages\/908\/revisions"}],"predecessor-version":[{"id":909,"href":"https:\/\/parquedaterranova.pt\/portal\/index.php?rest_route=\/wp\/v2\/pages\/908\/revisions\/909"}],"wp:attachment":[{"href":"https:\/\/parquedaterranova.pt\/portal\/index.php?rest_route=%2Fwp%2Fv2%2Fmedia&parent=908"}],"curies":[{"name":"wp","href":"https:\/\/api.w.org\/{rel}","templated":true}]}}