{"id":886,"date":"2026-03-04T22:41:30","date_gmt":"2026-03-04T22:41:30","guid":{"rendered":"https:\/\/parquedaterranova.pt\/portal\/?page_id=886"},"modified":"2026-03-04T22:45:50","modified_gmt":"2026-03-04T22:45:50","slug":"milo-2","status":"publish","type":"page","link":"https:\/\/parquedaterranova.pt\/portal\/?page_id=886","title":{"rendered":"Milo"},"content":{"rendered":"<p>MILO (28 de Fevereiro de 2026)<\/p>\n<p style=\"text-align: justify;\"><img loading=\"lazy\" decoding=\"async\" class=\"alignnone size-medium wp-image-884 alignleft\" src=\"https:\/\/parquedaterranova.pt\/portal\/wp-content\/uploads\/2026\/03\/milo_01-131x188.jpg\" alt=\"\" width=\"131\" height=\"188\" srcset=\"https:\/\/parquedaterranova.pt\/portal\/wp-content\/uploads\/2026\/03\/milo_01-131x188.jpg 131w, https:\/\/parquedaterranova.pt\/portal\/wp-content\/uploads\/2026\/03\/milo_01-209x300.jpg 209w, https:\/\/parquedaterranova.pt\/portal\/wp-content\/uploads\/2026\/03\/milo_01.jpg 501w\" sizes=\"auto, (max-width: 131px) 100vw, 131px\" \/>\u00c9 com profunda tristeza que participamos a partida do nosso querido e lind\u00edssimo MILO para o &#8220;C\u00e9u de C\u00e3o&#8221; ontem, de madrugada, na sequ\u00eancia de uma fal\u00eancia card\u00edaca irrevers\u00edvel. O MILO tinha cerca de 13 anos, e sofria, desde h\u00e1 alguns anos, de uma grave insufici\u00eancia card\u00edaca, estando a receber os cuidados e medica\u00e7\u00e3o adequados, sob regular orienta\u00e7\u00e3o veterin\u00e1ria. Ainda na semana passada tinha sido observado na Cl\u00ednica, tendo a medica\u00e7\u00e3o sido ent\u00e3o ajustada. Anteontem, por\u00e9m, ao fim da tarde, demonstrava falta de apetite e fadiga, e foi transferido para a &#8220;Casa do Sr. Jos\u00e9&#8221;, aqui no Parque da Terra Nova, para poder ficar sob vigil\u00e2ncia durante a noite, e ser conduzido logo de manh\u00e3 \u00e0 Cl\u00ednica, caso os sintomas persistissem. No entanto, por volta das 3h00 da madrugada de ontem, o Sr. Jos\u00e9 acorreu a um chamado do SR. RIBEIRO (o nosso velhote que tamb\u00e9m est\u00e1 alojado no mesmo espa\u00e7o) mas, de facto, era o MILO que precisava dele&#8230; espregui\u00e7ou-se, suspirou, e partiu, muito serenamente, para o &#8220;C\u00e9u de C\u00e3o&#8221;, sob as car\u00edcias do Sr. Jos\u00e9. Era como se o SR. RIBEIRO tivesse compreendido que o seu c\u00e3o-panheiro queria despedir-se&#8230; e assim aconteceu, partiu tranquilo, acompanhado e acarinhado. O MILO estava connosco desde o Ver\u00e3o de 2015, tendo sido recolhido na via p\u00fablica em muito mau estado. Era um c\u00e3o-panheiro lind\u00edssimo, e, antes da sua doen\u00e7a card\u00edaca, extremamente activo e en\u00e9rgico, com um latido agudo muito caracter\u00edstico. N\u00e3o podemos deixar de expressar, \u00e0 dedicada C\u00e3o-madrinha do MILO, a nossa mais profunda gratid\u00e3o por todo o apoio e carinho que lhe dispensou ao longo de tantos anos, e, num sentido abra\u00e7o, unimo-nos \u00e0 sua tristeza, t\u00e3o grande como a nossa. Por outro lado, no entanto, acreditamos que, tal como n\u00f3s, a nossa C\u00e3o-madre guardar\u00e1 para sempre, no seu cora\u00e7\u00e3o, a mem\u00f3ria bem viva do nosso querido MILO!<\/p>\n<p style=\"text-align: right;\"><a href=\"https:\/\/parquedaterranova.pt\/portal\/?page_id=548\"><strong>VOLTAR<\/strong><\/a><\/p>\n\n\n\n","protected":false},"excerpt":{"rendered":"<p>MILO (28 de Fevereiro de 2026) \u00c9 com profunda tristeza que participamos a partida do nosso querido e lind\u00edssimo MILO para o &#8220;C\u00e9u de C\u00e3o&#8221; ontem, de madrugada, na sequ\u00eancia de uma fal\u00eancia card\u00edaca irrevers\u00edvel. O MILO tinha cerca de &hellip; <a href=\"https:\/\/parquedaterranova.pt\/portal\/?page_id=886\">Continuar a ler <span class=\"meta-nav\">&rarr;<\/span><\/a><\/p>\n","protected":false},"author":1,"featured_media":0,"parent":0,"menu_order":7,"comment_status":"closed","ping_status":"closed","template":"sidebar-page.php","meta":{"footnotes":""},"class_list":["post-886","page","type-page","status-publish","hentry"],"_links":{"self":[{"href":"https:\/\/parquedaterranova.pt\/portal\/index.php?rest_route=\/wp\/v2\/pages\/886","targetHints":{"allow":["GET"]}}],"collection":[{"href":"https:\/\/parquedaterranova.pt\/portal\/index.php?rest_route=\/wp\/v2\/pages"}],"about":[{"href":"https:\/\/parquedaterranova.pt\/portal\/index.php?rest_route=\/wp\/v2\/types\/page"}],"author":[{"embeddable":true,"href":"https:\/\/parquedaterranova.pt\/portal\/index.php?rest_route=\/wp\/v2\/users\/1"}],"replies":[{"embeddable":true,"href":"https:\/\/parquedaterranova.pt\/portal\/index.php?rest_route=%2Fwp%2Fv2%2Fcomments&post=886"}],"version-history":[{"count":1,"href":"https:\/\/parquedaterranova.pt\/portal\/index.php?rest_route=\/wp\/v2\/pages\/886\/revisions"}],"predecessor-version":[{"id":887,"href":"https:\/\/parquedaterranova.pt\/portal\/index.php?rest_route=\/wp\/v2\/pages\/886\/revisions\/887"}],"wp:attachment":[{"href":"https:\/\/parquedaterranova.pt\/portal\/index.php?rest_route=%2Fwp%2Fv2%2Fmedia&parent=886"}],"curies":[{"name":"wp","href":"https:\/\/api.w.org\/{rel}","templated":true}]}}