{"id":858,"date":"2026-03-02T13:51:45","date_gmt":"2026-03-02T13:51:45","guid":{"rendered":"https:\/\/parquedaterranova.pt\/portal\/?page_id=858"},"modified":"2026-03-02T13:53:01","modified_gmt":"2026-03-02T13:53:01","slug":"rosita-pandeireta","status":"publish","type":"page","link":"https:\/\/parquedaterranova.pt\/portal\/?page_id=858","title":{"rendered":"Rosita Pandeireta"},"content":{"rendered":"<p>ROSITA PANDEIRETA (07 de Novembro de 2024)<\/p>\n<p style=\"text-align: justify;\"><img loading=\"lazy\" decoding=\"async\" class=\"size-medium wp-image-857 alignleft\" src=\"https:\/\/parquedaterranova.pt\/portal\/wp-content\/uploads\/2026\/03\/rosita_pandeireta_01-110x188.jpg\" alt=\"\" width=\"110\" height=\"188\" srcset=\"https:\/\/parquedaterranova.pt\/portal\/wp-content\/uploads\/2026\/03\/rosita_pandeireta_01-110x188.jpg 110w, https:\/\/parquedaterranova.pt\/portal\/wp-content\/uploads\/2026\/03\/rosita_pandeireta_01-508x867.jpg 508w, https:\/\/parquedaterranova.pt\/portal\/wp-content\/uploads\/2026\/03\/rosita_pandeireta_01-176x300.jpg 176w, https:\/\/parquedaterranova.pt\/portal\/wp-content\/uploads\/2026\/03\/rosita_pandeireta_01.jpg 526w\" sizes=\"auto, (max-width: 110px) 100vw, 110px\" \/>N\u00e3o era com uma not\u00edcia triste como esta que quer\u00edamos come\u00e7ar um dia t\u00e3o bonito e cheio de sol&#8230; mas, infelizmente, \u00e9 verdade&#8230; na passada quinta feira, \u00e0 noitinha, a nossa querida ROSITA PANDEIRETA chegou ao fim do seu j\u00e1 longo caminho neste plano, e partiu para o &#8220;C\u00e9u de C\u00e3o&#8221;. A causa foi, simplesmente, a sua idade j\u00e1 bastante avan\u00e7ada (16 anos) com a consequente fragilidade, o cora\u00e7\u00e3ozinho cada vez mais d\u00e9bil, pouco apetite, e&#8230; cansa\u00e7o, um grande cansa\u00e7o. A Veterin\u00e1ria que veio observ\u00e1-la disse-nos aquilo que, no fundo, e com grande tristeza, j\u00e1 esper\u00e1vamos, isto \u00e9, que a nossa velhinha estava no fim. E, poucas horas depois, esse fim chegou, serenamente, na sua caminha, muito confort\u00e1vel, e rodeada de todo o nosso carinho. A ROSITA PANDEIRETA foi v\u00edtima do crime de abandono, tendo sido lan\u00e7ada por cima de um muro para dentro das nossas instala\u00e7\u00f5es em Agosto de 2015. Era uma cadelinha muito magrinha, com uma h\u00e9rnia abdominal, e com sinais de ter estado a amamentar recentemente. Foi-lhe tamb\u00e9m detectada uma piometrite grave, que lhe teria custado a vida em pouco tempo, se n\u00e3o fosse operada como foi. Felizmente, recuperou por completo, e ainda viveu mais nove anos, feliz (apesar de, entretanto, ter cegado) cheia de energia, extremamente meiga e brincalhona, muito soci\u00e1vel com os outros c\u00e3opanheiros e muito mimalha connosco. Foi um prazer cuidar de ti, querida e amorosa ROSITA, e nunca, nunca deixar\u00e1s de estar presente na nossa mem\u00f3ria e no cora\u00e7\u00e3o de todos n\u00f3s, aqui no P.T.N.!<\/p>\n<p style=\"text-align: right;\"><a href=\"https:\/\/parquedaterranova.pt\/portal\/?page_id=535\"><strong>VOLTAR<\/strong><\/a><\/p>\n\n\n\n","protected":false},"excerpt":{"rendered":"<p>ROSITA PANDEIRETA (07 de Novembro de 2024) N\u00e3o era com uma not\u00edcia triste como esta que quer\u00edamos come\u00e7ar um dia t\u00e3o bonito e cheio de sol&#8230; mas, infelizmente, \u00e9 verdade&#8230; na passada quinta feira, \u00e0 noitinha, a nossa querida ROSITA &hellip; <a href=\"https:\/\/parquedaterranova.pt\/portal\/?page_id=858\">Continuar a ler <span class=\"meta-nav\">&rarr;<\/span><\/a><\/p>\n","protected":false},"author":1,"featured_media":0,"parent":0,"menu_order":7,"comment_status":"closed","ping_status":"closed","template":"sidebar-page.php","meta":{"footnotes":""},"class_list":["post-858","page","type-page","status-publish","hentry"],"_links":{"self":[{"href":"https:\/\/parquedaterranova.pt\/portal\/index.php?rest_route=\/wp\/v2\/pages\/858","targetHints":{"allow":["GET"]}}],"collection":[{"href":"https:\/\/parquedaterranova.pt\/portal\/index.php?rest_route=\/wp\/v2\/pages"}],"about":[{"href":"https:\/\/parquedaterranova.pt\/portal\/index.php?rest_route=\/wp\/v2\/types\/page"}],"author":[{"embeddable":true,"href":"https:\/\/parquedaterranova.pt\/portal\/index.php?rest_route=\/wp\/v2\/users\/1"}],"replies":[{"embeddable":true,"href":"https:\/\/parquedaterranova.pt\/portal\/index.php?rest_route=%2Fwp%2Fv2%2Fcomments&post=858"}],"version-history":[{"count":1,"href":"https:\/\/parquedaterranova.pt\/portal\/index.php?rest_route=\/wp\/v2\/pages\/858\/revisions"}],"predecessor-version":[{"id":859,"href":"https:\/\/parquedaterranova.pt\/portal\/index.php?rest_route=\/wp\/v2\/pages\/858\/revisions\/859"}],"wp:attachment":[{"href":"https:\/\/parquedaterranova.pt\/portal\/index.php?rest_route=%2Fwp%2Fv2%2Fmedia&parent=858"}],"curies":[{"name":"wp","href":"https:\/\/api.w.org\/{rel}","templated":true}]}}