{"id":843,"date":"2026-02-24T10:29:39","date_gmt":"2026-02-24T10:29:39","guid":{"rendered":"https:\/\/parquedaterranova.pt\/portal\/?page_id=843"},"modified":"2026-02-24T10:31:37","modified_gmt":"2026-02-24T10:31:37","slug":"rommy","status":"publish","type":"page","link":"https:\/\/parquedaterranova.pt\/portal\/?page_id=843","title":{"rendered":"Rommy"},"content":{"rendered":"<p>* ROMMY * (25 de Novembro de 2022)<\/p>\n<p style=\"text-align: justify;\"><img loading=\"lazy\" decoding=\"async\" class=\"size-medium wp-image-842 alignleft\" src=\"https:\/\/parquedaterranova.pt\/portal\/wp-content\/uploads\/2026\/02\/rommy_01-282x188.jpg\" alt=\"\" width=\"282\" height=\"188\" srcset=\"https:\/\/parquedaterranova.pt\/portal\/wp-content\/uploads\/2026\/02\/rommy_01-282x188.jpg 282w, https:\/\/parquedaterranova.pt\/portal\/wp-content\/uploads\/2026\/02\/rommy_01-450x300.jpg 450w, https:\/\/parquedaterranova.pt\/portal\/wp-content\/uploads\/2026\/02\/rommy_01.jpg 720w\" sizes=\"auto, (max-width: 282px) 100vw, 282px\" \/>Sim, foi j\u00e1 na passada sexta feira que a nossa querida velhinha ROMMY partiu, serenamente, durante o seu repouso matinal, para o &#8220;C\u00e9u de C\u00e3o&#8221;, mas por qualquer motivo que desconhecemos, o editor de p\u00e1ginas do FB n\u00e3o publicou esta not\u00edcia no nosso \u00e1lbum, embora a tenha carregado normalmente. N\u00e3o quer\u00edamos, por\u00e9m, deixar de prestar esta homenagem \u00e0 nossa linda amiguinha, que tantos anos esteve connosco. A ROMMY era uma linda cadelinha cruzada de Cocker Spaniel, que tinha 15 anos de idade, e estava cega, incontinente, e com um sopro card\u00edaco, estando, ali\u00e1s, a ser medicada, j\u00e1 h\u00e1 bastante tempo, para os dois \u00faltimos problemas. \u00daltimamente, a nossa velhinha apresentava j\u00e1, tamb\u00e9m, algumas dificuldades de locomo\u00e7\u00e3o, bem como per\u00edodos de inapet\u00eancia e letargia. Na manh\u00e3 de sexta feira passada, o Sr. Jos\u00e9 deu-lhe a primeira refei\u00e7\u00e3o do dia, que ela apenas debicou, e, como habitualmente, levou-a ao p\u00e1tio, para fazer as suas necessidades. Depois, aproveitando o bom tempo que se fazia sentir, instalou-a numa caminha, no exterior, e cobriu-a com uma mantinha, enquanto ia recolher as tigelas dos outros habitantes daquele espa\u00e7o e preparar as medica\u00e7\u00f5es, e, passados alguns momentos, quando voltou ao p\u00e1tio para administrar \u00e0 ROMMY a sua pr\u00f3pria medica\u00e7\u00e3o matinal&#8230; ela tinha partido, muito aconchegada na sua caminha, o mais pacificamente que \u00e9 poss\u00edvel desejar-se, quando n\u00e3o podemos deixar de aceitar a inevitabilidade destes desfechos. De facto, a partida da nossa ROMMY n\u00e3o foi propriamente inesperada, pois a cada dia a not\u00e1vamos mais debilitada, mas, e embora, naturalmente, muito tristes, n\u00e3o podemos deixar de nos sentir gratos, por uma partida t\u00e3o serena e pac\u00edfica, sem qualquer sofrimento. A ROMMY era uma c\u00e3opanheira muito meiga, mas o seu grande amor era, sem margem para d\u00favidas, o Sr. Jos\u00e9, que lhe retribu\u00eda inteiramente o carinho, e chegava a regressar a casa mais cedo do que o previsto, sempre que tinha de se ausentar, porque sabia que a ROMMY ficava, ansiosamente, \u00e0 sua espera, sentada ao port\u00e3o ou \u00e0 porta da casa que partilhavam. Tal como o Sr. Jos\u00e9, sentiremos muito a falta da nossa fofinha querida, que nunca esqueceremos. Para sempre, a ROMMY permanecer\u00e1 nos nossos cora\u00e7\u00f5es!<\/p>\n<p style=\"text-align: right;\"><a href=\"https:\/\/parquedaterranova.pt\/portal\/?page_id=406\"><strong>VOLTAR<\/strong><\/a><\/p>\n\n","protected":false},"excerpt":{"rendered":"<p>* ROMMY * (25 de Novembro de 2022) Sim, foi j\u00e1 na passada sexta feira que a nossa querida velhinha ROMMY partiu, serenamente, durante o seu repouso matinal, para o &#8220;C\u00e9u de C\u00e3o&#8221;, mas por qualquer motivo que desconhecemos, o &hellip; <a href=\"https:\/\/parquedaterranova.pt\/portal\/?page_id=843\">Continuar a ler <span class=\"meta-nav\">&rarr;<\/span><\/a><\/p>\n","protected":false},"author":1,"featured_media":0,"parent":0,"menu_order":7,"comment_status":"closed","ping_status":"closed","template":"sidebar-page.php","meta":{"footnotes":""},"class_list":["post-843","page","type-page","status-publish","hentry"],"_links":{"self":[{"href":"https:\/\/parquedaterranova.pt\/portal\/index.php?rest_route=\/wp\/v2\/pages\/843","targetHints":{"allow":["GET"]}}],"collection":[{"href":"https:\/\/parquedaterranova.pt\/portal\/index.php?rest_route=\/wp\/v2\/pages"}],"about":[{"href":"https:\/\/parquedaterranova.pt\/portal\/index.php?rest_route=\/wp\/v2\/types\/page"}],"author":[{"embeddable":true,"href":"https:\/\/parquedaterranova.pt\/portal\/index.php?rest_route=\/wp\/v2\/users\/1"}],"replies":[{"embeddable":true,"href":"https:\/\/parquedaterranova.pt\/portal\/index.php?rest_route=%2Fwp%2Fv2%2Fcomments&post=843"}],"version-history":[{"count":1,"href":"https:\/\/parquedaterranova.pt\/portal\/index.php?rest_route=\/wp\/v2\/pages\/843\/revisions"}],"predecessor-version":[{"id":844,"href":"https:\/\/parquedaterranova.pt\/portal\/index.php?rest_route=\/wp\/v2\/pages\/843\/revisions\/844"}],"wp:attachment":[{"href":"https:\/\/parquedaterranova.pt\/portal\/index.php?rest_route=%2Fwp%2Fv2%2Fmedia&parent=843"}],"curies":[{"name":"wp","href":"https:\/\/api.w.org\/{rel}","templated":true}]}}