{"id":821,"date":"2026-02-20T11:40:20","date_gmt":"2026-02-20T11:40:20","guid":{"rendered":"https:\/\/parquedaterranova.pt\/portal\/?page_id=821"},"modified":"2026-02-20T11:42:25","modified_gmt":"2026-02-20T11:42:25","slug":"pach-ofirete","status":"publish","type":"page","link":"https:\/\/parquedaterranova.pt\/portal\/?page_id=821","title":{"rendered":"Pach\u00e1 &#8220;Ofirete&#8221;"},"content":{"rendered":"<p>PACH\u00c1 &#8220;OFIRETE&#8221; (10 de Mar\u00e7o de 2023)<\/p>\n<p style=\"text-align: justify;\"><img loading=\"lazy\" decoding=\"async\" class=\"size-medium wp-image-820 alignleft\" src=\"https:\/\/parquedaterranova.pt\/portal\/wp-content\/uploads\/2026\/02\/pacha_ofirete_01-193x188.jpg\" alt=\"\" width=\"193\" height=\"188\" srcset=\"https:\/\/parquedaterranova.pt\/portal\/wp-content\/uploads\/2026\/02\/pacha_ofirete_01-193x188.jpg 193w, https:\/\/parquedaterranova.pt\/portal\/wp-content\/uploads\/2026\/02\/pacha_ofirete_01-308x300.jpg 308w, https:\/\/parquedaterranova.pt\/portal\/wp-content\/uploads\/2026\/02\/pacha_ofirete_01.jpg 492w\" sizes=\"auto, (max-width: 193px) 100vw, 193px\" \/>Foi totalmente inesperada, a partida do nosso PACH\u00c1 &#8220;OFIRETE&#8221; para o &#8220;C\u00e9u de C\u00e3o&#8221; ontem, ao fim da manh\u00e3. E foi inesperada porque, aparentemente, o PACH\u00c1 estava bem, apresentando apenas, h\u00e1 j\u00e1 algum tempo, o que atribu\u00edmos \u00e0 sua idade e ao facto de ser um c\u00e3opanheiro bastante pesado&#8230; um ligeiro arrastar de uma perna, que o fazia passar mais tempo deitado do que antes. De resto, comia bem, bebia, fazia as suas necessidades normalmente&#8230; enfim, nada de extraordin\u00e1rio, ou que fizesse soar qualquer alarme. Ontem de manh\u00e3zinha, por\u00e9m, quando o Sr. Jos\u00e9 chegou ao espa\u00e7o que ele partilhava com as duas irm\u00e3s PEDRINHA e F\u00c3OZA, deparou-se com o PACH\u00c1 estirado na cama, com a respira\u00e7\u00e3o muito fraca, e sem qualquer reac\u00e7\u00e3o. Em volta dele, nenhuns sinais de se ter debatido, ou de diarreia, ou v\u00f3mitos&#8230; nada. Receando-se um AVC ou crise card\u00edaca aguda, conduziu-se o PACH\u00c1 com a maior urg\u00eancia poss\u00edvel a uma cl\u00ednica veterin\u00e1ria pr\u00f3xima, onde foi poss\u00edvel ainda examin\u00e1-lo&#8230; e, para surpresa de todos, o ritmo card\u00edaco estava normal, n\u00e3o se detectou nenhum sinal de congest\u00e3o pulmonar&#8230; mas, e ainda durante o exame, o nosso grandalh\u00e3o foi ficando mais comatoso, o cora\u00e7\u00e3o mais lento&#8230; e partiu, na presen\u00e7a do Sr. Jos\u00e9 e da Paula, que o acarinharam at\u00e9 ao fim, mal podendo acreditar no que acabara de suceder. O PACH\u00c1 tinha 14 anos, e estava connosco desde 2009, ano em que foi resgatado, ainda beb\u00e9, com a m\u00e3e OFIRA e mais tr\u00eas irm\u00e3zinhas &#8211; a RITA, a F\u00c3OZA e a PEDRINHA &#8211; de uma situa\u00e7\u00e3o de abandono e maus tratos &#8211; a OFIRA, ali\u00e1s, com graves ferimentos, dos quais, contudo, acabou por recuperar totalmente. Aqui cresceu, sempre com a m\u00e3e e as irm\u00e3s, sempre t\u00edmido e muito receoso, nada soci\u00e1vel, nunca se aproximando de ningu\u00e9m, ali\u00e1s como as irm\u00e3s, e ao contr\u00e1rio da m\u00e3e, que era uma c\u00e3opanheira muito soci\u00e1vel e simp\u00e1tica, extremamente inteligente. Diz\u00edamos, do PACH\u00c1, que ele era o &#8220;cachorr\u00e3o que s\u00f3 cresceu por fora&#8221;&#8230; e \u00e9 assim, de facto, que continuaremos a lembrar-nos dele. At\u00e9 sempre, querido PACH\u00c1 &#8220;OFIRETE&#8221;, corre, ao encontro da tua m\u00e3e, da linda e meiga OFIRA, que te aguarda, certamente, para l\u00e1 do arco-\u00edris, com o seu &#8220;sorriso&#8221; luminoso e a dar \u00e0 cauda, para receber o seu grandalh\u00e3o!<\/p>\n<p style=\"text-align: right;\"><a href=\"https:\/\/parquedaterranova.pt\/portal\/?page_id=533\"><strong>VOLTAR\u00a0<\/strong><\/a><\/p>\n\n\n\n","protected":false},"excerpt":{"rendered":"<p>PACH\u00c1 &#8220;OFIRETE&#8221; (10 de Mar\u00e7o de 2023) Foi totalmente inesperada, a partida do nosso PACH\u00c1 &#8220;OFIRETE&#8221; para o &#8220;C\u00e9u de C\u00e3o&#8221; ontem, ao fim da manh\u00e3. E foi inesperada porque, aparentemente, o PACH\u00c1 estava bem, apresentando apenas, h\u00e1 j\u00e1 algum &hellip; <a href=\"https:\/\/parquedaterranova.pt\/portal\/?page_id=821\">Continuar a ler <span class=\"meta-nav\">&rarr;<\/span><\/a><\/p>\n","protected":false},"author":1,"featured_media":0,"parent":0,"menu_order":8,"comment_status":"closed","ping_status":"closed","template":"sidebar-page.php","meta":{"footnotes":""},"class_list":["post-821","page","type-page","status-publish","hentry"],"_links":{"self":[{"href":"https:\/\/parquedaterranova.pt\/portal\/index.php?rest_route=\/wp\/v2\/pages\/821","targetHints":{"allow":["GET"]}}],"collection":[{"href":"https:\/\/parquedaterranova.pt\/portal\/index.php?rest_route=\/wp\/v2\/pages"}],"about":[{"href":"https:\/\/parquedaterranova.pt\/portal\/index.php?rest_route=\/wp\/v2\/types\/page"}],"author":[{"embeddable":true,"href":"https:\/\/parquedaterranova.pt\/portal\/index.php?rest_route=\/wp\/v2\/users\/1"}],"replies":[{"embeddable":true,"href":"https:\/\/parquedaterranova.pt\/portal\/index.php?rest_route=%2Fwp%2Fv2%2Fcomments&post=821"}],"version-history":[{"count":1,"href":"https:\/\/parquedaterranova.pt\/portal\/index.php?rest_route=\/wp\/v2\/pages\/821\/revisions"}],"predecessor-version":[{"id":822,"href":"https:\/\/parquedaterranova.pt\/portal\/index.php?rest_route=\/wp\/v2\/pages\/821\/revisions\/822"}],"wp:attachment":[{"href":"https:\/\/parquedaterranova.pt\/portal\/index.php?rest_route=%2Fwp%2Fv2%2Fmedia&parent=821"}],"curies":[{"name":"wp","href":"https:\/\/api.w.org\/{rel}","templated":true}]}}