{"id":815,"date":"2026-02-20T11:33:46","date_gmt":"2026-02-20T11:33:46","guid":{"rendered":"https:\/\/parquedaterranova.pt\/portal\/?page_id=815"},"modified":"2026-02-20T11:35:27","modified_gmt":"2026-02-20T11:35:27","slug":"nhnh","status":"publish","type":"page","link":"https:\/\/parquedaterranova.pt\/portal\/?page_id=815","title":{"rendered":"Nh\u00f3nh\u00f3"},"content":{"rendered":"<p>NH\u00d3NH\u00d3 (27 de Outubro de 2023)<\/p>\n<p style=\"text-align: justify;\"><img loading=\"lazy\" decoding=\"async\" class=\"size-medium wp-image-814 alignleft\" src=\"https:\/\/parquedaterranova.pt\/portal\/wp-content\/uploads\/2026\/02\/nhonho_01-155x188.jpg\" alt=\"\" width=\"155\" height=\"188\" srcset=\"https:\/\/parquedaterranova.pt\/portal\/wp-content\/uploads\/2026\/02\/nhonho_01-155x188.jpg 155w, https:\/\/parquedaterranova.pt\/portal\/wp-content\/uploads\/2026\/02\/nhonho_01-248x300.jpg 248w, https:\/\/parquedaterranova.pt\/portal\/wp-content\/uploads\/2026\/02\/nhonho_01.jpg 526w\" sizes=\"auto, (max-width: 155px) 100vw, 155px\" \/>\u00c9 com enorme tristeza que comunicamos a partida da nossa querida NH\u00d3NH\u00d3 para o &#8220;C\u00e9u de C\u00e3o&#8221; na passada sexta feira. Esta nossa linda amiguinha tinha, j\u00e1 h\u00e1 bastante tempo, um tumor maligno num dos flancos, que, dada a sua dimens\u00e3o e profundidade, bem como a proximidade da zona anal e genital, n\u00e3o podia ser removido cirurgicamente. Infelizmente, j\u00e1 este ano, foram detectadas met\u00e1stases no f\u00edgado e, mais recentemente, no p\u00e2ncreas, e a NH\u00d3NH\u00d3 manteve-se connosco, a receber cuidados paliativos, sob orienta\u00e7\u00e3o veterin\u00e1ria, at\u00e9 ao fim. Partiu sem sofrimento, muito serenamente, acarinhada pela Paula e pela F\u00e1tima da nossa equipa, na sua caminha. A NH\u00d3NH\u00d3 tinha actualmente 15 anos, tendo vindo para o P.T.N. com apenas dois meses, juntamente com outros quatro irm\u00e3os de ninhada, para que promovessemos a sua adop\u00e7\u00e3o. Dos cinco cachorrinhos, por sinal, a nossa pequenota foi a \u00faltima a ser adoptada, para uma freguesia vizinha&#8230; mas, pouco depois, aconteceu um epis\u00f3dio que jamais esqueceremos: Cerca de um m\u00eas ap\u00f3s a sua adop\u00e7\u00e3o, a nova tutora da NH\u00d3NH\u00d3 contactou-nos, muito aflita, porque ela tinha apanhado o port\u00e3o aberto e tinha fugido, e como se tratava de uma senhora j\u00e1 com alguma idade, pediu-nos para a auxiliar nas buscas, o que, da melhor vontade, nos dispusemos a fazer. Passados cinco dias, no entanto, ainda n\u00e3o havia sinais da NH\u00d3NH\u00d3, mas, numa manh\u00e3, estando o Sr. Jos\u00e9 a trabalhar num dos parques, aqui no P.T.N., verificou que os c\u00e3es que viviam nesse espa\u00e7o estavam a fazer um grande alarido, na direc\u00e7\u00e3o do nosso port\u00e3o, e foi investigar, porque lhe pareceu ver um c\u00e3ozito ali, do lado de fora. Qual n\u00e3o foi o seu espanto, ao chegar ao port\u00e3o&#8230; pois quem ali estava era nada menos que a NH\u00d3NH\u00d3! A cadelinha tinha percorrido cerca de 5km desde a casa da adoptante at\u00e9 ao P.T.N., e mostrava-se t\u00e3o feliz por estar de volta, que o Sr. Jos\u00e9 nos intimou a n\u00e3o deix\u00e1-la sair mais daqui! E assim foi&#8230; com a concord\u00e2ncia da adoptante, a nossa querida NH\u00d3NH\u00d3 ficou no P.T.N., e aqui permaneceu, na casa que sempre considerou a sua, at\u00e9 ao fim! Era muito linda, a nossa NH\u00d3NH\u00d3, e muito engra\u00e7ada, retorcendo-se toda, como uma lagartixa, quando queria mimos, e atirando-se, nos dias de calor, para dentro de uma das banheiras existentes nos parques, como uma pequena lontra! E&#8230; j\u00e1 sentimos muitas saudades da nossa linda NH\u00d3NH\u00d3, que nos privilegiou com a sua escolha deste espa\u00e7o e da nossa companhia e cuidados. At\u00e9 sempre, querida NH\u00d3NH\u00d3&#8230; nunca, nunca te esqueceremos!<\/p>\n<p style=\"text-align: right;\"><a href=\"https:\/\/parquedaterranova.pt\/portal\/?page_id=533\"><strong>VOLTAR\u00a0<\/strong><\/a><\/p>\n\n\n\n","protected":false},"excerpt":{"rendered":"<p>NH\u00d3NH\u00d3 (27 de Outubro de 2023) \u00c9 com enorme tristeza que comunicamos a partida da nossa querida NH\u00d3NH\u00d3 para o &#8220;C\u00e9u de C\u00e3o&#8221; na passada sexta feira. Esta nossa linda amiguinha tinha, j\u00e1 h\u00e1 bastante tempo, um tumor maligno num &hellip; <a href=\"https:\/\/parquedaterranova.pt\/portal\/?page_id=815\">Continuar a ler <span class=\"meta-nav\">&rarr;<\/span><\/a><\/p>\n","protected":false},"author":1,"featured_media":0,"parent":0,"menu_order":8,"comment_status":"closed","ping_status":"closed","template":"sidebar-page.php","meta":{"footnotes":""},"class_list":["post-815","page","type-page","status-publish","hentry"],"_links":{"self":[{"href":"https:\/\/parquedaterranova.pt\/portal\/index.php?rest_route=\/wp\/v2\/pages\/815","targetHints":{"allow":["GET"]}}],"collection":[{"href":"https:\/\/parquedaterranova.pt\/portal\/index.php?rest_route=\/wp\/v2\/pages"}],"about":[{"href":"https:\/\/parquedaterranova.pt\/portal\/index.php?rest_route=\/wp\/v2\/types\/page"}],"author":[{"embeddable":true,"href":"https:\/\/parquedaterranova.pt\/portal\/index.php?rest_route=\/wp\/v2\/users\/1"}],"replies":[{"embeddable":true,"href":"https:\/\/parquedaterranova.pt\/portal\/index.php?rest_route=%2Fwp%2Fv2%2Fcomments&post=815"}],"version-history":[{"count":1,"href":"https:\/\/parquedaterranova.pt\/portal\/index.php?rest_route=\/wp\/v2\/pages\/815\/revisions"}],"predecessor-version":[{"id":816,"href":"https:\/\/parquedaterranova.pt\/portal\/index.php?rest_route=\/wp\/v2\/pages\/815\/revisions\/816"}],"wp:attachment":[{"href":"https:\/\/parquedaterranova.pt\/portal\/index.php?rest_route=%2Fwp%2Fv2%2Fmedia&parent=815"}],"curies":[{"name":"wp","href":"https:\/\/api.w.org\/{rel}","templated":true}]}}