{"id":810,"date":"2026-02-19T13:54:06","date_gmt":"2026-02-19T13:54:06","guid":{"rendered":"https:\/\/parquedaterranova.pt\/portal\/?page_id=810"},"modified":"2026-02-19T13:55:54","modified_gmt":"2026-02-19T13:55:54","slug":"nani","status":"publish","type":"page","link":"https:\/\/parquedaterranova.pt\/portal\/?page_id=810","title":{"rendered":"Nani"},"content":{"rendered":"<p>NANI (7 de Fevereiro de 2023)<\/p>\n<p style=\"text-align: justify;\"><img loading=\"lazy\" decoding=\"async\" class=\"size-medium wp-image-809 alignleft\" src=\"https:\/\/parquedaterranova.pt\/portal\/wp-content\/uploads\/2026\/02\/nani_01-270x188.jpg\" alt=\"\" width=\"270\" height=\"188\" srcset=\"https:\/\/parquedaterranova.pt\/portal\/wp-content\/uploads\/2026\/02\/nani_01-270x188.jpg 270w, https:\/\/parquedaterranova.pt\/portal\/wp-content\/uploads\/2026\/02\/nani_01-431x300.jpg 431w, https:\/\/parquedaterranova.pt\/portal\/wp-content\/uploads\/2026\/02\/nani_01.jpg 597w\" sizes=\"auto, (max-width: 270px) 100vw, 270px\" \/>Estamos muito, muito tristes. A nossa querida NANI n\u00e3o resistiu ao grav\u00edssimo adenocarcinoma pulmonar, j\u00e1 metastizado, de que padecia, e partiu para o &#8220;C\u00e9u de C\u00e3o&#8221; ontem \u00e0 tarde. Desde o diagn\u00f3stico, no in\u00edcio de Dezembro do ano passado, a NANI estava a receber cuidados paliativos, sob orienta\u00e7\u00e3o veterin\u00e1ria, aqui no P.T.N., por nada mais ser poss\u00edvel fazer, dada a extens\u00e3o da neoplasia. Infelizmente, portanto, este desfecho n\u00e3o foi inesperado, mas nem por isso a nossa desola\u00e7\u00e3o \u00e9 menor, pois a nossa NANI era muito querida de todos n\u00f3s. Esta linda cadelinha, ent\u00e3o j\u00e1 adulta mas ainda jovem, foi encontrada em grave estado de desnutri\u00e7\u00e3o pelos trabalhadores de uma quinta, e veio recuperar para o P.T.N. em 2013. Mostrou-se sempre muito simp\u00e1tica, extremamente activa, e bastante soci\u00e1vel, mas, apesar de todas essas qualidades, nunca teve quaisquer pretendentes \u00e0 sua adop\u00e7\u00e3o, pelo que aqui foi ficando e envelhecendo, tendo-se tornado residente permanente. A NANI partiu serenamente, rodeada do maior carinho e conforto, e temos j\u00e1 muitas saudades dela. Mas nunca a esqueceremos, e para sempre permanecer\u00e1 nos nossos cora\u00e7\u00f5es com a sua beleza, a sua do\u00e7ura, a sua alegria dos tempos saud\u00e1veis&#8230; e os seus saltos exuberantes e lambeijocas, com que sempre nos brindava! At\u00e9 sempre, querida NANI!<br \/><br \/><\/p>\n<p style=\"text-align: right;\">.<a href=\"https:\/\/parquedaterranova.pt\/portal\/?page_id=533\"><strong>VOLTAR\u00a0<\/strong><\/a><\/p>\n\n\n\n","protected":false},"excerpt":{"rendered":"<p>NANI (7 de Fevereiro de 2023) Estamos muito, muito tristes. A nossa querida NANI n\u00e3o resistiu ao grav\u00edssimo adenocarcinoma pulmonar, j\u00e1 metastizado, de que padecia, e partiu para o &#8220;C\u00e9u de C\u00e3o&#8221; ontem \u00e0 tarde. Desde o diagn\u00f3stico, no in\u00edcio &hellip; <a href=\"https:\/\/parquedaterranova.pt\/portal\/?page_id=810\">Continuar a ler <span class=\"meta-nav\">&rarr;<\/span><\/a><\/p>\n","protected":false},"author":1,"featured_media":0,"parent":0,"menu_order":8,"comment_status":"closed","ping_status":"closed","template":"sidebar-page.php","meta":{"footnotes":""},"class_list":["post-810","page","type-page","status-publish","hentry"],"_links":{"self":[{"href":"https:\/\/parquedaterranova.pt\/portal\/index.php?rest_route=\/wp\/v2\/pages\/810","targetHints":{"allow":["GET"]}}],"collection":[{"href":"https:\/\/parquedaterranova.pt\/portal\/index.php?rest_route=\/wp\/v2\/pages"}],"about":[{"href":"https:\/\/parquedaterranova.pt\/portal\/index.php?rest_route=\/wp\/v2\/types\/page"}],"author":[{"embeddable":true,"href":"https:\/\/parquedaterranova.pt\/portal\/index.php?rest_route=\/wp\/v2\/users\/1"}],"replies":[{"embeddable":true,"href":"https:\/\/parquedaterranova.pt\/portal\/index.php?rest_route=%2Fwp%2Fv2%2Fcomments&post=810"}],"version-history":[{"count":1,"href":"https:\/\/parquedaterranova.pt\/portal\/index.php?rest_route=\/wp\/v2\/pages\/810\/revisions"}],"predecessor-version":[{"id":811,"href":"https:\/\/parquedaterranova.pt\/portal\/index.php?rest_route=\/wp\/v2\/pages\/810\/revisions\/811"}],"wp:attachment":[{"href":"https:\/\/parquedaterranova.pt\/portal\/index.php?rest_route=%2Fwp%2Fv2%2Fmedia&parent=810"}],"curies":[{"name":"wp","href":"https:\/\/api.w.org\/{rel}","templated":true}]}}