{"id":803,"date":"2026-02-13T15:03:56","date_gmt":"2026-02-13T15:03:56","guid":{"rendered":"https:\/\/parquedaterranova.pt\/portal\/?page_id=803"},"modified":"2026-02-13T15:05:23","modified_gmt":"2026-02-13T15:05:23","slug":"mami-copy","status":"publish","type":"page","link":"https:\/\/parquedaterranova.pt\/portal\/?page_id=803","title":{"rendered":"Martinha"},"content":{"rendered":"<p>MARTINHA (29 de Janeiro de 2024)<\/p>\n<p style=\"text-align: justify;\"><img loading=\"lazy\" decoding=\"async\" class=\"size-medium wp-image-802 alignleft\" src=\"https:\/\/parquedaterranova.pt\/portal\/wp-content\/uploads\/2026\/02\/martinha_01-251x188.jpg\" alt=\"\" width=\"251\" height=\"188\" srcset=\"https:\/\/parquedaterranova.pt\/portal\/wp-content\/uploads\/2026\/02\/martinha_01-251x188.jpg 251w, https:\/\/parquedaterranova.pt\/portal\/wp-content\/uploads\/2026\/02\/martinha_01-400x300.jpg 400w, https:\/\/parquedaterranova.pt\/portal\/wp-content\/uploads\/2026\/02\/martinha_01.jpg 636w\" sizes=\"auto, (max-width: 251px) 100vw, 251px\" \/>&#8230; \u00c9 assim, Amigos&#8230; n\u00e3o temos tempo de nos refazer de uma perda, e j\u00e1 estamos a sofrer outra&#8230; A nossa querida MARTINHA deixou-nos na segunda feira \u00e0 noitinha, ap\u00f3s uma paragem card\u00edaca irrevers\u00edvel. A MARTINHA estava com 17 anos, o que, para uma cadelinha de grande porte como ela era, \u00e9 uma idade muit\u00edssimo avan\u00e7ada, e estava j\u00e1 medicada com Cardisure h\u00e1 bastante tempo. \u00daltimamente, andava mais &#8220;molinha&#8221;, mais cansada, passando mais tempo deitada, principalmente no seu parque, durante o dia, pelo que pedimos uma consulta domicili\u00e1ria, para ela ser examinada e n\u00e3o estarmos a sujeit\u00e1-la a desloca\u00e7\u00f5es ao Hospital Veterin\u00e1rio. Logo na ausculta\u00e7\u00e3o, o veterin\u00e1rio detectou o in\u00edcio da fal\u00eancia card\u00edaca&#8230; e o desfecho, inevit\u00e1vel, n\u00e3o iria tardar. E partiu, tranquilamente, na sua caminha, como se adormecesse, rodeada dos carinhos da Paula e da F\u00e1tima, da nossa equipa. A MARTINHA j\u00e1 estava connosco h\u00e1 quase 14 anos, e sempre foi uma cadelinha muito calma, muito simp\u00e1tica, e muito soci\u00e1vel com os outros c\u00e3opanheiros, mas, por vezes, um pouco t\u00edmida com humanos que n\u00e3o conhecesse ou visse poucas vezes. Uma grandalhona linda e fofa, nunca teve nem deu problemas, e aparte uma ou outra otite, e, depois de mais velhota, a necessidade do KimiMove para as articula\u00e7\u00f5es e do Cardisure, foi sempre bastante saud\u00e1vel. Mas&#8230; o seu grande cora\u00e7\u00e3o cansou-se de bater, e o nosso ficou ainda mais vazio&#8230; Mesmo assim, sentimo-nos gratos por termos tido o privil\u00e9gio de cuidar da nossa maravilhosa MARTINHA durante estes anos&#8230; em que, assim o acreditamos, ela foi feliz, aqui!<\/p>\n<p style=\"text-align: right;\"><a href=\"https:\/\/parquedaterranova.pt\/portal\/?page_id=535\"><strong>VOLTAR<\/strong><\/a><\/p>\n\n\n\n","protected":false},"excerpt":{"rendered":"<p>MARTINHA (29 de Janeiro de 2024) &#8230; \u00c9 assim, Amigos&#8230; n\u00e3o temos tempo de nos refazer de uma perda, e j\u00e1 estamos a sofrer outra&#8230; A nossa querida MARTINHA deixou-nos na segunda feira \u00e0 noitinha, ap\u00f3s uma paragem card\u00edaca irrevers\u00edvel. &hellip; <a href=\"https:\/\/parquedaterranova.pt\/portal\/?page_id=803\">Continuar a ler <span class=\"meta-nav\">&rarr;<\/span><\/a><\/p>\n","protected":false},"author":1,"featured_media":0,"parent":0,"menu_order":7,"comment_status":"closed","ping_status":"closed","template":"sidebar-page.php","meta":{"footnotes":""},"class_list":["post-803","page","type-page","status-publish","hentry"],"_links":{"self":[{"href":"https:\/\/parquedaterranova.pt\/portal\/index.php?rest_route=\/wp\/v2\/pages\/803","targetHints":{"allow":["GET"]}}],"collection":[{"href":"https:\/\/parquedaterranova.pt\/portal\/index.php?rest_route=\/wp\/v2\/pages"}],"about":[{"href":"https:\/\/parquedaterranova.pt\/portal\/index.php?rest_route=\/wp\/v2\/types\/page"}],"author":[{"embeddable":true,"href":"https:\/\/parquedaterranova.pt\/portal\/index.php?rest_route=\/wp\/v2\/users\/1"}],"replies":[{"embeddable":true,"href":"https:\/\/parquedaterranova.pt\/portal\/index.php?rest_route=%2Fwp%2Fv2%2Fcomments&post=803"}],"version-history":[{"count":1,"href":"https:\/\/parquedaterranova.pt\/portal\/index.php?rest_route=\/wp\/v2\/pages\/803\/revisions"}],"predecessor-version":[{"id":804,"href":"https:\/\/parquedaterranova.pt\/portal\/index.php?rest_route=\/wp\/v2\/pages\/803\/revisions\/804"}],"wp:attachment":[{"href":"https:\/\/parquedaterranova.pt\/portal\/index.php?rest_route=%2Fwp%2Fv2%2Fmedia&parent=803"}],"curies":[{"name":"wp","href":"https:\/\/api.w.org\/{rel}","templated":true}]}}