{"id":797,"date":"2026-02-12T18:14:31","date_gmt":"2026-02-12T18:14:31","guid":{"rendered":"https:\/\/parquedaterranova.pt\/portal\/?page_id=797"},"modified":"2026-02-12T18:16:49","modified_gmt":"2026-02-12T18:16:49","slug":"mami","status":"publish","type":"page","link":"https:\/\/parquedaterranova.pt\/portal\/?page_id=797","title":{"rendered":"Mami"},"content":{"rendered":"<p>MAMI (26 de Janeiro de 2024)<\/p>\n<p><img loading=\"lazy\" decoding=\"async\" class=\"size-medium wp-image-796 alignleft\" src=\"https:\/\/parquedaterranova.pt\/portal\/wp-content\/uploads\/2026\/02\/mami_01-281x188.jpg\" alt=\"\" width=\"281\" height=\"188\" srcset=\"https:\/\/parquedaterranova.pt\/portal\/wp-content\/uploads\/2026\/02\/mami_01-281x188.jpg 281w, https:\/\/parquedaterranova.pt\/portal\/wp-content\/uploads\/2026\/02\/mami_01-448x300.jpg 448w, https:\/\/parquedaterranova.pt\/portal\/wp-content\/uploads\/2026\/02\/mami_01.jpg 587w\" sizes=\"auto, (max-width: 281px) 100vw, 281px\" \/>A MAMI foi atirada para dentro do Parque da Terra Nova em Setembro de 2011, j\u00e1 adulta, com ind\u00edcios de ter parido recentemente e as maminhas cheias de leite. Nunca conseguimos descobrir de onde veio, nem o que teria sido feito da sua ninhada, e por isso nunca foi poss\u00edvel punir o\/a autor\/a de tal crime. A MAMI, entretanto, foi esterilizada, e aqui foi ficando, visto nunca ter aparecido qualquer potencial interessado em adopt\u00e1-la. Foi sempre uma cadelinha muito simp\u00e1tica, muito alegre e brincalhona, e muito soci\u00e1vel com os outros c\u00e3opanheiros. A MAMI nunca nos deu qualquer tipo de problemas, e foi sempre muito saud\u00e1vel, mesmo com o avan\u00e7o da idade, mas, recentemente, come\u00e7ou a perder peso, e come\u00e7ou a ser seguida no Hospital Refer\u00eancia Veterin\u00e1ria Montenegro, onde v\u00e1rios exames realizados n\u00e3o resultaram em qualquer diagn\u00f3stico preocupante. No entanto, a MAMI continuou a perder peso, e, embora se mantivesse activa e com apetite, come\u00e7ou a regurgitar praticamente todos os alimentos. Novos exames realizados mostraram, infelizmente, a exist\u00eancia de um enorme tumor na cavidade tor\u00e1cica, que comprimia cada vez mais o trato digestivo superior, impedindo os alimentos de chegarem, sequer, ao est\u00f4mago. Perante a gravidade e a irreversibilidade da situa\u00e7\u00e3o, e o j\u00e1 \u00f3bvio sofrimento da MAMI de querer comer e n\u00e3o conseguir, tomamos a dolorosa decis\u00e3o de a ajudar a partir, serenamente, e acarinhada por quem sempre tratou dela. Nunca esqueceremos a doce MAMI, t\u00e3o meiga e t\u00e3o bem educada, a pedir bolachinhas torradas, que adorava, e miminhos, com a cabecinha pousada no nosso colo. At\u00e9 sempre, querida MAMI!<\/p>\n<p style=\"text-align: right;\"><a href=\"https:\/\/parquedaterranova.pt\/portal\/?page_id=535\"><strong>VOLTAR<\/strong><\/a><\/p>\n\n\n\n","protected":false},"excerpt":{"rendered":"<p>MAMI (26 de Janeiro de 2024) A MAMI foi atirada para dentro do Parque da Terra Nova em Setembro de 2011, j\u00e1 adulta, com ind\u00edcios de ter parido recentemente e as maminhas cheias de leite. Nunca conseguimos descobrir de onde &hellip; <a href=\"https:\/\/parquedaterranova.pt\/portal\/?page_id=797\">Continuar a ler <span class=\"meta-nav\">&rarr;<\/span><\/a><\/p>\n","protected":false},"author":1,"featured_media":0,"parent":0,"menu_order":7,"comment_status":"closed","ping_status":"closed","template":"sidebar-page.php","meta":{"footnotes":""},"class_list":["post-797","page","type-page","status-publish","hentry"],"_links":{"self":[{"href":"https:\/\/parquedaterranova.pt\/portal\/index.php?rest_route=\/wp\/v2\/pages\/797","targetHints":{"allow":["GET"]}}],"collection":[{"href":"https:\/\/parquedaterranova.pt\/portal\/index.php?rest_route=\/wp\/v2\/pages"}],"about":[{"href":"https:\/\/parquedaterranova.pt\/portal\/index.php?rest_route=\/wp\/v2\/types\/page"}],"author":[{"embeddable":true,"href":"https:\/\/parquedaterranova.pt\/portal\/index.php?rest_route=\/wp\/v2\/users\/1"}],"replies":[{"embeddable":true,"href":"https:\/\/parquedaterranova.pt\/portal\/index.php?rest_route=%2Fwp%2Fv2%2Fcomments&post=797"}],"version-history":[{"count":1,"href":"https:\/\/parquedaterranova.pt\/portal\/index.php?rest_route=\/wp\/v2\/pages\/797\/revisions"}],"predecessor-version":[{"id":798,"href":"https:\/\/parquedaterranova.pt\/portal\/index.php?rest_route=\/wp\/v2\/pages\/797\/revisions\/798"}],"wp:attachment":[{"href":"https:\/\/parquedaterranova.pt\/portal\/index.php?rest_route=%2Fwp%2Fv2%2Fmedia&parent=797"}],"curies":[{"name":"wp","href":"https:\/\/api.w.org\/{rel}","templated":true}]}}