{"id":783,"date":"2026-02-12T13:10:34","date_gmt":"2026-02-12T13:10:34","guid":{"rendered":"https:\/\/parquedaterranova.pt\/portal\/?page_id=783"},"modified":"2026-02-12T13:12:47","modified_gmt":"2026-02-12T13:12:47","slug":"lua-edp","status":"publish","type":"page","link":"https:\/\/parquedaterranova.pt\/portal\/?page_id=783","title":{"rendered":"Lua &#8220;EDP&#8221;"},"content":{"rendered":"<p>LUA &#8220;EDP&#8221; (16 de Maio de 2025)<\/p>\n<p style=\"text-align: justify;\"><img loading=\"lazy\" decoding=\"async\" class=\"size-medium wp-image-782 alignleft\" src=\"https:\/\/parquedaterranova.pt\/portal\/wp-content\/uploads\/2026\/02\/lua_edp_01-123x188.jpg\" alt=\"\" width=\"123\" height=\"188\" srcset=\"https:\/\/parquedaterranova.pt\/portal\/wp-content\/uploads\/2026\/02\/lua_edp_01-123x188.jpg 123w, https:\/\/parquedaterranova.pt\/portal\/wp-content\/uploads\/2026\/02\/lua_edp_01-196x300.jpg 196w, https:\/\/parquedaterranova.pt\/portal\/wp-content\/uploads\/2026\/02\/lua_edp_01.jpg 391w\" sizes=\"auto, (max-width: 123px) 100vw, 123px\" \/>Foi na passada sexta feira que a nossa querida velhinha, a pequena LUA &#8220;EDP&#8221;, partiu para o &#8220;C\u00e9u de C\u00e3o&#8221;, nos bra\u00e7os do Sr. Jos\u00e9 (Equipa do P.T.N.), que foi o grande amor da sua vida e est\u00e1, naturalmente, trist\u00edssimo. A LUA, al\u00e9m de DCC muito avan\u00e7ada, fazia ocasionalmente convuls\u00f5es, tinha um grande sopro card\u00edaco, e uma massa na cavidade abdominal. Infelizmente, depois de um dia bastante prostrada e, apesar de medicada, sofreu uma enorme hemorragia, seguida de paragem cardiorrespirat\u00f3ria que n\u00e3o foi poss\u00edvel reverter. Esta cadelinha de porte pequeno, que tinha actualmente 17 anos, foi atirada para dentro das nossas instala\u00e7\u00f5es, por cima de um muro alt\u00edssimo, dentro de um saco de pano da EDP, na Primavera de 2011. Era ainda muito jovem, e, depois de ultrapassada a timidez inicial, mostrou-se muito carente e meiga, e dedicou-se de tal forma ao Sr. Jos\u00e9, que, quando ele se ausentava durante alguns dias, como, por exemplo, durante as f\u00e9rias, era um problema para conseguirmos que ela comesse&#8230; e chegou, mais tarde, a fazer convuls\u00f5es, quando ele voltava, <img loading=\"lazy\" decoding=\"async\" class=\"size-medium wp-image-780 alignright\" src=\"https:\/\/parquedaterranova.pt\/portal\/wp-content\/uploads\/2026\/02\/lua_edp_02-106x188.jpg\" alt=\"\" width=\"106\" height=\"188\" srcset=\"https:\/\/parquedaterranova.pt\/portal\/wp-content\/uploads\/2026\/02\/lua_edp_02-106x188.jpg 106w, https:\/\/parquedaterranova.pt\/portal\/wp-content\/uploads\/2026\/02\/lua_edp_02-487x867.jpg 487w, https:\/\/parquedaterranova.pt\/portal\/wp-content\/uploads\/2026\/02\/lua_edp_02-168x300.jpg 168w, https:\/\/parquedaterranova.pt\/portal\/wp-content\/uploads\/2026\/02\/lua_edp_02.jpg 526w\" sizes=\"auto, (max-width: 106px) 100vw, 106px\" \/>tal era a emo\u00e7\u00e3o. Por aqui foi ficando, portanto, com o seu querido humano, soci\u00e1vel com os outros c\u00e3o-panheiros e muito doce com os outros elementos da nossa equipa. E \u00e9 essa querida LUA &#8220;EDP&#8221; (maravilhosa, como nesta fotografia de h\u00e1 j\u00e1 alguns anos&#8230; que, para sempre, guardaremos na nossa mem\u00f3ria e no nosso cora\u00e7\u00e3o!<\/p>\n<p style=\"text-align: right;\"><a href=\"https:\/\/parquedaterranova.pt\/portal\/?page_id=543\"><strong>VOLTAR<\/strong><\/a><\/p>\n\n","protected":false},"excerpt":{"rendered":"<p>LUA &#8220;EDP&#8221; (16 de Maio de 2025) Foi na passada sexta feira que a nossa querida velhinha, a pequena LUA &#8220;EDP&#8221;, partiu para o &#8220;C\u00e9u de C\u00e3o&#8221;, nos bra\u00e7os do Sr. Jos\u00e9 (Equipa do P.T.N.), que foi o grande amor &hellip; <a href=\"https:\/\/parquedaterranova.pt\/portal\/?page_id=783\">Continuar a ler <span class=\"meta-nav\">&rarr;<\/span><\/a><\/p>\n","protected":false},"author":1,"featured_media":0,"parent":0,"menu_order":7,"comment_status":"closed","ping_status":"closed","template":"sidebar-page.php","meta":{"footnotes":""},"class_list":["post-783","page","type-page","status-publish","hentry"],"_links":{"self":[{"href":"https:\/\/parquedaterranova.pt\/portal\/index.php?rest_route=\/wp\/v2\/pages\/783","targetHints":{"allow":["GET"]}}],"collection":[{"href":"https:\/\/parquedaterranova.pt\/portal\/index.php?rest_route=\/wp\/v2\/pages"}],"about":[{"href":"https:\/\/parquedaterranova.pt\/portal\/index.php?rest_route=\/wp\/v2\/types\/page"}],"author":[{"embeddable":true,"href":"https:\/\/parquedaterranova.pt\/portal\/index.php?rest_route=\/wp\/v2\/users\/1"}],"replies":[{"embeddable":true,"href":"https:\/\/parquedaterranova.pt\/portal\/index.php?rest_route=%2Fwp%2Fv2%2Fcomments&post=783"}],"version-history":[{"count":1,"href":"https:\/\/parquedaterranova.pt\/portal\/index.php?rest_route=\/wp\/v2\/pages\/783\/revisions"}],"predecessor-version":[{"id":784,"href":"https:\/\/parquedaterranova.pt\/portal\/index.php?rest_route=\/wp\/v2\/pages\/783\/revisions\/784"}],"wp:attachment":[{"href":"https:\/\/parquedaterranova.pt\/portal\/index.php?rest_route=%2Fwp%2Fv2%2Fmedia&parent=783"}],"curies":[{"name":"wp","href":"https:\/\/api.w.org\/{rel}","templated":true}]}}