{"id":764,"date":"2026-02-10T12:10:16","date_gmt":"2026-02-10T12:10:16","guid":{"rendered":"https:\/\/parquedaterranova.pt\/portal\/?page_id=764"},"modified":"2026-02-10T12:12:35","modified_gmt":"2026-02-10T12:12:35","slug":"jenny-rocha","status":"publish","type":"page","link":"https:\/\/parquedaterranova.pt\/portal\/?page_id=764","title":{"rendered":"Jenny &#8220;Rocha&#8221;"},"content":{"rendered":"<p>JENNY &#8220;ROCHA&#8221; (29 de Mar\u00e7o de 2025)<\/p>\n<p style=\"text-align: justify;\"><img loading=\"lazy\" decoding=\"async\" class=\"size-medium wp-image-763 alignleft\" src=\"https:\/\/parquedaterranova.pt\/portal\/wp-content\/uploads\/2026\/02\/jenny_rocha_01-106x188.jpg\" alt=\"\" width=\"106\" height=\"188\" srcset=\"https:\/\/parquedaterranova.pt\/portal\/wp-content\/uploads\/2026\/02\/jenny_rocha_01-106x188.jpg 106w, https:\/\/parquedaterranova.pt\/portal\/wp-content\/uploads\/2026\/02\/jenny_rocha_01-169x300.jpg 169w, https:\/\/parquedaterranova.pt\/portal\/wp-content\/uploads\/2026\/02\/jenny_rocha_01.jpg 337w\" sizes=\"auto, (max-width: 106px) 100vw, 106px\" \/>&#8230; J\u00e1 partiu h\u00e1 quase duas semanas, a nossa querida velhinha JENNY, mas n\u00e3o pod\u00edamos nem quer\u00edamos deixar de lhe prestar o nosso sentido tributo. A JENNY partiu serenamente para o &#8220;C\u00e9u de C\u00e3o&#8221;, na sequ\u00eancia de complica\u00e7\u00f5es da sua condi\u00e7\u00e3o de diab\u00e9tica, acompanhada, em todos os momentos, pela sua dedicada Protectora e um elemento da nossa equipa. Esta linda c\u00e3o-panheira, que tinha j\u00e1 cerca de 18 anos, estava, tamb\u00e9m, cega, e tinha um enorme tumor no t\u00f3rax, cuja remo\u00e7\u00e3o cir\u00fargica n\u00e3o tinha sido considerada aconselh\u00e1vel, dadas as outras patologias de que a nossa JENNY sofria. A JENNY &#8220;ROCHA&#8221; j\u00e1 estava connosco h\u00e1 longos anos, e, al\u00e9m de lind\u00edssima e simp\u00e1tica, tinha uma personalidade forte, que a tornava um pouco &#8220;mandona&#8221;, mas, ainda assim, soci\u00e1vel com c\u00e3o-panheiros mais sossegados. Nunca esqueceremos esta querida despenteada, que, durante tanto tempo, nos deu o privil\u00e9gio de cuidarmos dela, e por isso dizemos, at\u00e9 sempre, querida JENNY &#8211; continuar\u00e1s viva nos cora\u00e7\u00f5es destes teus Amigos e na Alma de C\u00e3o desta tua casa, no <strong>Parque da Terra Nova<\/strong>!<\/p>\n<p style=\"text-align: right;\"><a href=\"https:\/\/parquedaterranova.pt\/portal\/?page_id=543\"><strong>VOLTAR<\/strong><\/a><\/p>\n\n","protected":false},"excerpt":{"rendered":"<p>JENNY &#8220;ROCHA&#8221; (29 de Mar\u00e7o de 2025) &#8230; J\u00e1 partiu h\u00e1 quase duas semanas, a nossa querida velhinha JENNY, mas n\u00e3o pod\u00edamos nem quer\u00edamos deixar de lhe prestar o nosso sentido tributo. A JENNY partiu serenamente para o &#8220;C\u00e9u de &hellip; <a href=\"https:\/\/parquedaterranova.pt\/portal\/?page_id=764\">Continuar a ler <span class=\"meta-nav\">&rarr;<\/span><\/a><\/p>\n","protected":false},"author":1,"featured_media":0,"parent":0,"menu_order":7,"comment_status":"closed","ping_status":"closed","template":"sidebar-page.php","meta":{"footnotes":""},"class_list":["post-764","page","type-page","status-publish","hentry"],"_links":{"self":[{"href":"https:\/\/parquedaterranova.pt\/portal\/index.php?rest_route=\/wp\/v2\/pages\/764","targetHints":{"allow":["GET"]}}],"collection":[{"href":"https:\/\/parquedaterranova.pt\/portal\/index.php?rest_route=\/wp\/v2\/pages"}],"about":[{"href":"https:\/\/parquedaterranova.pt\/portal\/index.php?rest_route=\/wp\/v2\/types\/page"}],"author":[{"embeddable":true,"href":"https:\/\/parquedaterranova.pt\/portal\/index.php?rest_route=\/wp\/v2\/users\/1"}],"replies":[{"embeddable":true,"href":"https:\/\/parquedaterranova.pt\/portal\/index.php?rest_route=%2Fwp%2Fv2%2Fcomments&post=764"}],"version-history":[{"count":1,"href":"https:\/\/parquedaterranova.pt\/portal\/index.php?rest_route=\/wp\/v2\/pages\/764\/revisions"}],"predecessor-version":[{"id":765,"href":"https:\/\/parquedaterranova.pt\/portal\/index.php?rest_route=\/wp\/v2\/pages\/764\/revisions\/765"}],"wp:attachment":[{"href":"https:\/\/parquedaterranova.pt\/portal\/index.php?rest_route=%2Fwp%2Fv2%2Fmedia&parent=764"}],"curies":[{"name":"wp","href":"https:\/\/api.w.org\/{rel}","templated":true}]}}