{"id":734,"date":"2026-02-07T15:25:42","date_gmt":"2026-02-07T15:25:42","guid":{"rendered":"https:\/\/parquedaterranova.pt\/portal\/?page_id=734"},"modified":"2026-02-07T15:29:22","modified_gmt":"2026-02-07T15:29:22","slug":"crispim","status":"publish","type":"page","link":"https:\/\/parquedaterranova.pt\/portal\/?page_id=734","title":{"rendered":"Crispim"},"content":{"rendered":"<p>CRISPIM (13 de Agosto de 2024)<\/p>\n<p style=\"text-align: justify;\"><img loading=\"lazy\" decoding=\"async\" class=\"size-medium wp-image-733 alignleft\" src=\"https:\/\/parquedaterranova.pt\/portal\/wp-content\/uploads\/2026\/02\/crispim_01-168x188.jpg\" alt=\"\" width=\"168\" height=\"188\" srcset=\"https:\/\/parquedaterranova.pt\/portal\/wp-content\/uploads\/2026\/02\/crispim_01-168x188.jpg 168w, https:\/\/parquedaterranova.pt\/portal\/wp-content\/uploads\/2026\/02\/crispim_01-268x300.jpg 268w, https:\/\/parquedaterranova.pt\/portal\/wp-content\/uploads\/2026\/02\/crispim_01.jpg 620w\" sizes=\"auto, (max-width: 168px) 100vw, 168px\" \/>O\u00a0nosso querido CRISPIM, o nosso gordinho mais maravilhoso do mundo, partiu ontem para o &#8220;C\u00e9u de C\u00e3o&#8221;. Sab\u00edamos que a sua hora podia soar a qualquer momento, n\u00e3o s\u00f3 devido \u00e0 sua avan\u00e7ad\u00edssima idade de 21 anos, mas tamb\u00e9m devido aos v\u00e1rios problemas de sa\u00fade que, desde h\u00e1 bastante tempo, o v\u00ednhamos ajudando a gerir da melhor maneira, sempre com a preciosa e carinhosa assist\u00eancia do <a href=\"https:\/\/www.facebook.com\/hospvetmontenegro?__cft__%5b0%5d=AZWDSF7IYGZDunQS_Ev0nmE1IYU40pPxo2MBjBXxl23R_HVGLw2BSg9ZCwY55v7Dw5D8tvKB8QtPfgDa455fLEefnQ4puGjawq7IFvUaJHSPjF00K-5XMITjmyReBYe8UJDnKwR3bXLJCyZ0uOOb1CU1rt5zHJdDX1_UezH5ikRDEMXHHW7u1YWmmysuQigisdYpV6YQcANF9vZA-ycWIfvyC42bhzaXMAHbTY6a0GETcA&amp;__tn__=-%5dK-R\">Hospital Refer\u00eancia Veterin\u00e1ria Montenegro<\/a>, a quem nunca agradeceremos suficientemente todas as aten\u00e7\u00f5es e carinhos dispensados ao nosso querido velhinho. No entanto, mesmo quando sabemos, n\u00e3o estamos nunca preparados para quando chega essa hora&#8230; e o nosso cora\u00e7\u00e3o parte-se em mil bocados, da forma mais dolorosa. Por outro lado, e no meio de toda essa enorme tristeza, \u00e9 de certo modo reconfortante acompanhar estas passagens para l\u00e1 do arco-\u00edris sabendo que elas se processam em absoluta paz e serenidade. Assim parou o cora\u00e7\u00e3o do nosso querido CRISPIM, rodeado do amor e dos miminhos dos que dele cuidaram, aqui no P.T.N., ao longo de quase todos esses 21 anos que nos privilegiou com a sua companhia. Este nosso querido e carism\u00e1tico velhote deixa um enorme vazio&#8230; mas deixa, tamb\u00e9m, a eterna mem\u00f3ria da sua maravilhosa vida e alegre presen\u00e7a em todos n\u00f3s e na Alma de C\u00e3o deste lugar! O nosso infinito OBRIGAD\u00c3O-\u00c3O-\u00c3O, querido CRISPIM, por nos teres dado a honra de gostares de n\u00f3s!<\/p>\n<p><img loading=\"lazy\" decoding=\"async\" class=\"alignnone size-medium wp-image-731\" src=\"https:\/\/parquedaterranova.pt\/portal\/wp-content\/uploads\/2026\/02\/crispim_02-300x168.jpg\" alt=\"\" width=\"300\" height=\"168\" srcset=\"https:\/\/parquedaterranova.pt\/portal\/wp-content\/uploads\/2026\/02\/crispim_02-300x168.jpg 300w, https:\/\/parquedaterranova.pt\/portal\/wp-content\/uploads\/2026\/02\/crispim_02-500x280.jpg 500w, https:\/\/parquedaterranova.pt\/portal\/wp-content\/uploads\/2026\/02\/crispim_02.jpg 640w\" sizes=\"auto, (max-width: 300px) 100vw, 300px\" \/><\/p>\n<p style=\"text-align: right;\"><a href=\"https:\/\/parquedaterranova.pt\/portal\/?page_id=535\"><strong>VOLTAR<\/strong><\/a><\/p>\n\n\n\n","protected":false},"excerpt":{"rendered":"<p>CRISPIM (13 de Agosto de 2024) O\u00a0nosso querido CRISPIM, o nosso gordinho mais maravilhoso do mundo, partiu ontem para o &#8220;C\u00e9u de C\u00e3o&#8221;. Sab\u00edamos que a sua hora podia soar a qualquer momento, n\u00e3o s\u00f3 devido \u00e0 sua avan\u00e7ad\u00edssima idade &hellip; <a href=\"https:\/\/parquedaterranova.pt\/portal\/?page_id=734\">Continuar a ler <span class=\"meta-nav\">&rarr;<\/span><\/a><\/p>\n","protected":false},"author":1,"featured_media":0,"parent":0,"menu_order":7,"comment_status":"closed","ping_status":"closed","template":"sidebar-page.php","meta":{"footnotes":""},"class_list":["post-734","page","type-page","status-publish","hentry"],"_links":{"self":[{"href":"https:\/\/parquedaterranova.pt\/portal\/index.php?rest_route=\/wp\/v2\/pages\/734","targetHints":{"allow":["GET"]}}],"collection":[{"href":"https:\/\/parquedaterranova.pt\/portal\/index.php?rest_route=\/wp\/v2\/pages"}],"about":[{"href":"https:\/\/parquedaterranova.pt\/portal\/index.php?rest_route=\/wp\/v2\/types\/page"}],"author":[{"embeddable":true,"href":"https:\/\/parquedaterranova.pt\/portal\/index.php?rest_route=\/wp\/v2\/users\/1"}],"replies":[{"embeddable":true,"href":"https:\/\/parquedaterranova.pt\/portal\/index.php?rest_route=%2Fwp%2Fv2%2Fcomments&post=734"}],"version-history":[{"count":1,"href":"https:\/\/parquedaterranova.pt\/portal\/index.php?rest_route=\/wp\/v2\/pages\/734\/revisions"}],"predecessor-version":[{"id":735,"href":"https:\/\/parquedaterranova.pt\/portal\/index.php?rest_route=\/wp\/v2\/pages\/734\/revisions\/735"}],"wp:attachment":[{"href":"https:\/\/parquedaterranova.pt\/portal\/index.php?rest_route=%2Fwp%2Fv2%2Fmedia&parent=734"}],"curies":[{"name":"wp","href":"https:\/\/api.w.org\/{rel}","templated":true}]}}