{"id":727,"date":"2026-02-06T20:37:55","date_gmt":"2026-02-06T20:37:55","guid":{"rendered":"https:\/\/parquedaterranova.pt\/portal\/?page_id=727"},"modified":"2026-02-06T20:39:27","modified_gmt":"2026-02-06T20:39:27","slug":"colinho","status":"publish","type":"page","link":"https:\/\/parquedaterranova.pt\/portal\/?page_id=727","title":{"rendered":"Colinho"},"content":{"rendered":"<p>COLINHO (14 de Fevereiro de 2025)<\/p>\n<p style=\"text-align: justify;\"><img loading=\"lazy\" decoding=\"async\" class=\"size-medium wp-image-726 alignleft\" src=\"https:\/\/parquedaterranova.pt\/portal\/wp-content\/uploads\/2026\/02\/colinho_01-148x188.jpg\" alt=\"\" width=\"148\" height=\"188\" srcset=\"https:\/\/parquedaterranova.pt\/portal\/wp-content\/uploads\/2026\/02\/colinho_01-148x188.jpg 148w, https:\/\/parquedaterranova.pt\/portal\/wp-content\/uploads\/2026\/02\/colinho_01-236x300.jpg 236w, https:\/\/parquedaterranova.pt\/portal\/wp-content\/uploads\/2026\/02\/colinho_01.jpg 640w\" sizes=\"auto, (max-width: 148px) 100vw, 148px\" \/>Na passada sexta feira, o cora\u00e7\u00e3o do nosso maravilhoso COLINHO parou de bater&#8230; e o nosso quebrou, mais uma vez, sob a enorme tristeza de mais esta perda. O COLINHO tinha um grande sopro card\u00edaco, e, embora estivesse medicado desde h\u00e1 bastante tempo, e tivesse ultrapassado uma crise h\u00e1 alguns meses, da qual esteve a recuperar no &#8220;Palace Rodinhas&#8221;, voltou a piorar recentemente, tendo perdido a for\u00e7a, e apresentando sinais de congest\u00e3o cardio-pulmonar que, apesar dos cuidados veterin\u00e1rios recebidos, n\u00e3o foi poss\u00edvel reverter. O COLINHO tinha cerca de 15 anos, e foi recolhido pela nossa equipa na via p\u00fablica &#8211; uma estrada muito movimentada &#8211; nas imedia\u00e7\u00f5es de uma cl\u00ednica veterin\u00e1ria, em Junho de 2013. N\u00e3o tinha microchip, e era um jovem adulto, com o p\u00ealo em muito mau estado, e bastante magro. Nunca apareceu ningu\u00e9m a reclam\u00e1-lo, pelo que ficou a nosso cargo, e dispon\u00edvel para adop\u00e7\u00e3o. No entanto, e apesar de ser um c\u00e3o lind\u00edssimo e muito soci\u00e1vel, o tempo foi passando sem que surgissem quaisquer interessados em dar-lhe um lar. Aqui ficou, portanto, tendo-se tornado residente permanente, e tendo, por fim, merecido o privil\u00e9gio de ser escolhido por uma maravilhosa C\u00e3o-madrinha, a quem estaremos eternamente gratos pelo apoio e carinho que lhe dedicou. O COLINHO era um encanto de c\u00e3o-panheiro, que nunca esqueceremos, e de quem temos, j\u00e1, muitas saudades. At\u00e9 sempre, lindo COLINHO, brinca muito com os outros Inesquec\u00edveis do Parque, l\u00e1 no C\u00e9u de C\u00e3o!<\/p>\n<p style=\"text-align: right;\"><a href=\"https:\/\/parquedaterranova.pt\/portal\/?page_id=543\"><strong>VOLTAR<\/strong><\/a><\/p>\n\n","protected":false},"excerpt":{"rendered":"<p>COLINHO (14 de Fevereiro de 2025) Na passada sexta feira, o cora\u00e7\u00e3o do nosso maravilhoso COLINHO parou de bater&#8230; e o nosso quebrou, mais uma vez, sob a enorme tristeza de mais esta perda. O COLINHO tinha um grande sopro &hellip; <a href=\"https:\/\/parquedaterranova.pt\/portal\/?page_id=727\">Continuar a ler <span class=\"meta-nav\">&rarr;<\/span><\/a><\/p>\n","protected":false},"author":1,"featured_media":0,"parent":0,"menu_order":7,"comment_status":"closed","ping_status":"closed","template":"sidebar-page.php","meta":{"footnotes":""},"class_list":["post-727","page","type-page","status-publish","hentry"],"_links":{"self":[{"href":"https:\/\/parquedaterranova.pt\/portal\/index.php?rest_route=\/wp\/v2\/pages\/727","targetHints":{"allow":["GET"]}}],"collection":[{"href":"https:\/\/parquedaterranova.pt\/portal\/index.php?rest_route=\/wp\/v2\/pages"}],"about":[{"href":"https:\/\/parquedaterranova.pt\/portal\/index.php?rest_route=\/wp\/v2\/types\/page"}],"author":[{"embeddable":true,"href":"https:\/\/parquedaterranova.pt\/portal\/index.php?rest_route=\/wp\/v2\/users\/1"}],"replies":[{"embeddable":true,"href":"https:\/\/parquedaterranova.pt\/portal\/index.php?rest_route=%2Fwp%2Fv2%2Fcomments&post=727"}],"version-history":[{"count":1,"href":"https:\/\/parquedaterranova.pt\/portal\/index.php?rest_route=\/wp\/v2\/pages\/727\/revisions"}],"predecessor-version":[{"id":728,"href":"https:\/\/parquedaterranova.pt\/portal\/index.php?rest_route=\/wp\/v2\/pages\/727\/revisions\/728"}],"wp:attachment":[{"href":"https:\/\/parquedaterranova.pt\/portal\/index.php?rest_route=%2Fwp%2Fv2%2Fmedia&parent=727"}],"curies":[{"name":"wp","href":"https:\/\/api.w.org\/{rel}","templated":true}]}}