{"id":706,"date":"2026-02-05T13:57:53","date_gmt":"2026-02-05T13:57:53","guid":{"rendered":"https:\/\/parquedaterranova.pt\/portal\/?page_id=706"},"modified":"2026-02-05T14:01:28","modified_gmt":"2026-02-05T14:01:28","slug":"can","status":"publish","type":"page","link":"https:\/\/parquedaterranova.pt\/portal\/?page_id=706","title":{"rendered":"Can\u00e9"},"content":{"rendered":"<p>CAN\u00c9 (25 de Janeiro de 2024)<\/p>\n<p style=\"text-align: justify;\"><img loading=\"lazy\" decoding=\"async\" class=\"alignnone size-medium wp-image-705 alignleft\" src=\"https:\/\/parquedaterranova.pt\/portal\/wp-content\/uploads\/2026\/02\/cane_01-213x188.jpg\" alt=\"\" width=\"213\" height=\"188\" srcset=\"https:\/\/parquedaterranova.pt\/portal\/wp-content\/uploads\/2026\/02\/cane_01-213x188.jpg 213w, https:\/\/parquedaterranova.pt\/portal\/wp-content\/uploads\/2026\/02\/cane_01-340x300.jpg 340w, https:\/\/parquedaterranova.pt\/portal\/wp-content\/uploads\/2026\/02\/cane_01.jpg 531w\" sizes=\"auto, (max-width: 213px) 100vw, 213px\" \/>O nosso querido CAN\u00c9 estava connosco h\u00e1 j\u00e1 muitos anos. Veio para o P.T.N. j\u00e1 adulto, por ter ficado cego, como resultado de ter sido alvejado a tiro e ter ficado com chumbos alojados no cr\u00e2nio. Foi sempre um c\u00e3o muito d\u00f3cil e bem comportado, bastante t\u00edmido, e dava-se muito bem com os seus c\u00e3opanheiros de alojamento, que eram o TOMMY e a MAQUINISTA. Quando estes partiram para o &#8220;C\u00e9u de C\u00e3o&#8221;, por\u00e9m, e para que n\u00e3o ficasse s\u00f3zinho, o CAN\u00c9 foi transferido para o &#8220;P\u00e1tio dos Rodinhas&#8221;, onde se integrou bem com os novos c\u00e3opanheiros, e se tornou at\u00e9 menos t\u00edmido em rela\u00e7\u00e3o aos humanos, mas mantendo sempre o seu esp\u00edrito independente e calmo. Em Janeiro de 2023, o CAN\u00c9 sofreu uma grave crise de S\u00edndrome Vertiginoso Geri\u00e1trico (ou S\u00edndrome do Vestibular), mas, ao longo do tempo, recuperou totalmente, tendo usufru\u00eddo de v\u00e1rios meses de bem estar e conforto. Embora<img loading=\"lazy\" decoding=\"async\" class=\"size-medium wp-image-703 alignleft\" src=\"https:\/\/parquedaterranova.pt\/portal\/wp-content\/uploads\/2026\/02\/cane_02-192x188.jpg\" alt=\"\" width=\"192\" height=\"188\" srcset=\"https:\/\/parquedaterranova.pt\/portal\/wp-content\/uploads\/2026\/02\/cane_02-192x188.jpg 192w, https:\/\/parquedaterranova.pt\/portal\/wp-content\/uploads\/2026\/02\/cane_02-306x300.jpg 306w, https:\/\/parquedaterranova.pt\/portal\/wp-content\/uploads\/2026\/02\/cane_02.jpg 526w\" sizes=\"auto, (max-width: 192px) 100vw, 192px\" \/>\u00a0 soub\u00e9ssemos que a presen\u00e7a de chumbos no seu cr\u00e2nio poderia, com a passagem dos anos, causar les\u00f5es graves, a hemorragia cerebral fulminante que sofreu e que o levou da nossa companhia, foi para n\u00f3s um grande choque, pois ainda na v\u00e9spera o CAN\u00c9 aparentava estar perfeitamente bem. Com a sua linda pelagem e cor de olhos invulgar, o CAN\u00c9 foi um dos residentes mais bonitos que tivemos ao nosso cuidado. E&#8230; nunca esqueceremos este c\u00e3opanheiro d\u00f3cil, independente, e muito inteligente, a quem esperamos ter proporcionado uma vida feliz. At\u00e9 sempre, querido CAN\u00c9!<\/p>\n<p style=\"text-align: right;\"><a href=\"https:\/\/parquedaterranova.pt\/portal\/?page_id=535\"><strong>VOLTAR<\/strong><\/a><\/p>\n\n\n\n","protected":false},"excerpt":{"rendered":"<p>CAN\u00c9 (25 de Janeiro de 2024) O nosso querido CAN\u00c9 estava connosco h\u00e1 j\u00e1 muitos anos. Veio para o P.T.N. j\u00e1 adulto, por ter ficado cego, como resultado de ter sido alvejado a tiro e ter ficado com chumbos alojados &hellip; <a href=\"https:\/\/parquedaterranova.pt\/portal\/?page_id=706\">Continuar a ler <span class=\"meta-nav\">&rarr;<\/span><\/a><\/p>\n","protected":false},"author":1,"featured_media":0,"parent":0,"menu_order":7,"comment_status":"closed","ping_status":"closed","template":"sidebar-page.php","meta":{"footnotes":""},"class_list":["post-706","page","type-page","status-publish","hentry"],"_links":{"self":[{"href":"https:\/\/parquedaterranova.pt\/portal\/index.php?rest_route=\/wp\/v2\/pages\/706","targetHints":{"allow":["GET"]}}],"collection":[{"href":"https:\/\/parquedaterranova.pt\/portal\/index.php?rest_route=\/wp\/v2\/pages"}],"about":[{"href":"https:\/\/parquedaterranova.pt\/portal\/index.php?rest_route=\/wp\/v2\/types\/page"}],"author":[{"embeddable":true,"href":"https:\/\/parquedaterranova.pt\/portal\/index.php?rest_route=\/wp\/v2\/users\/1"}],"replies":[{"embeddable":true,"href":"https:\/\/parquedaterranova.pt\/portal\/index.php?rest_route=%2Fwp%2Fv2%2Fcomments&post=706"}],"version-history":[{"count":1,"href":"https:\/\/parquedaterranova.pt\/portal\/index.php?rest_route=\/wp\/v2\/pages\/706\/revisions"}],"predecessor-version":[{"id":707,"href":"https:\/\/parquedaterranova.pt\/portal\/index.php?rest_route=\/wp\/v2\/pages\/706\/revisions\/707"}],"wp:attachment":[{"href":"https:\/\/parquedaterranova.pt\/portal\/index.php?rest_route=%2Fwp%2Fv2%2Fmedia&parent=706"}],"curies":[{"name":"wp","href":"https:\/\/api.w.org\/{rel}","templated":true}]}}