{"id":678,"date":"2026-02-04T11:02:13","date_gmt":"2026-02-04T11:02:13","guid":{"rendered":"https:\/\/parquedaterranova.pt\/portal\/?page_id=678"},"modified":"2026-02-06T14:24:15","modified_gmt":"2026-02-06T14:24:15","slug":"joaninha","status":"publish","type":"page","link":"https:\/\/parquedaterranova.pt\/portal\/?page_id=678","title":{"rendered":"Joaninha"},"content":{"rendered":"<p>JOANINHA\u00a0(30 de Outubro de 2025)<\/p>\n<p style=\"text-align: justify;\"><img loading=\"lazy\" decoding=\"async\" class=\"size-medium wp-image-677 alignleft\" src=\"https:\/\/parquedaterranova.pt\/portal\/wp-content\/uploads\/2026\/02\/joaninha_02-136x188.jpg\" alt=\"\" width=\"136\" height=\"188\" srcset=\"https:\/\/parquedaterranova.pt\/portal\/wp-content\/uploads\/2026\/02\/joaninha_02-136x188.jpg 136w, https:\/\/parquedaterranova.pt\/portal\/wp-content\/uploads\/2026\/02\/joaninha_02-625x867.jpg 625w, https:\/\/parquedaterranova.pt\/portal\/wp-content\/uploads\/2026\/02\/joaninha_02-768x1065.jpg 768w, https:\/\/parquedaterranova.pt\/portal\/wp-content\/uploads\/2026\/02\/joaninha_02-216x300.jpg 216w, https:\/\/parquedaterranova.pt\/portal\/wp-content\/uploads\/2026\/02\/joaninha_02.jpg 839w\" sizes=\"auto, (max-width: 136px) 100vw, 136px\" \/>&#8230; Infelizmente, mais uma daquelas not\u00edcias que nos corta o cora\u00e7\u00e3o ter de partilhar&#8230; A nossa querida JOANINHA partiu para o &#8220;C\u00e9u de C\u00e3o&#8221; na passada quinta feira \u00e0 noite. N\u00e3o estava gravemente doente, mas, por outro lado, a sua partida, ali\u00e1s muito serena e sem qualquer sofrimento, n\u00e3o nos apanhou propriamente de surpresa, pois j\u00e1 desde o Ver\u00e3o que a nossa querida velhinha vinha apresentando cada vez maior debilidade, a par de sintomas difusos de insufici\u00eancia card\u00edaca e, depois, renal. Estava a receber medica\u00e7\u00e3o, algumas vezes por via endovenosa na cl\u00ednica, e recuperava ligeiramente, mas, depois, piorava de novo, mostrando-se cada vez mais d\u00e9bil. Tinha j\u00e1 14 anos. Partiu na sua caminha, rodeada de todo o carinho daqueles que sempre cuidaram dela. Na imagem que escolhemos para ilustrar esta not\u00edcia, podem ver uma das primeiras e uma das \u00faltimas &#8211; esta, muito recente &#8211; fotografias da JOANINHA, em ambos os casos com a sua adorada Maria. A JOANINHA foi abandonada no P.T.N. em Julho de 2011, com cerca de 1 m\u00eas de idade, tendo ainda recebido aleitamento artificial durante algum tempo. Foi adoptada duas vezes, uma delas ainda em cachorrinha e a outra j\u00e1 em adulta, tendo, no entanto, sido devolvida tamb\u00e9m das duas vezes, pelo que decidimos n\u00e3o disponibiliz\u00e1-la mais para adop\u00e7\u00e3o, para n\u00e3o a sujeitar a mais traumas e mais sofrimento com situa\u00e7\u00f5es semelhantes \u00e0s j\u00e1 vividas. Ap\u00f3s a segunda devolu\u00e7\u00e3o, e durante ainda bastante tempo, a JOANINHA mostrava-se muito t\u00edmida e desconfiada, s\u00f3 nos \u00faltimos anos tendo recuperado a confian\u00e7a em n\u00f3s e a do\u00e7ura, a meiguice, e esp\u00edrito alegre que, depois, conservou at\u00e9 ao fim. Temos muitas saudades da nossa querida JOANINHA, e nunca a esqueceremos, pois permanecer\u00e1 para sempre nos nossos cora\u00e7\u00f5es, e na Alma de C\u00e3o desta que, na realidade, foi sempre a sua casa.<\/p>\n<p style=\"text-align: right;\"><a href=\"https:\/\/parquedaterranova.pt\/portal\/?page_id=543\"><strong>VOLTAR<\/strong><\/a><\/p>\n\n","protected":false},"excerpt":{"rendered":"<p>JOANINHA\u00a0(30 de Outubro de 2025) &#8230; Infelizmente, mais uma daquelas not\u00edcias que nos corta o cora\u00e7\u00e3o ter de partilhar&#8230; A nossa querida JOANINHA partiu para o &#8220;C\u00e9u de C\u00e3o&#8221; na passada quinta feira \u00e0 noite. N\u00e3o estava gravemente doente, mas, &hellip; <a href=\"https:\/\/parquedaterranova.pt\/portal\/?page_id=678\">Continuar a ler <span class=\"meta-nav\">&rarr;<\/span><\/a><\/p>\n","protected":false},"author":1,"featured_media":0,"parent":0,"menu_order":7,"comment_status":"closed","ping_status":"closed","template":"sidebar-page.php","meta":{"footnotes":""},"class_list":["post-678","page","type-page","status-publish","hentry"],"_links":{"self":[{"href":"https:\/\/parquedaterranova.pt\/portal\/index.php?rest_route=\/wp\/v2\/pages\/678","targetHints":{"allow":["GET"]}}],"collection":[{"href":"https:\/\/parquedaterranova.pt\/portal\/index.php?rest_route=\/wp\/v2\/pages"}],"about":[{"href":"https:\/\/parquedaterranova.pt\/portal\/index.php?rest_route=\/wp\/v2\/types\/page"}],"author":[{"embeddable":true,"href":"https:\/\/parquedaterranova.pt\/portal\/index.php?rest_route=\/wp\/v2\/users\/1"}],"replies":[{"embeddable":true,"href":"https:\/\/parquedaterranova.pt\/portal\/index.php?rest_route=%2Fwp%2Fv2%2Fcomments&post=678"}],"version-history":[{"count":3,"href":"https:\/\/parquedaterranova.pt\/portal\/index.php?rest_route=\/wp\/v2\/pages\/678\/revisions"}],"predecessor-version":[{"id":717,"href":"https:\/\/parquedaterranova.pt\/portal\/index.php?rest_route=\/wp\/v2\/pages\/678\/revisions\/717"}],"wp:attachment":[{"href":"https:\/\/parquedaterranova.pt\/portal\/index.php?rest_route=%2Fwp%2Fv2%2Fmedia&parent=678"}],"curies":[{"name":"wp","href":"https:\/\/api.w.org\/{rel}","templated":true}]}}