{"id":630,"date":"2026-01-29T12:51:24","date_gmt":"2026-01-29T12:51:24","guid":{"rendered":"https:\/\/parquedaterranova.pt\/portal\/?page_id=630"},"modified":"2026-02-05T12:16:22","modified_gmt":"2026-02-05T12:16:22","slug":"ruca","status":"publish","type":"page","link":"https:\/\/parquedaterranova.pt\/portal\/?page_id=630","title":{"rendered":"Ruca"},"content":{"rendered":"<p>RUCA * (13 de Fevereiro de 2020)<\/p>\n<p style=\"text-align: justify;\"><img loading=\"lazy\" decoding=\"async\" class=\"size-medium wp-image-632 alignleft\" src=\"https:\/\/parquedaterranova.pt\/portal\/wp-content\/uploads\/2026\/01\/ruca_01-282x188.jpg\" alt=\"\" width=\"282\" height=\"188\" srcset=\"https:\/\/parquedaterranova.pt\/portal\/wp-content\/uploads\/2026\/01\/ruca_01-282x188.jpg 282w, https:\/\/parquedaterranova.pt\/portal\/wp-content\/uploads\/2026\/01\/ruca_01-768x511.jpg 768w, https:\/\/parquedaterranova.pt\/portal\/wp-content\/uploads\/2026\/01\/ruca_01-451x300.jpg 451w, https:\/\/parquedaterranova.pt\/portal\/wp-content\/uploads\/2026\/01\/ruca_01.jpg 960w\" sizes=\"auto, (max-width: 282px) 100vw, 282px\" \/>Infelizmente, e apesar de todos os esfor\u00e7os desenvolvidos por n\u00f3s e pelos veterin\u00e1rios que a assistiram, n\u00e3o foi poss\u00edvel salvar a nossa querida RUCA, que partiu para o &#8220;C\u00e9u de C\u00e3o&#8221; ontem, rodeada de todos os que sempre dela cuidaram e acarinharam. A RUCA partiu serenamente, sem qualquer sofrimento, e, desde j\u00e1, gostar\u00edamos de sublinhar o seguinte, mais uma vez: No \u00e2mbito da nossa miss\u00e3o, que \u00e9 prestar cuidados a c\u00e3es com idades avan\u00e7adas e\u00a0c\u00e3es com necessidades especiais e patologias cr\u00f3nicas de v\u00e1ria ordem, temos como prioridade assegurar o seu bem estar e, tanto quanto poss\u00edvel, um elevado n\u00edvel de qualidade de vida. Temos tido residentes em situa\u00e7\u00f5es grav\u00edssimas, mas que recuperaram merc\u00ea dos cuidados que lhes foram prestados e ainda viveram, felizes, por v\u00e1rios anos, outros que, infelizmente, foram v\u00edtimas de problemas agudos e inesperados, que n\u00e3o tiveram solu\u00e7\u00e3o, e outros casos, ainda, que j\u00e1 eram irrevers\u00edveis quando os recebemos, e que permaneceram connosco, sob cuidados paliativos, enquanto tal foi considerado adequado. N\u00e3o somos, de modo algum, apologistas do prolongamento desnecess\u00e1rio de situa\u00e7\u00f5es irrevers\u00edveis e que impliquem sofrimento para os animais, mas tamb\u00e9m n\u00e3o procedemos de forma precipitada, e quando, naturalmente com o apoio dos profissionais de medicina veterin\u00e1ria que acompanham os nossos residentes, consideramos adequado proporcionar-lhes uma oportunidade, \u00e9 isso mesmo que fazemos, durante um per\u00edodo de tempo razo\u00e1vel, mas quase sempre curto, e observando sempre, atentamente, todas as reac\u00e7\u00f5es. Ningu\u00e9m conhece os nossos residentes como n\u00f3s, que deles cuidamos todos os dias e a todas as horas, e ningu\u00e9m, como n\u00f3s, sente a dor de n\u00e3o poder ir mais al\u00e9m em tantos casos, bem como a dor da perda destes seres que tanto amamos, ou, por outro lado, a alegria de os vermos saud\u00e1veis, ou a recuperarem dos seus problemas. Isto dito, e que nos perdoem o que foi, no fundo, um desabafo, fundamentado, no entanto, num dia a dia extremamente dif\u00edcil e que nem sempre \u00e9 de simples compreens\u00e3o, voltamos ao caso espec\u00edfico da nossa querida RUCA, que acabou por n\u00e3o resistir \u00e0 neoplasia que a afectava, e entrou em fal\u00eancia renal, o que determinou a sua partida. Durante os muitos anos que esteve connosco, a RUCA, tal como a sua irm\u00e3 BERTILDE, n\u00e3o teve sen\u00e3o o nosso carinho e aten\u00e7\u00e3o, pois quem as trouxe nunca mais quis saber delas, e, mais recentemente, o privil\u00e9gio do apoio de um C\u00e3opadrinho absolutamente excepcional, a quem nunca agradeceremos o suficiente. Agora, tamb\u00e9m esta cadelinha, que se revelou muito doce, e que se tornou muito mais pr\u00f3xima de n\u00f3s e dos nossos carinhos numa fase j\u00e1 tardia, permanecer\u00e1, para sempre, na nossa mem\u00f3ria, nos nossos cora\u00e7\u00f5es, e na &#8220;Alma de C\u00e3o&#8221; desta que foi, verdadeiramente, a sua \u00fanica casa, em toda a sua longa vida. Querida RUCA&#8230;<\/p>\n<p style=\"text-align: right;\"><a href=\"https:\/\/parquedaterranova.pt\/portal\/?page_id=479\"><strong>VOLTAR\u00a0<\/strong><\/a><\/p>\n\n\n\n","protected":false},"excerpt":{"rendered":"<p>RUCA * (13 de Fevereiro de 2020) Infelizmente, e apesar de todos os esfor\u00e7os desenvolvidos por n\u00f3s e pelos veterin\u00e1rios que a assistiram, n\u00e3o foi poss\u00edvel salvar a nossa querida RUCA, que partiu para o &#8220;C\u00e9u de C\u00e3o&#8221; ontem, rodeada &hellip; <a href=\"https:\/\/parquedaterranova.pt\/portal\/?page_id=630\">Continuar a ler <span class=\"meta-nav\">&rarr;<\/span><\/a><\/p>\n","protected":false},"author":1,"featured_media":0,"parent":0,"menu_order":8,"comment_status":"closed","ping_status":"closed","template":"sidebar-page.php","meta":{"footnotes":""},"class_list":["post-630","page","type-page","status-publish","hentry"],"_links":{"self":[{"href":"https:\/\/parquedaterranova.pt\/portal\/index.php?rest_route=\/wp\/v2\/pages\/630","targetHints":{"allow":["GET"]}}],"collection":[{"href":"https:\/\/parquedaterranova.pt\/portal\/index.php?rest_route=\/wp\/v2\/pages"}],"about":[{"href":"https:\/\/parquedaterranova.pt\/portal\/index.php?rest_route=\/wp\/v2\/types\/page"}],"author":[{"embeddable":true,"href":"https:\/\/parquedaterranova.pt\/portal\/index.php?rest_route=\/wp\/v2\/users\/1"}],"replies":[{"embeddable":true,"href":"https:\/\/parquedaterranova.pt\/portal\/index.php?rest_route=%2Fwp%2Fv2%2Fcomments&post=630"}],"version-history":[{"count":2,"href":"https:\/\/parquedaterranova.pt\/portal\/index.php?rest_route=\/wp\/v2\/pages\/630\/revisions"}],"predecessor-version":[{"id":697,"href":"https:\/\/parquedaterranova.pt\/portal\/index.php?rest_route=\/wp\/v2\/pages\/630\/revisions\/697"}],"wp:attachment":[{"href":"https:\/\/parquedaterranova.pt\/portal\/index.php?rest_route=%2Fwp%2Fv2%2Fmedia&parent=630"}],"curies":[{"name":"wp","href":"https:\/\/api.w.org\/{rel}","templated":true}]}}