{"id":627,"date":"2026-01-29T10:20:37","date_gmt":"2026-01-29T10:20:37","guid":{"rendered":"https:\/\/parquedaterranova.pt\/portal\/?page_id=627"},"modified":"2026-02-06T14:19:12","modified_gmt":"2026-02-06T14:19:12","slug":"aidinha","status":"publish","type":"page","link":"https:\/\/parquedaterranova.pt\/portal\/?page_id=627","title":{"rendered":"Aidinha"},"content":{"rendered":"<p>AIDINHA (20 de Outubro de 2025)<\/p>\n<p style=\"text-align: justify;\"><img loading=\"lazy\" decoding=\"async\" class=\"size-medium wp-image-626 alignleft\" src=\"https:\/\/parquedaterranova.pt\/portal\/wp-content\/uploads\/2026\/01\/aidinha_01-103x188.jpg\" alt=\"\" width=\"103\" height=\"188\" srcset=\"https:\/\/parquedaterranova.pt\/portal\/wp-content\/uploads\/2026\/01\/aidinha_01-103x188.jpg 103w, https:\/\/parquedaterranova.pt\/portal\/wp-content\/uploads\/2026\/01\/aidinha_01-474x867.jpg 474w, https:\/\/parquedaterranova.pt\/portal\/wp-content\/uploads\/2026\/01\/aidinha_01-164x300.jpg 164w, https:\/\/parquedaterranova.pt\/portal\/wp-content\/uploads\/2026\/01\/aidinha_01.jpg 525w\" sizes=\"auto, (max-width: 103px) 100vw, 103px\" \/>A nossa querida AIDINHA partiu, na passada segunda feira, para o &#8220;C\u00e9u de C\u00e3o&#8221;. Desde h\u00e1 alguns dias que apresentava inapet\u00eancia e alguma letargia, mas os exames efectuados na Cl\u00ednica Veterin\u00e1ria n\u00e3o tinham acusado nada de extraordin\u00e1rio, a n\u00e3o ser os valores hep\u00e1ticos um pouco alterados. De resto, os valores expect\u00e1veis numa c\u00e3o-panheira j\u00e1 s\u00e9nior. Apesar disso, o seu estado agravou-se, e a nossa amiguinha deixou-nos, felizmente de forma muito serena, e na sua caminha. A AIDINHA tinha sido socorrida pela Paula, da Equipa do P.T.N., em Fevereiro de 2014, na sequ\u00eancia de um atropelamento na via p\u00fablica, que a Paula presenciou, tal como muitos outros condutores que passavam &#8211; mas que, tal como o autor do atropelamento, n\u00e3o se dignaram parar para ajudar a cadelinha. A AIDINHA foi imediatamente internada numa cl\u00ednica veterin\u00e1ria, onde se verificou que, felizmente, n\u00e3o sofrera les\u00f5es significativas, mas estava em choque, muito desidratada, e tinha v\u00e1rias feridas que necessitavam de cuidados, para se evitarem infec\u00e7\u00f5es. Durante a sua estadia na cl\u00ednica, a AIDINHA foi esterilizada. Era uma cadelinha de porte m\u00e9dio, rechonchuda, e muito en\u00e9rgica e alegre. Ultimamente partilhava alojamento apenas com a LADY, que tivemos de mudar para um outro parque, de forma a n\u00e3o ficar s\u00f3zinha e a sentir menos a falta da sua c\u00e3o-panheira de h\u00e1 j\u00e1 muitos anos. A AIDINHA tinha, actualmente, cerca de 13 anos. At\u00e9 sempre, linda c\u00e3o-panheira, j\u00e1 temos muitas saudades tuas, mas jamais te esqueceremos!<\/p>\n<p style=\"text-align: right;\"><a href=\"https:\/\/parquedaterranova.pt\/portal\/?page_id=543\"><strong>VOLTAR\u00a0<\/strong><\/a><\/p>\n\n","protected":false},"excerpt":{"rendered":"<p>AIDINHA (20 de Outubro de 2025) A nossa querida AIDINHA partiu, na passada segunda feira, para o &#8220;C\u00e9u de C\u00e3o&#8221;. Desde h\u00e1 alguns dias que apresentava inapet\u00eancia e alguma letargia, mas os exames efectuados na Cl\u00ednica Veterin\u00e1ria n\u00e3o tinham acusado &hellip; <a href=\"https:\/\/parquedaterranova.pt\/portal\/?page_id=627\">Continuar a ler <span class=\"meta-nav\">&rarr;<\/span><\/a><\/p>\n","protected":false},"author":1,"featured_media":0,"parent":0,"menu_order":8,"comment_status":"closed","ping_status":"closed","template":"sidebar-page.php","meta":{"footnotes":""},"class_list":["post-627","page","type-page","status-publish","hentry"],"_links":{"self":[{"href":"https:\/\/parquedaterranova.pt\/portal\/index.php?rest_route=\/wp\/v2\/pages\/627","targetHints":{"allow":["GET"]}}],"collection":[{"href":"https:\/\/parquedaterranova.pt\/portal\/index.php?rest_route=\/wp\/v2\/pages"}],"about":[{"href":"https:\/\/parquedaterranova.pt\/portal\/index.php?rest_route=\/wp\/v2\/types\/page"}],"author":[{"embeddable":true,"href":"https:\/\/parquedaterranova.pt\/portal\/index.php?rest_route=\/wp\/v2\/users\/1"}],"replies":[{"embeddable":true,"href":"https:\/\/parquedaterranova.pt\/portal\/index.php?rest_route=%2Fwp%2Fv2%2Fcomments&post=627"}],"version-history":[{"count":2,"href":"https:\/\/parquedaterranova.pt\/portal\/index.php?rest_route=\/wp\/v2\/pages\/627\/revisions"}],"predecessor-version":[{"id":713,"href":"https:\/\/parquedaterranova.pt\/portal\/index.php?rest_route=\/wp\/v2\/pages\/627\/revisions\/713"}],"wp:attachment":[{"href":"https:\/\/parquedaterranova.pt\/portal\/index.php?rest_route=%2Fwp%2Fv2%2Fmedia&parent=627"}],"curies":[{"name":"wp","href":"https:\/\/api.w.org\/{rel}","templated":true}]}}