{"id":619,"date":"2026-01-28T12:42:40","date_gmt":"2026-01-28T12:42:40","guid":{"rendered":"https:\/\/parquedaterranova.pt\/portal\/?page_id=619"},"modified":"2026-02-06T14:20:33","modified_gmt":"2026-02-06T14:20:33","slug":"bananinha-pantufa","status":"publish","type":"page","link":"https:\/\/parquedaterranova.pt\/portal\/?page_id=619","title":{"rendered":"Bananinha &#8220;Pantufa&#8221;"},"content":{"rendered":"<p>BANANINHA &#8220;PANTUFA&#8221; (29 de Abril de 2025)<\/p>\n<p style=\"text-align: justify;\"><img loading=\"lazy\" decoding=\"async\" class=\"size-medium wp-image-618 alignleft\" src=\"https:\/\/parquedaterranova.pt\/portal\/wp-content\/uploads\/2026\/01\/bananinha_01-116x188.jpg\" alt=\"\" width=\"116\" height=\"188\" srcset=\"https:\/\/parquedaterranova.pt\/portal\/wp-content\/uploads\/2026\/01\/bananinha_01-116x188.jpg 116w, https:\/\/parquedaterranova.pt\/portal\/wp-content\/uploads\/2026\/01\/bananinha_01-184x300.jpg 184w, https:\/\/parquedaterranova.pt\/portal\/wp-content\/uploads\/2026\/01\/bananinha_01.jpg 526w\" sizes=\"auto, (max-width: 116px) 100vw, 116px\" \/>&#8230; Foi com enorme tristeza que nos despedimos da nossa querida BANANINHA na passada ter\u00e7a feira \u00e0 noitinha. Infelizmente, e apesar de todos os cuidados recebidos, n\u00e3o resistiu ao agravamento do seu complexo estado, que, conforme noticiamos h\u00e1 alguns dias, inclu\u00eda uma infec\u00e7\u00e3o, insufici\u00eancia renal, um enorme sopro card\u00edaco, e epis\u00f3dios convulsivos. Partiu serenamente, acarinhada pelas humanas de quem mais gostava, e que est\u00e3o desoladas. A BANANINHA, cujo nome original era PANTUFA, tinha apenas 14 anos, mas tinha, desde sempre, alguma fragilidade em termos de sa\u00fade. Estava connosco desde o falecimento da sua tutora &#8211; m\u00e3e da Paula, da nossa equipa &#8211; e tinha uma rela\u00e7\u00e3o muito especial com a Maria, pois tinham crescido juntas. <img loading=\"lazy\" decoding=\"async\" class=\"size-medium wp-image-616 alignright\" src=\"https:\/\/parquedaterranova.pt\/portal\/wp-content\/uploads\/2026\/01\/bananinha_02-141x188.jpg\" alt=\"\" width=\"141\" height=\"188\" srcset=\"https:\/\/parquedaterranova.pt\/portal\/wp-content\/uploads\/2026\/01\/bananinha_02-141x188.jpg 141w, https:\/\/parquedaterranova.pt\/portal\/wp-content\/uploads\/2026\/01\/bananinha_02-225x300.jpg 225w, https:\/\/parquedaterranova.pt\/portal\/wp-content\/uploads\/2026\/01\/bananinha_02.jpg 526w\" sizes=\"auto, (max-width: 141px) 100vw, 141px\" \/>A BANANINHA tinha uma personalidade muito forte, como t\u00edpica &#8220;P\u00e9quinois&#8221;, e era bastante individualista, n\u00e3o se envolvendo em brincadeiras com os outros c\u00e3opanheiros, nem socializando muito com eles ou com humanos que n\u00e3o conhecesse bem. Mas era uma cadelinha muito querida, com as suas pessoas favoritas, e gostava muito de estar nos seus colinhos. Nunca esqueceremos a nossa pequena refilona, e j\u00e1 temos muitas saudades dela! At\u00e9 sempre, querida BANANINHA!<\/p>\n<p style=\"text-align: right;\"><a href=\"https:\/\/parquedaterranova.pt\/portal\/?page_id=543\"><strong>VOLTAR\u00a0<\/strong><\/a><\/p>\n\n\n\n","protected":false},"excerpt":{"rendered":"<p>BANANINHA &#8220;PANTUFA&#8221; (29 de Abril de 2025) &#8230; Foi com enorme tristeza que nos despedimos da nossa querida BANANINHA na passada ter\u00e7a feira \u00e0 noitinha. Infelizmente, e apesar de todos os cuidados recebidos, n\u00e3o resistiu ao agravamento do seu complexo &hellip; <a href=\"https:\/\/parquedaterranova.pt\/portal\/?page_id=619\">Continuar a ler <span class=\"meta-nav\">&rarr;<\/span><\/a><\/p>\n","protected":false},"author":1,"featured_media":0,"parent":0,"menu_order":8,"comment_status":"closed","ping_status":"closed","template":"sidebar-page.php","meta":{"footnotes":""},"class_list":["post-619","page","type-page","status-publish","hentry"],"_links":{"self":[{"href":"https:\/\/parquedaterranova.pt\/portal\/index.php?rest_route=\/wp\/v2\/pages\/619","targetHints":{"allow":["GET"]}}],"collection":[{"href":"https:\/\/parquedaterranova.pt\/portal\/index.php?rest_route=\/wp\/v2\/pages"}],"about":[{"href":"https:\/\/parquedaterranova.pt\/portal\/index.php?rest_route=\/wp\/v2\/types\/page"}],"author":[{"embeddable":true,"href":"https:\/\/parquedaterranova.pt\/portal\/index.php?rest_route=\/wp\/v2\/users\/1"}],"replies":[{"embeddable":true,"href":"https:\/\/parquedaterranova.pt\/portal\/index.php?rest_route=%2Fwp%2Fv2%2Fcomments&post=619"}],"version-history":[{"count":2,"href":"https:\/\/parquedaterranova.pt\/portal\/index.php?rest_route=\/wp\/v2\/pages\/619\/revisions"}],"predecessor-version":[{"id":715,"href":"https:\/\/parquedaterranova.pt\/portal\/index.php?rest_route=\/wp\/v2\/pages\/619\/revisions\/715"}],"wp:attachment":[{"href":"https:\/\/parquedaterranova.pt\/portal\/index.php?rest_route=%2Fwp%2Fv2%2Fmedia&parent=619"}],"curies":[{"name":"wp","href":"https:\/\/api.w.org\/{rel}","templated":true}]}}