{"id":612,"date":"2026-01-28T10:24:00","date_gmt":"2026-01-28T10:24:00","guid":{"rendered":"https:\/\/parquedaterranova.pt\/portal\/?page_id=612"},"modified":"2026-02-06T14:21:10","modified_gmt":"2026-02-06T14:21:10","slug":"joo-chuva","status":"publish","type":"page","link":"https:\/\/parquedaterranova.pt\/portal\/?page_id=612","title":{"rendered":"Jo\u00e3o Chuva"},"content":{"rendered":"<p>JO\u00c3O CHUVA (30 de janeiro de 2025)<\/p>\n<p style=\"text-align: justify;\">.<img loading=\"lazy\" decoding=\"async\" class=\"size-medium wp-image-607 alignleft\" src=\"https:\/\/parquedaterranova.pt\/portal\/wp-content\/uploads\/2026\/01\/joao_chuva_02-140x188.jpg\" alt=\"\" width=\"140\" height=\"188\" srcset=\"https:\/\/parquedaterranova.pt\/portal\/wp-content\/uploads\/2026\/01\/joao_chuva_02-140x188.jpg 140w, https:\/\/parquedaterranova.pt\/portal\/wp-content\/uploads\/2026\/01\/joao_chuva_02-224x300.jpg 224w, https:\/\/parquedaterranova.pt\/portal\/wp-content\/uploads\/2026\/01\/joao_chuva_02.jpg 526w\" sizes=\"auto, (max-width: 140px) 100vw, 140px\" \/>.. N\u00e3o, n\u00e3o h\u00e1 palavras, n\u00e3o h\u00e1 descri\u00e7\u00e3o poss\u00edvel para o que sentimos!&#8230; Estes \u00faltimos dias do m\u00eas n\u00e3o podiam ter sido piores, e estamos desolados, esgotados, f\u00edsica e emocionalmente, mas ainda a fazer das fraquezas for\u00e7as para tudo o que \u00e9 preciso fazer &#8211; e \u00e9 muit\u00edssimo. Mas, infelizmente, \u00e9 verdade&#8230; o nosso querido JO\u00c3O CHUVA, o nosso lindo &#8220;Ovo de P\u00e1scoa&#8221;, t\u00e3o amoroso, partiu para o &#8220;C\u00e9u de C\u00e3o&#8221; na passada quinta feira \u00e0 noite, ap\u00f3s cerca de 24h00 de um internamento de urg\u00eancia, que redundou no pior diagn\u00f3stico poss\u00edvel. Os exames efectuados durante o internamento confirmaram as nossas suspeitas, mas determinaram uma situa\u00e7\u00e3o de extrema gravidade &#8211; uma enorme massa intracraniana, exercendo press\u00e3o sobre o c\u00e9rebro, e causando uma crescente perda das faculdades b\u00e1sicas, e, finalmente, entrada em coma. N\u00e3o h\u00e1 como saber h\u00e1 quanto tempo esse tumor vinha a desenvolver-se, pois os primeiros sintomas surgiram, apenas, e como referimos no nosso \u00faltimo v\u00eddeo, h\u00e1 poucos dias&#8230; mas nunca poder\u00edamos esperar algo t\u00e3o horr\u00edvel!&#8230; De qualquer modo, o nosso querido gordinho partiu de forma totalmente serena, recebendo miminhos das suas humanas preferidas, que &#8211; principalmente a Maria, para quem ele era t\u00e3o especial&#8230; &#8211; est\u00e3o, como se pode calcular, destro\u00e7adas. O JO\u00c3O CHUVA, que teria actualmente cerca de 13 ou 14 anos, foi abandonado dentro das nossas instala\u00e7\u00f5es em Novembro de 2014, e viemos a saber que, estranhamente, algu\u00e9m (nunca descobrimos quem, concretamente&#8230;) <img loading=\"lazy\" decoding=\"async\" class=\"size-medium wp-image-606 alignright\" src=\"https:\/\/parquedaterranova.pt\/portal\/wp-content\/uploads\/2026\/01\/joao_chuva_01-254x188.jpg\" alt=\"\" width=\"254\" height=\"188\" srcset=\"https:\/\/parquedaterranova.pt\/portal\/wp-content\/uploads\/2026\/01\/joao_chuva_01-254x188.jpg 254w, https:\/\/parquedaterranova.pt\/portal\/wp-content\/uploads\/2026\/01\/joao_chuva_01-768x570.jpg 768w, https:\/\/parquedaterranova.pt\/portal\/wp-content\/uploads\/2026\/01\/joao_chuva_01-405x300.jpg 405w, https:\/\/parquedaterranova.pt\/portal\/wp-content\/uploads\/2026\/01\/joao_chuva_01.jpg 828w\" sizes=\"auto, (max-width: 254px) 100vw, 254px\" \/>o tinha trazido de Vila do Conde (!!!) onde deambulava pelas ruas! A princ\u00edpio, n\u00e3o foi um c\u00e3ozinho f\u00e1cil de integrar, pois era extremamente desconfiado, e detestava estar confinado, pelo que passava horas \u00e0 chuva, nos parques exteriores dos nossos alojamentos. Foi esse conturbado in\u00edcio que lhe valeu o nome de JO\u00c3O CHUVA&#8230; e \u00e9 esse nome que, com a imagem deste pequeno c\u00e3o-panheiro, t\u00e3o querido, t\u00e3o bonito, t\u00e3o meigo, t\u00e3o carism\u00e1tico, e a sua mem\u00f3ria indel\u00e9vel, para sempre ficar\u00e3o gravados nos nossos cora\u00e7\u00f5es, com todo o amor do mundo!<\/p>\n<p style=\"text-align: right;\"><a href=\"https:\/\/parquedaterranova.pt\/portal\/?page_id=543\"><strong>VOLTAR\u00a0<\/strong><\/a><\/p>\n\n","protected":false},"excerpt":{"rendered":"<p>JO\u00c3O CHUVA (30 de janeiro de 2025) &#8230; N\u00e3o, n\u00e3o h\u00e1 palavras, n\u00e3o h\u00e1 descri\u00e7\u00e3o poss\u00edvel para o que sentimos!&#8230; Estes \u00faltimos dias do m\u00eas n\u00e3o podiam ter sido piores, e estamos desolados, esgotados, f\u00edsica e emocionalmente, mas ainda a &hellip; <a href=\"https:\/\/parquedaterranova.pt\/portal\/?page_id=612\">Continuar a ler <span class=\"meta-nav\">&rarr;<\/span><\/a><\/p>\n","protected":false},"author":1,"featured_media":0,"parent":0,"menu_order":8,"comment_status":"closed","ping_status":"closed","template":"sidebar-page.php","meta":{"footnotes":""},"class_list":["post-612","page","type-page","status-publish","hentry"],"_links":{"self":[{"href":"https:\/\/parquedaterranova.pt\/portal\/index.php?rest_route=\/wp\/v2\/pages\/612","targetHints":{"allow":["GET"]}}],"collection":[{"href":"https:\/\/parquedaterranova.pt\/portal\/index.php?rest_route=\/wp\/v2\/pages"}],"about":[{"href":"https:\/\/parquedaterranova.pt\/portal\/index.php?rest_route=\/wp\/v2\/types\/page"}],"author":[{"embeddable":true,"href":"https:\/\/parquedaterranova.pt\/portal\/index.php?rest_route=\/wp\/v2\/users\/1"}],"replies":[{"embeddable":true,"href":"https:\/\/parquedaterranova.pt\/portal\/index.php?rest_route=%2Fwp%2Fv2%2Fcomments&post=612"}],"version-history":[{"count":2,"href":"https:\/\/parquedaterranova.pt\/portal\/index.php?rest_route=\/wp\/v2\/pages\/612\/revisions"}],"predecessor-version":[{"id":716,"href":"https:\/\/parquedaterranova.pt\/portal\/index.php?rest_route=\/wp\/v2\/pages\/612\/revisions\/716"}],"wp:attachment":[{"href":"https:\/\/parquedaterranova.pt\/portal\/index.php?rest_route=%2Fwp%2Fv2%2Fmedia&parent=612"}],"curies":[{"name":"wp","href":"https:\/\/api.w.org\/{rel}","templated":true}]}}