{"id":602,"date":"2026-01-26T13:27:24","date_gmt":"2026-01-26T13:27:24","guid":{"rendered":"https:\/\/parquedaterranova.pt\/portal\/?page_id=602"},"modified":"2026-02-06T14:19:48","modified_gmt":"2026-02-06T14:19:48","slug":"aires-beiudo","status":"publish","type":"page","link":"https:\/\/parquedaterranova.pt\/portal\/?page_id=602","title":{"rendered":"Aires Bei\u00e7udo"},"content":{"rendered":"<p>AIRES BEI\u00c7UDO (8 de Novembro de 2025)&#8230;<\/p>\n<p style=\"text-align: justify;\"><img loading=\"lazy\" decoding=\"async\" class=\"size-medium wp-image-599 alignleft\" src=\"https:\/\/parquedaterranova.pt\/portal\/wp-content\/uploads\/2026\/01\/aires_beicudo_01-243x188.jpg\" alt=\"\" width=\"243\" height=\"188\" srcset=\"https:\/\/parquedaterranova.pt\/portal\/wp-content\/uploads\/2026\/01\/aires_beicudo_01-243x188.jpg 243w, https:\/\/parquedaterranova.pt\/portal\/wp-content\/uploads\/2026\/01\/aires_beicudo_01-388x300.jpg 388w, https:\/\/parquedaterranova.pt\/portal\/wp-content\/uploads\/2026\/01\/aires_beicudo_01.jpg 699w\" sizes=\"auto, (max-width: 243px) 100vw, 243px\" \/>&#8230; N\u00e3o, n\u00e3o quer\u00edamos nada ter de partilhar mais esta trist\u00edssima not\u00edcia&#8230; mas, quase no dia exacto em que fazia 11 anos que estava connosco, o nosso querido AIRES BEI\u00c7UDO partiu para o &#8220;C\u00e9u de C\u00e3o&#8221; na sequ\u00eancia de um AVC sofrido durante a noite anterior. O nosso lind\u00e3o j\u00e1 estava doente h\u00e1 bastante tempo, alternando dias maus com outros em que passava melhor, e estava a receber cuidados paliativos na &#8220;Casa do Sr. Jos\u00e9&#8221;, pelo que, para nossa enorme tristeza, sab\u00edamos que este desfecho n\u00e3o deveria tardar. Mesmo assim, custou muito v\u00ea-lo partir fisicamente, restando apenas o consolo de sabermos que ele n\u00e3o sofreu e partiu rodeado do maior carinho, junto daqueles que sempre lhe deram e dele receberam todo o amor. O AIRES foi atirado por cima de um muro alt\u00edssimo aqui para dentro do <strong>Parque da Terra Nova<\/strong> em Novembro de 2014. Tinha, na altura, cerca de dois anos, mas estava num tal estado de magreza, t\u00e3o desnutrido e desidratado, que nem se segurava de p\u00e9. Mal recuperou o suficiente, foi castrado, e continuou a melhorar e a ficar mais forte. Tornou-se num c\u00e3o-panheiro vigoroso, muito simp\u00e1tico e soci\u00e1vel, e muito amistoso, quer com os outros c\u00e3o-panheiros, quer com os humanos, depressa conquistando todos os que com ele conviviam. E, embora nunca tivesse aparecido ningu\u00e9m interessado em adopt\u00e1-lo, o AIRES foi um c\u00e3o-panheiro amado e feliz, connosco, durante todos estes 11 anos. Quanto a n\u00f3s, nunca esqueceremos este maravilhoso &#8220;BEI\u00c7UDO&#8221;, que, para sempre, guardaremos, bem aconchegado, nos nossos cora\u00e7\u00f5es!<\/p>\n<p style=\"text-align: right;\"><a href=\"https:\/\/parquedaterranova.pt\/portal\/?page_id=543\"><strong>VOLTAR\u00a0<\/strong><\/a><\/p>\n\n","protected":false},"excerpt":{"rendered":"<p>AIRES BEI\u00c7UDO (8 de Novembro de 2025)&#8230; &#8230; N\u00e3o, n\u00e3o quer\u00edamos nada ter de partilhar mais esta trist\u00edssima not\u00edcia&#8230; mas, quase no dia exacto em que fazia 11 anos que estava connosco, o nosso querido AIRES BEI\u00c7UDO partiu para o &hellip; <a href=\"https:\/\/parquedaterranova.pt\/portal\/?page_id=602\">Continuar a ler <span class=\"meta-nav\">&rarr;<\/span><\/a><\/p>\n","protected":false},"author":1,"featured_media":0,"parent":0,"menu_order":8,"comment_status":"closed","ping_status":"closed","template":"sidebar-page.php","meta":{"footnotes":""},"class_list":["post-602","page","type-page","status-publish","hentry"],"_links":{"self":[{"href":"https:\/\/parquedaterranova.pt\/portal\/index.php?rest_route=\/wp\/v2\/pages\/602","targetHints":{"allow":["GET"]}}],"collection":[{"href":"https:\/\/parquedaterranova.pt\/portal\/index.php?rest_route=\/wp\/v2\/pages"}],"about":[{"href":"https:\/\/parquedaterranova.pt\/portal\/index.php?rest_route=\/wp\/v2\/types\/page"}],"author":[{"embeddable":true,"href":"https:\/\/parquedaterranova.pt\/portal\/index.php?rest_route=\/wp\/v2\/users\/1"}],"replies":[{"embeddable":true,"href":"https:\/\/parquedaterranova.pt\/portal\/index.php?rest_route=%2Fwp%2Fv2%2Fcomments&post=602"}],"version-history":[{"count":2,"href":"https:\/\/parquedaterranova.pt\/portal\/index.php?rest_route=\/wp\/v2\/pages\/602\/revisions"}],"predecessor-version":[{"id":714,"href":"https:\/\/parquedaterranova.pt\/portal\/index.php?rest_route=\/wp\/v2\/pages\/602\/revisions\/714"}],"wp:attachment":[{"href":"https:\/\/parquedaterranova.pt\/portal\/index.php?rest_route=%2Fwp%2Fv2%2Fmedia&parent=602"}],"curies":[{"name":"wp","href":"https:\/\/api.w.org\/{rel}","templated":true}]}}