{"id":595,"date":"2026-01-26T11:02:59","date_gmt":"2026-01-26T11:02:59","guid":{"rendered":"https:\/\/parquedaterranova.pt\/portal\/?page_id=595"},"modified":"2026-02-06T12:54:40","modified_gmt":"2026-02-06T12:54:40","slug":"bennyzinho","status":"publish","type":"page","link":"https:\/\/parquedaterranova.pt\/portal\/?page_id=595","title":{"rendered":"Bennyzinho"},"content":{"rendered":"<p>BENNYZINHO (14 de Fevereiro de 2024)<\/p>\n<p style=\"text-align: justify;\"><img loading=\"lazy\" decoding=\"async\" class=\"size-medium wp-image-593 alignleft\" src=\"https:\/\/parquedaterranova.pt\/portal\/wp-content\/uploads\/2026\/01\/bennyzinho_01-214x188.jpg\" alt=\"\" width=\"214\" height=\"188\" srcset=\"https:\/\/parquedaterranova.pt\/portal\/wp-content\/uploads\/2026\/01\/bennyzinho_01-214x188.jpg 214w, https:\/\/parquedaterranova.pt\/portal\/wp-content\/uploads\/2026\/01\/bennyzinho_01-342x300.jpg 342w, https:\/\/parquedaterranova.pt\/portal\/wp-content\/uploads\/2026\/01\/bennyzinho_01.jpg 600w\" sizes=\"auto, (max-width: 214px) 100vw, 214px\" \/>Mais uma perda, n\u00e3o menos dolorosa por n\u00e3o ter sido inesperada. O nosso BENNYZINHO partiu, na sequ\u00eancia de uma doen\u00e7a oncol\u00f3gica diagnosticada em Outubro do ano passado. Passou razoavelmente bem estes \u00faltimos meses, mas, infelizmente, est\u00e1vamos bem conscientes da gravidade da doen\u00e7a e do seu avan\u00e7o irrevers\u00edvel. Foi acompanhado e acarinhado at\u00e9 ao fim pela sua dedicad\u00edssima Protectora, a quem nos unimos, nestes dif\u00edceis momentos, e envolvemos num forte e grato abra\u00e7o. O BENNYZINHO era um lindo c\u00e3opanheiro, com uma idade bastante avan\u00e7ada, e com uma personalidade forte, mas muito meigo e brincalh\u00e3o. J\u00e1 estava connosco h\u00e1 v\u00e1rios anos, e era um dos habitantes do &#8220;Palace Rodinhas&#8221;, onde nos recebia sempre com grandes manifesta\u00e7\u00f5es de satisfa\u00e7\u00e3o&#8230; e pedidos de biscoitinhos! Vamos sentir saudades deste lindo &#8220;pelud\u00e3o&#8221;, que jamais esqueceremos, e guardaremos, para sempre, nos nossos cora\u00e7\u00f5es!<\/p>\n<p style=\"text-align: right;\"><a href=\"https:\/\/parquedaterranova.pt\/portal\/?page_id=535\"><strong>VOLTAR\u00a0<\/strong><\/a><\/p>\n\n","protected":false},"excerpt":{"rendered":"<p>BENNYZINHO (14 de Fevereiro de 2024) Mais uma perda, n\u00e3o menos dolorosa por n\u00e3o ter sido inesperada. O nosso BENNYZINHO partiu, na sequ\u00eancia de uma doen\u00e7a oncol\u00f3gica diagnosticada em Outubro do ano passado. Passou razoavelmente bem estes \u00faltimos meses, mas, &hellip; <a href=\"https:\/\/parquedaterranova.pt\/portal\/?page_id=595\">Continuar a ler <span class=\"meta-nav\">&rarr;<\/span><\/a><\/p>\n","protected":false},"author":1,"featured_media":0,"parent":0,"menu_order":8,"comment_status":"closed","ping_status":"closed","template":"sidebar-page.php","meta":{"footnotes":""},"class_list":["post-595","page","type-page","status-publish","hentry"],"_links":{"self":[{"href":"https:\/\/parquedaterranova.pt\/portal\/index.php?rest_route=\/wp\/v2\/pages\/595","targetHints":{"allow":["GET"]}}],"collection":[{"href":"https:\/\/parquedaterranova.pt\/portal\/index.php?rest_route=\/wp\/v2\/pages"}],"about":[{"href":"https:\/\/parquedaterranova.pt\/portal\/index.php?rest_route=\/wp\/v2\/types\/page"}],"author":[{"embeddable":true,"href":"https:\/\/parquedaterranova.pt\/portal\/index.php?rest_route=\/wp\/v2\/users\/1"}],"replies":[{"embeddable":true,"href":"https:\/\/parquedaterranova.pt\/portal\/index.php?rest_route=%2Fwp%2Fv2%2Fcomments&post=595"}],"version-history":[{"count":2,"href":"https:\/\/parquedaterranova.pt\/portal\/index.php?rest_route=\/wp\/v2\/pages\/595\/revisions"}],"predecessor-version":[{"id":711,"href":"https:\/\/parquedaterranova.pt\/portal\/index.php?rest_route=\/wp\/v2\/pages\/595\/revisions\/711"}],"wp:attachment":[{"href":"https:\/\/parquedaterranova.pt\/portal\/index.php?rest_route=%2Fwp%2Fv2%2Fmedia&parent=595"}],"curies":[{"name":"wp","href":"https:\/\/api.w.org\/{rel}","templated":true}]}}