{"id":552,"date":"2026-01-19T14:57:25","date_gmt":"2026-01-19T14:57:25","guid":{"rendered":"https:\/\/parquedaterranova.pt\/portal\/?page_id=552"},"modified":"2026-03-16T15:45:28","modified_gmt":"2026-03-16T15:45:28","slug":"lace-copy-2-copy-11-copy","status":"publish","type":"page","link":"https:\/\/parquedaterranova.pt\/portal\/?page_id=552","title":{"rendered":"Flor"},"content":{"rendered":"<p>FLOR * (2 de setembro de 2019)<\/p>\n<p style=\"text-align: justify;\">Ontem partilhamos com os nossos Amigos boas not\u00edcias de tr\u00eas dos nossos residentes, e esper\u00e1vamos poder partilhar, mais tarde, uma actualiza\u00e7\u00e3o sobre o estado da nossa FLOR&#8230; <img loading=\"lazy\" decoding=\"async\" class=\"size-medium wp-image-557 alignleft\" src=\"https:\/\/parquedaterranova.pt\/portal\/wp-content\/uploads\/2026\/01\/flor_02-195x188.jpg\" alt=\"\" width=\"195\" height=\"188\" srcset=\"https:\/\/parquedaterranova.pt\/portal\/wp-content\/uploads\/2026\/01\/flor_02-195x188.jpg 195w, https:\/\/parquedaterranova.pt\/portal\/wp-content\/uploads\/2026\/01\/flor_02-898x867.jpg 898w, https:\/\/parquedaterranova.pt\/portal\/wp-content\/uploads\/2026\/01\/flor_02-768x742.jpg 768w, https:\/\/parquedaterranova.pt\/portal\/wp-content\/uploads\/2026\/01\/flor_02-311x300.jpg 311w, https:\/\/parquedaterranova.pt\/portal\/wp-content\/uploads\/2026\/01\/flor_02.jpg 960w\" sizes=\"auto, (max-width: 195px) 100vw, 195px\" \/>mas, precisamente ontem \u00e0 tarde, e com infinita tristeza por n\u00e3o nos ter sido poss\u00edvel fazer mais nada por ela, tivemos de nos despedir da nossa querida velhinha. T\u00ednhamos estabelecido o dia de ontem como limite para tomarmos esta decis\u00e3o que, embora sempre e apenas tendo em conta o melhor interesse dos residentes em estado terminal ou de grande sofrimento, \u00e9, e nunca deixar\u00e1 de ser, uma das mais dif\u00edceis, sen\u00e3o a mais dif\u00edcil, de tomar. No entanto, o estado da FLOR continuava a agravar-se de dia para dia, n\u00e3o havendo qualquer possibilidade de recupera\u00e7\u00e3o, e j\u00e1 nem os cuidados paliativos que est\u00e1vamos a prestar-lhe, sob orienta\u00e7\u00e3o veterin\u00e1ria, ap\u00f3s o internamento, estavam a surtir qualquer efeito ou a facultar qualquer al\u00edvio, pelo que n\u00e3o t\u00ednhamos o direito de manter a nossa querida velhinha em tal situa\u00e7\u00e3o. A pessoa a quem mais custou a partida da FLOR, foi ao nosso colaborador Sr. Jos\u00e9, pois era muito apegado a ela, tendo sido quem primeiro conseguiu conquist\u00e1-la, quando foi aqui abandonada, nos terrenos junto ao rio, j\u00e1 adulta e em p\u00e2nico, no ano de 2007. No entanto, e como todos n\u00f3s, o Sr. Jos\u00e9 tem plena consci\u00eancia de que, por mais dura que seja para n\u00f3s, a decis\u00e3o de ajudarmos um residente a partir, de forma tranquila, e sem sofrimento, \u00e9 a \u00fanica que, por amor dele, ou deles, pode ser tomada. A FLOR partiu, pois, em paz, e rodeada do carinho n\u00e3o s\u00f3 do Sr. Jos\u00e9, como de outros elementos da nossa Equipa, que assim se despediu de mais um ser especial e \u00fanico, que nos privilegiou com 12 anos da sua companhia, depois de ter passado, durante os primeiros 3 ou 4 (estimamos que a FLOR tivesse actualmente 15 ou 16 anos), sabe-se l\u00e1 que prova\u00e7\u00f5es e neglig\u00eancia!&#8230; Conforta-nos, de certo modo, saber que, enquanto esteve connosco, a FLOR usufruiu dos melhores cuidados e do maior conforto&#8230; e a mem\u00f3ria que guardaremos dela com mais carinho, e que muito lamentamos n\u00e3o ter uma fotografia que a ilustre&#8230; \u00e9 a mem\u00f3ria da forma como a FLOR bebia&#8230; e que manteve quase at\u00e9 ao fim &#8211; com as patinhas dianteiras enfiadas no balde ou bacia da \u00e1gua, chapinando tudo \u00e0 sua volta! At\u00e9 sempre, querida FLOR&#8230; eterna e maravilhosa FLOR deste nosso (e teu) jardim! <img loading=\"lazy\" decoding=\"async\" class=\"size-medium wp-image-556 alignleft\" src=\"https:\/\/parquedaterranova.pt\/portal\/wp-content\/uploads\/2026\/01\/flor_01-300x169.jpg\" alt=\"\" width=\"300\" height=\"169\" srcset=\"https:\/\/parquedaterranova.pt\/portal\/wp-content\/uploads\/2026\/01\/flor_01-300x169.jpg 300w, https:\/\/parquedaterranova.pt\/portal\/wp-content\/uploads\/2026\/01\/flor_01-768x432.jpg 768w, https:\/\/parquedaterranova.pt\/portal\/wp-content\/uploads\/2026\/01\/flor_01-500x281.jpg 500w, https:\/\/parquedaterranova.pt\/portal\/wp-content\/uploads\/2026\/01\/flor_01.jpg 960w\" sizes=\"auto, (max-width: 300px) 100vw, 300px\" \/><\/p>\n\n\n\n\n<p style=\"text-align: right;\"><strong><a href=\"https:\/\/parquedaterranova.pt\/portal\/?page_id=477\">VOLTAR<\/a><\/strong><\/p>\n","protected":false},"excerpt":{"rendered":"<p>FLOR * (2 de setembro de 2019) Ontem partilhamos com os nossos Amigos boas not\u00edcias de tr\u00eas dos nossos residentes, e esper\u00e1vamos poder partilhar, mais tarde, uma actualiza\u00e7\u00e3o sobre o estado da nossa FLOR&#8230; mas, precisamente ontem \u00e0 tarde, e &hellip; <a href=\"https:\/\/parquedaterranova.pt\/portal\/?page_id=552\">Continuar a ler <span class=\"meta-nav\">&rarr;<\/span><\/a><\/p>\n","protected":false},"author":1,"featured_media":0,"parent":0,"menu_order":7,"comment_status":"closed","ping_status":"closed","template":"sidebar-page.php","meta":{"footnotes":""},"class_list":["post-552","page","type-page","status-publish","hentry"],"_links":{"self":[{"href":"https:\/\/parquedaterranova.pt\/portal\/index.php?rest_route=\/wp\/v2\/pages\/552","targetHints":{"allow":["GET"]}}],"collection":[{"href":"https:\/\/parquedaterranova.pt\/portal\/index.php?rest_route=\/wp\/v2\/pages"}],"about":[{"href":"https:\/\/parquedaterranova.pt\/portal\/index.php?rest_route=\/wp\/v2\/types\/page"}],"author":[{"embeddable":true,"href":"https:\/\/parquedaterranova.pt\/portal\/index.php?rest_route=\/wp\/v2\/users\/1"}],"replies":[{"embeddable":true,"href":"https:\/\/parquedaterranova.pt\/portal\/index.php?rest_route=%2Fwp%2Fv2%2Fcomments&post=552"}],"version-history":[{"count":5,"href":"https:\/\/parquedaterranova.pt\/portal\/index.php?rest_route=\/wp\/v2\/pages\/552\/revisions"}],"predecessor-version":[{"id":999,"href":"https:\/\/parquedaterranova.pt\/portal\/index.php?rest_route=\/wp\/v2\/pages\/552\/revisions\/999"}],"wp:attachment":[{"href":"https:\/\/parquedaterranova.pt\/portal\/index.php?rest_route=%2Fwp%2Fv2%2Fmedia&parent=552"}],"curies":[{"name":"wp","href":"https:\/\/api.w.org\/{rel}","templated":true}]}}