{"id":548,"date":"2026-01-13T13:03:32","date_gmt":"2026-01-13T13:03:32","guid":{"rendered":"https:\/\/parquedaterranova.pt\/portal\/?page_id=548"},"modified":"2026-04-17T11:12:54","modified_gmt":"2026-04-17T11:12:54","slug":"2016-2-copy-copy-2-copy-copy-copy-copy","status":"publish","type":"page","link":"https:\/\/parquedaterranova.pt\/portal\/?page_id=548","title":{"rendered":"ANO 2026"},"content":{"rendered":"\n<p><\/p>\n\n\n\n<p style=\"text-align: center;\"><span style=\"color: #0000ff;\"><strong>\u201cC\u00c9U DE C\u00c3O\u201d \u2013 Aos Inesquec\u00edveis do Parque, com Amor<\/strong><\/span><\/p>\n<p style=\"text-align: center;\"><span style=\"color: #008000;\">\u201cAchas que os c\u00e3es n\u00e3o v\u00e3o para o C\u00e9u? Pois digo-te que v\u00e3o, e que chegam l\u00e1 muito antes de qualquer um de n\u00f3s!\u201d \u2013 Robert Louis Stevenson<br \/><br \/><\/span><\/p>\n<table style=\"border-collapse: collapse; width: 100%; height: 76px;\">\n<tbody>\n<tr>\n<td style=\"width: 100%;\"><img loading=\"lazy\" decoding=\"async\" class=\"alignnone size-full wp-image-1109\" src=\"https:\/\/parquedaterranova.pt\/portal\/wp-content\/uploads\/2026\/04\/billy_00.jpg\" alt=\"\" width=\"75\" height=\"75\" \/> <a href=\"https:\/\/parquedaterranova.pt\/portal\/?page_id=1106\"><strong>Billy &#8211; 15 de Abril de 2026<\/strong><\/a><\/td>\n<\/tr>\n<tr style=\"height: 19px;\">\n<td style=\"width: 100%; height: 19px;\"><img loading=\"lazy\" decoding=\"async\" class=\"alignnone size-full wp-image-885\" src=\"https:\/\/parquedaterranova.pt\/portal\/wp-content\/uploads\/2026\/03\/milo.jpg\" alt=\"\" width=\"75\" height=\"75\" \/> <a href=\"https:\/\/parquedaterranova.pt\/portal\/?page_id=886\"><strong>Milo &#8211; 28 de Fevereiro de 2026<\/strong><\/a><\/td>\n<\/tr>\n<\/tbody>\n<\/table>\n<p style=\"text-align: center;\"><span style=\"color: #008000;\">\u00a0<\/span><\/p>\n","protected":false},"excerpt":{"rendered":"<p>\u201cC\u00c9U DE C\u00c3O\u201d \u2013 Aos Inesquec\u00edveis do Parque, com Amor \u201cAchas que os c\u00e3es n\u00e3o v\u00e3o para o C\u00e9u? Pois digo-te que v\u00e3o, e que chegam l\u00e1 muito antes de qualquer um de n\u00f3s!\u201d \u2013 Robert Louis Stevenson Billy &#8211; &hellip; <a href=\"https:\/\/parquedaterranova.pt\/portal\/?page_id=548\">Continuar a ler <span class=\"meta-nav\">&rarr;<\/span><\/a><\/p>\n","protected":false},"author":1,"featured_media":0,"parent":0,"menu_order":0,"comment_status":"closed","ping_status":"closed","template":"","meta":{"footnotes":""},"class_list":["post-548","page","type-page","status-publish","hentry"],"_links":{"self":[{"href":"https:\/\/parquedaterranova.pt\/portal\/index.php?rest_route=\/wp\/v2\/pages\/548","targetHints":{"allow":["GET"]}}],"collection":[{"href":"https:\/\/parquedaterranova.pt\/portal\/index.php?rest_route=\/wp\/v2\/pages"}],"about":[{"href":"https:\/\/parquedaterranova.pt\/portal\/index.php?rest_route=\/wp\/v2\/types\/page"}],"author":[{"embeddable":true,"href":"https:\/\/parquedaterranova.pt\/portal\/index.php?rest_route=\/wp\/v2\/users\/1"}],"replies":[{"embeddable":true,"href":"https:\/\/parquedaterranova.pt\/portal\/index.php?rest_route=%2Fwp%2Fv2%2Fcomments&post=548"}],"version-history":[{"count":4,"href":"https:\/\/parquedaterranova.pt\/portal\/index.php?rest_route=\/wp\/v2\/pages\/548\/revisions"}],"predecessor-version":[{"id":1110,"href":"https:\/\/parquedaterranova.pt\/portal\/index.php?rest_route=\/wp\/v2\/pages\/548\/revisions\/1110"}],"wp:attachment":[{"href":"https:\/\/parquedaterranova.pt\/portal\/index.php?rest_route=%2Fwp%2Fv2%2Fmedia&parent=548"}],"curies":[{"name":"wp","href":"https:\/\/api.w.org\/{rel}","templated":true}]}}