{"id":543,"date":"2026-01-13T12:49:43","date_gmt":"2026-01-13T12:49:43","guid":{"rendered":"https:\/\/parquedaterranova.pt\/portal\/?page_id=543"},"modified":"2026-03-10T13:56:40","modified_gmt":"2026-03-10T13:56:40","slug":"2016-2-copy-copy-2-copy-copy-copy","status":"publish","type":"page","link":"https:\/\/parquedaterranova.pt\/portal\/?page_id=543","title":{"rendered":"ANO 2025"},"content":{"rendered":"\n<p><\/p>\n\n\n\n<p style=\"text-align: center;\"><span style=\"color: #0000ff;\"><strong>\u201cC\u00c9U DE C\u00c3O\u201d \u2013 Aos Inesquec\u00edveis do Parque, com Amor<\/strong><\/span><\/p>\n<p style=\"text-align: center;\"><span style=\"color: #008000;\">\u201cAchas que os c\u00e3es n\u00e3o v\u00e3o para o C\u00e9u? Pois digo-te que v\u00e3o, e que chegam l\u00e1 muito antes de qualquer um de n\u00f3s!\u201d \u2013 Robert Louis Stevenson<br \/><br \/><\/span><\/p>\n<table style=\"border-collapse: collapse; width: 100%; height: 76px;\">\n<tbody>\n<tr style=\"height: 19px;\">\n<td style=\"width: 100%; height: 19px;\">\u00a0<\/td>\n<\/tr>\n<tr style=\"height: 19px;\">\n<td style=\"width: 100%; height: 19px;\"><img loading=\"lazy\" decoding=\"async\" class=\"alignnone size-full wp-image-601\" src=\"https:\/\/parquedaterranova.pt\/portal\/wp-content\/uploads\/2026\/01\/aires_beicudo_00.jpg\" alt=\"\" width=\"75\" height=\"58\" \/><a href=\"https:\/\/parquedaterranova.pt\/portal\/?page_id=602\"><strong> Aires Bei\u00e7udo &#8211; 8 de Novembro de 2025<\/strong><\/a><\/td>\n<\/tr>\n<tr>\n<td style=\"width: 100%;\"><img loading=\"lazy\" decoding=\"async\" class=\"alignnone size-full wp-image-675\" src=\"https:\/\/parquedaterranova.pt\/portal\/wp-content\/uploads\/2026\/02\/joaninha_00.jpg\" alt=\"\" width=\"75\" height=\"75\" \/> <a href=\"https:\/\/parquedaterranova.pt\/portal\/?page_id=678\"><strong>Joaninha &#8211; 30 de Outubro de 2025<\/strong><\/a><\/td>\n<\/tr>\n<tr>\n<td style=\"width: 100%;\"><img loading=\"lazy\" decoding=\"async\" class=\"alignnone size-full wp-image-625\" src=\"https:\/\/parquedaterranova.pt\/portal\/wp-content\/uploads\/2026\/01\/aidinha_00.jpg\" alt=\"\" width=\"66\" height=\"75\" \/> <a href=\"https:\/\/parquedaterranova.pt\/portal\/?page_id=627\"><strong>Aidinha &#8211; 20 de Outubro de 2025<\/strong><\/a><\/td>\n<\/tr>\n<tr>\n<td style=\"width: 100%;\"><img loading=\"lazy\" decoding=\"async\" class=\"alignnone size-full wp-image-781\" src=\"https:\/\/parquedaterranova.pt\/portal\/wp-content\/uploads\/2026\/02\/lua_edp_00.jpg\" alt=\"\" width=\"75\" height=\"76\" \/> <a href=\"https:\/\/parquedaterranova.pt\/portal\/?page_id=783\"><strong>Lua &#8220;EDP&#8221; &#8211; 16 de Maio de 2025<\/strong><\/a><\/td>\n<\/tr>\n<tr style=\"height: 19px;\">\n<td style=\"width: 100%; height: 19px;\"><img loading=\"lazy\" decoding=\"async\" class=\"size-full wp-image-617 alignnone\" src=\"https:\/\/parquedaterranova.pt\/portal\/wp-content\/uploads\/2026\/01\/unnamed-file.jpg\" alt=\"\" width=\"75\" height=\"75\" \/> <a href=\"https:\/\/parquedaterranova.pt\/portal\/?page_id=619\"><strong>Bananinha &#8220;Pantufa&#8221; &#8211; 29 de Abril de 2025<\/strong><\/a><\/td>\n<\/tr>\n<tr>\n<td style=\"width: 100%;\"><img loading=\"lazy\" decoding=\"async\" class=\"alignnone size-full wp-image-762\" src=\"https:\/\/parquedaterranova.pt\/portal\/wp-content\/uploads\/2026\/02\/jenny_rocha_00.jpg\" alt=\"\" width=\"75\" height=\"75\" \/> <a href=\"https:\/\/parquedaterranova.pt\/portal\/?page_id=764\"><strong>Jenny &#8220;Rocha&#8221; &#8211; 29 de Mar\u00e7o de 2025<\/strong><\/a><\/td>\n<\/tr>\n<tr>\n<td style=\"width: 100%;\"><img loading=\"lazy\" decoding=\"async\" class=\"alignnone size-full wp-image-725\" src=\"https:\/\/parquedaterranova.pt\/portal\/wp-content\/uploads\/2026\/02\/colinho_00.jpg\" alt=\"\" width=\"59\" height=\"75\" \/> <a href=\"https:\/\/parquedaterranova.pt\/portal\/?page_id=727\"><strong>Colinho &#8211; 14 de Fevereiro de 2025<\/strong><\/a><\/td>\n<\/tr>\n<tr style=\"height: 19px;\">\n<td style=\"width: 100%; height: 19px;\"><img loading=\"lazy\" decoding=\"async\" class=\"alignnone size-full wp-image-608\" src=\"https:\/\/parquedaterranova.pt\/portal\/wp-content\/uploads\/2026\/01\/joao_chuva_00.jpg\" alt=\"\" width=\"75\" height=\"75\" \/> <a href=\"https:\/\/parquedaterranova.pt\/portal\/?page_id=612\"><strong>Jo\u00e3o Chuva &#8211; 30 de Janeiro de 2025<\/strong><\/a><\/td>\n<\/tr>\n<tr>\n<td style=\"width: 100%;\"><img loading=\"lazy\" decoding=\"async\" class=\"alignnone size-full wp-image-891\" src=\"https:\/\/parquedaterranova.pt\/portal\/wp-content\/uploads\/2026\/03\/trina_00.jpg\" alt=\"\" width=\"75\" height=\"75\" \/> <a href=\"https:\/\/parquedaterranova.pt\/portal\/?page_id=893\"><strong>Trina &#8211; 28 de Janeiro de 2025<\/strong><\/a><\/td>\n<\/tr>\n<tr>\n<td style=\"width: 100%;\"><img loading=\"lazy\" decoding=\"async\" class=\"alignnone size-full wp-image-960\" src=\"https:\/\/parquedaterranova.pt\/portal\/wp-content\/uploads\/2026\/03\/preta_famalicao_00.jpg\" alt=\"\" width=\"50\" height=\"75\" \/> <a href=\"https:\/\/parquedaterranova.pt\/portal\/?page_id=963\"><strong>Preta &#8220;De Famalic\u00e3o&#8221; &#8211; 23 de Janeiro de 2025<\/strong><\/a><\/td>\n<\/tr>\n<\/tbody>\n<\/table>\n<p style=\"text-align: center;\"><span style=\"color: #008000;\">\u00a0<\/span><\/p>\n","protected":false},"excerpt":{"rendered":"<p>\u201cC\u00c9U DE C\u00c3O\u201d \u2013 Aos Inesquec\u00edveis do Parque, com Amor \u201cAchas que os c\u00e3es n\u00e3o v\u00e3o para o C\u00e9u? Pois digo-te que v\u00e3o, e que chegam l\u00e1 muito antes de qualquer um de n\u00f3s!\u201d \u2013 Robert Louis Stevenson \u00a0 Aires &hellip; <a href=\"https:\/\/parquedaterranova.pt\/portal\/?page_id=543\">Continuar a ler <span class=\"meta-nav\">&rarr;<\/span><\/a><\/p>\n","protected":false},"author":1,"featured_media":0,"parent":0,"menu_order":0,"comment_status":"closed","ping_status":"closed","template":"","meta":{"footnotes":""},"class_list":["post-543","page","type-page","status-publish","hentry"],"_links":{"self":[{"href":"https:\/\/parquedaterranova.pt\/portal\/index.php?rest_route=\/wp\/v2\/pages\/543","targetHints":{"allow":["GET"]}}],"collection":[{"href":"https:\/\/parquedaterranova.pt\/portal\/index.php?rest_route=\/wp\/v2\/pages"}],"about":[{"href":"https:\/\/parquedaterranova.pt\/portal\/index.php?rest_route=\/wp\/v2\/types\/page"}],"author":[{"embeddable":true,"href":"https:\/\/parquedaterranova.pt\/portal\/index.php?rest_route=\/wp\/v2\/users\/1"}],"replies":[{"embeddable":true,"href":"https:\/\/parquedaterranova.pt\/portal\/index.php?rest_route=%2Fwp%2Fv2%2Fcomments&post=543"}],"version-history":[{"count":14,"href":"https:\/\/parquedaterranova.pt\/portal\/index.php?rest_route=\/wp\/v2\/pages\/543\/revisions"}],"predecessor-version":[{"id":966,"href":"https:\/\/parquedaterranova.pt\/portal\/index.php?rest_route=\/wp\/v2\/pages\/543\/revisions\/966"}],"wp:attachment":[{"href":"https:\/\/parquedaterranova.pt\/portal\/index.php?rest_route=%2Fwp%2Fv2%2Fmedia&parent=543"}],"curies":[{"name":"wp","href":"https:\/\/api.w.org\/{rel}","templated":true}]}}