{"id":517,"date":"2022-02-14T21:47:11","date_gmt":"2022-02-14T21:47:11","guid":{"rendered":"https:\/\/parquedaterranova.pt\/portal\/?page_id=517"},"modified":"2026-02-04T16:06:56","modified_gmt":"2026-02-04T16:06:56","slug":"lace-copy-2-copy-13","status":"publish","type":"page","link":"https:\/\/parquedaterranova.pt\/portal\/?page_id=517","title":{"rendered":"Nina"},"content":{"rendered":"<p>NINA (5 de Janeiro de 2021)<\/p>\n<p style=\"text-align: justify;\"><img loading=\"lazy\" decoding=\"async\" class=\"size-medium wp-image-497 alignright\" src=\"https:\/\/parquedaterranova.pt\/portal\/wp-content\/uploads\/2022\/02\/nina_01-242x188.jpg\" alt=\"\" width=\"242\" height=\"188\" srcset=\"https:\/\/parquedaterranova.pt\/portal\/wp-content\/uploads\/2022\/02\/nina_01-242x188.jpg 242w, https:\/\/parquedaterranova.pt\/portal\/wp-content\/uploads\/2022\/02\/nina_01-386x300.jpg 386w, https:\/\/parquedaterranova.pt\/portal\/wp-content\/uploads\/2022\/02\/nina_01.jpg 553w\" sizes=\"auto, (max-width: 242px) 100vw, 242px\" \/>&#8230; N\u00e3o era nada com este tipo de not\u00edcia que desej\u00e1vamos come\u00e7ar o ano&#8230; mas, com crescente tristeza, \u00edamos observando a nossa NINA e acompanhando a deteriora\u00e7\u00e3o do seu estado, e sab\u00edamos que ela estava por dias. A NINA era uma cadelinha de idade j\u00e1 muito avan\u00e7ada, e tinha-lhe sido diagnosticada uma doen\u00e7a oncol\u00f3gica h\u00e1 cerca de dois meses&#8230; mais concretamente, um tumor bastante extenso no p\u00e2ncreas. A NINA veio para casa com um progn\u00f3stico muito reservado, e permaneceu sob cuidados paliativos que lhe proporcionaram algum conforto, mas, infelizmente, a grav\u00edssima patologia era irrevers\u00edvel, e este desfecho inevit\u00e1vel. Esta cadelinha pequenina mas com uma personalidade gigante j\u00e1 era s\u00e9nior e estava parcialmente cega quando a acolhemos, h\u00e1 j\u00e1 v\u00e1rios anos, em muito mau estado, visivelmente negligenciada. N\u00e3o foi uma cadelinha nada f\u00e1cil de conquistar, pois reagia com agressividade \u00e0 proximidade quer de humanos quer de outros c\u00e3es, o que nos levou a crer que poderia ter estado acorrentada e ter sofrido maus tratos. Aos poucos, por\u00e9m, com muita paci\u00eancia e tacto, a Paula (equipa do P.T.N.) conseguiu ir ganhando a sua confian\u00e7a, sendo, durante bastante tempo, a \u00fanica pessoa que conseguia toc\u00e1-la e pegar nela sem que a NINA tentasse mord\u00ea-la. Gradualmente, por\u00e9m, foi-se tornando mais soci\u00e1vel, embora tenha mantido, quase at\u00e9 ao fim, o seu feitiozinho dominante em rela\u00e7\u00e3o aos outros &#8220;c\u00e3opanheiros&#8221;, que, felizmente, sempre o aceitaram&#8230; ou ignoraram &#8220;filosoficamente&#8221;, pelo que a conviv\u00eancia era pac\u00edfica. A NINA passava os dias na resid\u00eancia principal do P.T.N., onde, de h\u00e1 uns meses para c\u00e1, tamb\u00e9m dormia&#8230; e nesta fotografia, uma das \u00faltimas que a Paula lhe tirou, ela estava na cozinha, um dos seus lugares preferidos, onde gostava de &#8220;controlar&#8221; os movimentos de pessoas e c\u00e3es, as entradas e sa\u00eddas, a confec\u00e7\u00e3o das refei\u00e7\u00f5es, etc.. De todos n\u00f3s, a Paula \u00e9, sem d\u00favida, a pessoa que mais sente a partida da NINA, que acarinhou e acompanhou at\u00e9 ao fim&#8230; com profunda tristeza pela &#8220;refilona&#8221; com quem partilhou tanto amor&#8230; Mas&#8230; foi gra\u00e7as a esse amor que a NINA velhinha aprendeu a ser feliz, e a usufruir do conforto e seguran\u00e7a que lhe foram proporcionados nos \u00faltimos anos da sua vida. Aqui, neste seu lar.<\/p>\n<p style=\"text-align: right;\"><a href=\"https:\/\/parquedaterranova.pt\/portal\/?page_id=308\"><strong>VOLTAR<\/strong><\/a><\/p>\n\n\n\n","protected":false},"excerpt":{"rendered":"<p>NINA (5 de Janeiro de 2021) &#8230; N\u00e3o era nada com este tipo de not\u00edcia que desej\u00e1vamos come\u00e7ar o ano&#8230; mas, com crescente tristeza, \u00edamos observando a nossa NINA e acompanhando a deteriora\u00e7\u00e3o do seu estado, e sab\u00edamos que ela &hellip; <a href=\"https:\/\/parquedaterranova.pt\/portal\/?page_id=517\">Continuar a ler <span class=\"meta-nav\">&rarr;<\/span><\/a><\/p>\n","protected":false},"author":1,"featured_media":0,"parent":0,"menu_order":7,"comment_status":"closed","ping_status":"closed","template":"sidebar-page.php","meta":{"footnotes":""},"class_list":["post-517","page","type-page","status-publish","hentry"],"_links":{"self":[{"href":"https:\/\/parquedaterranova.pt\/portal\/index.php?rest_route=\/wp\/v2\/pages\/517","targetHints":{"allow":["GET"]}}],"collection":[{"href":"https:\/\/parquedaterranova.pt\/portal\/index.php?rest_route=\/wp\/v2\/pages"}],"about":[{"href":"https:\/\/parquedaterranova.pt\/portal\/index.php?rest_route=\/wp\/v2\/types\/page"}],"author":[{"embeddable":true,"href":"https:\/\/parquedaterranova.pt\/portal\/index.php?rest_route=\/wp\/v2\/users\/1"}],"replies":[{"embeddable":true,"href":"https:\/\/parquedaterranova.pt\/portal\/index.php?rest_route=%2Fwp%2Fv2%2Fcomments&post=517"}],"version-history":[{"count":3,"href":"https:\/\/parquedaterranova.pt\/portal\/index.php?rest_route=\/wp\/v2\/pages\/517\/revisions"}],"predecessor-version":[{"id":691,"href":"https:\/\/parquedaterranova.pt\/portal\/index.php?rest_route=\/wp\/v2\/pages\/517\/revisions\/691"}],"wp:attachment":[{"href":"https:\/\/parquedaterranova.pt\/portal\/index.php?rest_route=%2Fwp%2Fv2%2Fmedia&parent=517"}],"curies":[{"name":"wp","href":"https:\/\/api.w.org\/{rel}","templated":true}]}}