{"id":507,"date":"2022-02-14T21:36:33","date_gmt":"2022-02-14T21:36:33","guid":{"rendered":"https:\/\/parquedaterranova.pt\/portal\/?page_id=507"},"modified":"2026-02-05T12:50:38","modified_gmt":"2026-02-05T12:50:38","slug":"lace-copy-2-copy-11","status":"publish","type":"page","link":"https:\/\/parquedaterranova.pt\/portal\/?page_id=507","title":{"rendered":"Fox"},"content":{"rendered":"<p>(FOX &#8211; 09 de Junho de 2021)<\/p>\n<p style=\"text-align: justify;\">Infelizmente, a nossa querida FOX n\u00e3o resistiu a uma grande hemorragia interna, e partiu ontem, ao in\u00edcio da tarde, para o &#8220;C\u00e9u de C\u00e3o&#8221;.\u00a0 <img loading=\"lazy\" decoding=\"async\" class=\"size-medium wp-image-493 alignleft\" src=\"https:\/\/parquedaterranova.pt\/portal\/wp-content\/uploads\/2022\/02\/fox_01-165x188.jpg\" alt=\"\" width=\"165\" height=\"188\" srcset=\"https:\/\/parquedaterranova.pt\/portal\/wp-content\/uploads\/2022\/02\/fox_01-165x188.jpg 165w, https:\/\/parquedaterranova.pt\/portal\/wp-content\/uploads\/2022\/02\/fox_01-761x867.jpg 761w, https:\/\/parquedaterranova.pt\/portal\/wp-content\/uploads\/2022\/02\/fox_01-768x875.jpg 768w, https:\/\/parquedaterranova.pt\/portal\/wp-content\/uploads\/2022\/02\/fox_01-263x300.jpg 263w, https:\/\/parquedaterranova.pt\/portal\/wp-content\/uploads\/2022\/02\/fox_01.jpg 1080w\" sizes=\"auto, (max-width: 165px) 100vw, 165px\" \/>Conforme noticiamos, a FOX estava a receber cuidados veterin\u00e1rios cont\u00ednuos desde segunda feira, e os exames a que foi submetida confirmaram, infelizmente, a presen\u00e7a de um hemangiossarcoma na cavidade abdominal, j\u00e1 em estado avan\u00e7ado. N\u00e3o havia, por conseguinte, nada que pudesse ser feito, a n\u00e3o ser a presta\u00e7\u00e3o de cuidados paliativos, mas o triste desfecho antecipou-se, e a nossa querida velhinha partiu, felizmente de forma serena e sem sofrimento, acompanhada por quem sempre dela cuidou desde que veio para o Parque da Terra Nova, em 2011. A FOX j\u00e1 era adulta quando a acolhemos, tendo sido resgatada de uma situa\u00e7\u00e3o de neglig\u00eancia, e foi sempre uma cadelinha bastante t\u00edmida e muito sossegada, que se dava bem com todos os &#8220;c\u00e3opanheiros&#8221; de alojamento, e nunca criou quaisquer problemas. Esta doce e bem comportada cadelinha teve a sorte de ser escolhida para &#8220;c\u00e3ofilhada&#8221; de uma pessoa excepcional, que viria a tornar-se numa querid\u00edssima Amiga de todos n\u00f3s, humanos e caninos, aqui no P.T.N., e a quem nos associamos agora, na tristeza sentida pela perda da nossa linda amiguinha. A FOX teria actualmente entre 14 a 16 anos, e acreditamos que gostou de viver aqui e foi feliz.\u00a0\u00a0Claro que sentimos j\u00e1 a falta dela, mas jamais a esqueceremos&#8230; e ela continuar\u00e1 a viver nos nossos\u00a0\u00a0At\u00e9 sempre, querida FOX, gostamos muito de ti!\u00a0PTN<\/p>\n<p style=\"text-align: right;\"><a href=\"https:\/\/parquedaterranova.pt\/portal\/?page_id=308\"><strong>VOLTAR<\/strong><\/a><\/p>\n\n","protected":false},"excerpt":{"rendered":"<p>(FOX &#8211; 09 de Junho de 2021) Infelizmente, a nossa querida FOX n\u00e3o resistiu a uma grande hemorragia interna, e partiu ontem, ao in\u00edcio da tarde, para o &#8220;C\u00e9u de C\u00e3o&#8221;.\u00a0 Conforme noticiamos, a FOX estava a receber cuidados veterin\u00e1rios &hellip; <a href=\"https:\/\/parquedaterranova.pt\/portal\/?page_id=507\">Continuar a ler <span class=\"meta-nav\">&rarr;<\/span><\/a><\/p>\n","protected":false},"author":1,"featured_media":0,"parent":0,"menu_order":7,"comment_status":"closed","ping_status":"closed","template":"sidebar-page.php","meta":{"footnotes":""},"class_list":["post-507","page","type-page","status-publish","hentry"],"_links":{"self":[{"href":"https:\/\/parquedaterranova.pt\/portal\/index.php?rest_route=\/wp\/v2\/pages\/507","targetHints":{"allow":["GET"]}}],"collection":[{"href":"https:\/\/parquedaterranova.pt\/portal\/index.php?rest_route=\/wp\/v2\/pages"}],"about":[{"href":"https:\/\/parquedaterranova.pt\/portal\/index.php?rest_route=\/wp\/v2\/types\/page"}],"author":[{"embeddable":true,"href":"https:\/\/parquedaterranova.pt\/portal\/index.php?rest_route=\/wp\/v2\/users\/1"}],"replies":[{"embeddable":true,"href":"https:\/\/parquedaterranova.pt\/portal\/index.php?rest_route=%2Fwp%2Fv2%2Fcomments&post=507"}],"version-history":[{"count":2,"href":"https:\/\/parquedaterranova.pt\/portal\/index.php?rest_route=\/wp\/v2\/pages\/507\/revisions"}],"predecessor-version":[{"id":701,"href":"https:\/\/parquedaterranova.pt\/portal\/index.php?rest_route=\/wp\/v2\/pages\/507\/revisions\/701"}],"wp:attachment":[{"href":"https:\/\/parquedaterranova.pt\/portal\/index.php?rest_route=%2Fwp%2Fv2%2Fmedia&parent=507"}],"curies":[{"name":"wp","href":"https:\/\/api.w.org\/{rel}","templated":true}]}}