{"id":446,"date":"2022-02-08T22:22:14","date_gmt":"2022-02-08T22:22:14","guid":{"rendered":"https:\/\/parquedaterranova.pt\/portal\/?page_id=446"},"modified":"2026-02-09T12:59:22","modified_gmt":"2026-02-09T12:59:22","slug":"lace-copy-2-copy-9","status":"publish","type":"page","link":"https:\/\/parquedaterranova.pt\/portal\/?page_id=446","title":{"rendered":"Tirso"},"content":{"rendered":"<p>TIRSO (7 de Fevereiro de 2022)<\/p>\n<p style=\"text-align: justify;\"><img loading=\"lazy\" decoding=\"async\" class=\"size-medium wp-image-443 alignleft\" src=\"https:\/\/parquedaterranova.pt\/portal\/wp-content\/uploads\/2022\/02\/tirso_01-159x188.jpg\" alt=\"\" width=\"159\" height=\"188\" srcset=\"https:\/\/parquedaterranova.pt\/portal\/wp-content\/uploads\/2022\/02\/tirso_01-159x188.jpg 159w, https:\/\/parquedaterranova.pt\/portal\/wp-content\/uploads\/2022\/02\/tirso_01-253x300.jpg 253w, https:\/\/parquedaterranova.pt\/portal\/wp-content\/uploads\/2022\/02\/tirso_01.jpg 506w\" sizes=\"auto, (max-width: 159px) 100vw, 159px\" \/>Nem temos tempo de nos refazermos de uma perda, e j\u00e1 estamos a sofrer outra, nesta j\u00e1 t\u00e3o longa e dolorosa cadeia de tristezas que tem vindo a apertar os nossos cora\u00e7\u00f5es! Ontem, despedimo-nos do nosso querido TIRSO, que n\u00e3o resistiu a uma grande hemorragia interna. Este nosso residente tinha j\u00e1 atingido a avan\u00e7ad\u00edssima idade de 18 anos, e apresentava sinais de doen\u00e7a grave e irrevers\u00edvel h\u00e1 j\u00e1 bastante tempo, estando a receber cuidados paliativos num ambiente de vigil\u00e2ncia permanente, aqui no P.T.N. Este bonito c\u00e3opanheiro de porte grande era cego, e foi acolhido por n\u00f3s num interc\u00e2mbio realizado h\u00e1 muitos anos com uma associa\u00e7\u00e3o de protec\u00e7\u00e3o animal pr\u00f3xima daqui, que, em retribui\u00e7\u00e3o, recebeu um animal ainda muito jovem e saud\u00e1vel que tinha sido abandonado nas nossas instala\u00e7\u00f5es &#8211; e que seria mais tarde adoptado.<\/p>\n<p style=\"text-align: justify;\"><img loading=\"lazy\" decoding=\"async\" class=\"size-medium wp-image-445 alignleft\" src=\"https:\/\/parquedaterranova.pt\/portal\/wp-content\/uploads\/2022\/02\/tirso_03-143x188.jpg\" alt=\"\" width=\"143\" height=\"188\" srcset=\"https:\/\/parquedaterranova.pt\/portal\/wp-content\/uploads\/2022\/02\/tirso_03-143x188.jpg 143w, https:\/\/parquedaterranova.pt\/portal\/wp-content\/uploads\/2022\/02\/tirso_03-658x867.jpg 658w, https:\/\/parquedaterranova.pt\/portal\/wp-content\/uploads\/2022\/02\/tirso_03-228x300.jpg 228w, https:\/\/parquedaterranova.pt\/portal\/wp-content\/uploads\/2022\/02\/tirso_03.jpg 729w\" sizes=\"auto, (max-width: 143px) 100vw, 143px\" \/>No in\u00edcio, a adapta\u00e7\u00e3o do TIRSO n\u00e3o foi muito f\u00e1cil, pois a sua cegueira levava-o a assumir atitudes defensivas, pontuadas por alguma agressividade, para com os outros c\u00e3es. Ap\u00f3s algumas mudan\u00e7as de grupo, no entanto, acabou por encontrar estabilidade junto de duas residentes com as quais se dava muito bem, e com quem partilhou alojamento at\u00e9 h\u00e1 alguns meses atr\u00e1s, quando o seu estado, cada vez mais debilitado, aconselhou \u00e0 sua transfer\u00eancia para um espa\u00e7o mais tranquilo e mais pr\u00f3ximo da resid\u00eancia principal do P.T.N. Este desfecho n\u00e3o foi, pois, inesperado, mas nem por isso foi menos triste, pois cada um dos nossos residentes \u00e9 \u00fanico e irrepet\u00edvel, e, ao longo de tantos anos ao nosso cuidado, o afecto e o carinho que<img loading=\"lazy\" decoding=\"async\" class=\"size-medium wp-image-444 alignright\" src=\"https:\/\/parquedaterranova.pt\/portal\/wp-content\/uploads\/2022\/02\/tirso_02-142x188.jpg\" alt=\"\" width=\"142\" height=\"188\" srcset=\"https:\/\/parquedaterranova.pt\/portal\/wp-content\/uploads\/2022\/02\/tirso_02-142x188.jpg 142w, https:\/\/parquedaterranova.pt\/portal\/wp-content\/uploads\/2022\/02\/tirso_02-655x867.jpg 655w, https:\/\/parquedaterranova.pt\/portal\/wp-content\/uploads\/2022\/02\/tirso_02-227x300.jpg 227w, https:\/\/parquedaterranova.pt\/portal\/wp-content\/uploads\/2022\/02\/tirso_02.jpg 725w\" sizes=\"auto, (max-width: 142px) 100vw, 142px\" \/> lhes dedicamos v\u00e3o crescendo sempre mais&#8230; o que torna as despedidas extremamente dif\u00edceis!&#8230; Em retrospectiva, por\u00e9m, obtemos algum consolo ao recordar os muitos momentos bons que vivemos com eles, e, neste caso, com o nosso querido TIRSO, e sentimo-nos gratos por termos podido proporcionar-lhe uma vida confort\u00e1vel, em seguran\u00e7a, e&#8230; sim, feliz!<\/p>\n<p style=\"text-align: right;\"><a href=\"https:\/\/parquedaterranova.pt\/portal\/?page_id=406\"><strong>VOLTAR<\/strong><\/a><\/p>\n\n","protected":false},"excerpt":{"rendered":"<p>TIRSO (7 de Fevereiro de 2022) Nem temos tempo de nos refazermos de uma perda, e j\u00e1 estamos a sofrer outra, nesta j\u00e1 t\u00e3o longa e dolorosa cadeia de tristezas que tem vindo a apertar os nossos cora\u00e7\u00f5es! Ontem, despedimo-nos &hellip; <a href=\"https:\/\/parquedaterranova.pt\/portal\/?page_id=446\">Continuar a ler <span class=\"meta-nav\">&rarr;<\/span><\/a><\/p>\n","protected":false},"author":1,"featured_media":0,"parent":0,"menu_order":7,"comment_status":"closed","ping_status":"closed","template":"sidebar-page.php","meta":{"footnotes":""},"class_list":["post-446","page","type-page","status-publish","hentry"],"_links":{"self":[{"href":"https:\/\/parquedaterranova.pt\/portal\/index.php?rest_route=\/wp\/v2\/pages\/446","targetHints":{"allow":["GET"]}}],"collection":[{"href":"https:\/\/parquedaterranova.pt\/portal\/index.php?rest_route=\/wp\/v2\/pages"}],"about":[{"href":"https:\/\/parquedaterranova.pt\/portal\/index.php?rest_route=\/wp\/v2\/types\/page"}],"author":[{"embeddable":true,"href":"https:\/\/parquedaterranova.pt\/portal\/index.php?rest_route=\/wp\/v2\/users\/1"}],"replies":[{"embeddable":true,"href":"https:\/\/parquedaterranova.pt\/portal\/index.php?rest_route=%2Fwp%2Fv2%2Fcomments&post=446"}],"version-history":[{"count":3,"href":"https:\/\/parquedaterranova.pt\/portal\/index.php?rest_route=\/wp\/v2\/pages\/446\/revisions"}],"predecessor-version":[{"id":759,"href":"https:\/\/parquedaterranova.pt\/portal\/index.php?rest_route=\/wp\/v2\/pages\/446\/revisions\/759"}],"wp:attachment":[{"href":"https:\/\/parquedaterranova.pt\/portal\/index.php?rest_route=%2Fwp%2Fv2%2Fmedia&parent=446"}],"curies":[{"name":"wp","href":"https:\/\/api.w.org\/{rel}","templated":true}]}}