{"id":44,"date":"2017-02-20T14:30:43","date_gmt":"2017-02-20T14:30:43","guid":{"rendered":"https:\/\/parquedaterranova.pt\/portal\/?page_id=44"},"modified":"2022-02-22T20:23:01","modified_gmt":"2022-02-22T20:23:01","slug":"rodinhas-ca","status":"publish","type":"page","link":"https:\/\/parquedaterranova.pt\/portal\/?page_id=44","title":{"rendered":"Rodinhas"},"content":{"rendered":"<p>\u00a0<\/p>\n<p><img loading=\"lazy\" decoding=\"async\" class=\"aligncenter wp-image-200 size-full\" src=\"https:\/\/parquedaterranova.pt\/portal\/wp-content\/uploads\/2019\/06\/angel.jpg\" alt=\"\" width=\"503\" height=\"513\" srcset=\"https:\/\/parquedaterranova.pt\/portal\/wp-content\/uploads\/2019\/06\/angel.jpg 503w, https:\/\/parquedaterranova.pt\/portal\/wp-content\/uploads\/2019\/06\/angel-184x188.jpg 184w, https:\/\/parquedaterranova.pt\/portal\/wp-content\/uploads\/2019\/06\/angel-294x300.jpg 294w\" sizes=\"auto, (max-width: 503px) 100vw, 503px\" \/><\/p>\n<p>Amig\u00f5es!<\/p>\n<p style=\"text-align: justify;\">Sou o ANGEL &#8220;ANGEL\u00c3O&#8221;, e fui eu que dei in\u00edcio \u00e0 hist\u00f3ria dos &#8220;Rodinhas do Parque da Terra Nova&#8221;, quando vim para c\u00e1 no dia 5 de Agosto de 2012. Precisamente 3 meses mais tarde, ou seja, no dia 5 de Novembro tamb\u00e9m de 2012, veio juntar-se a mim o RUBITO &#8220;RUBINETE&#8221;, e tornamo-nos insepar\u00e1veis! Foi j\u00e1 mais tarde, quando j\u00e1 t\u00ednhamos esta p\u00e1gina, que um outro residente do Parque da Terra Nova, o LUCKY &#8220;ORELH\u00c3O&#8221;, ficou tamb\u00e9m parapl\u00e9gico, e passou, por esse motivo, a ser o terceiro &#8220;Rodinhas&#8221;. Infelizmente, os meus dois queridos &#8220;c\u00e3opanheiros&#8221; j\u00e1 partiram para o &#8220;C\u00e9u de C\u00e3o&#8221;&#8230; e eu voltei a ser o \u00fanico &#8220;Rodinhas&#8221; do P.T.N.!&#8230; Tenho muitas saudades dos meus dois &#8220;c\u00e3opanheiros&#8221;, especialmente do &#8220;RUBINETE&#8221;, pois estivemos sempre juntinhos durante quase 6 anos, mas c\u00e1 continuo a &#8220;rodar&#8221; e a &#8220;sorrir&#8221;, e tenho feito aqui novas amizades com outros &#8220;c\u00e3opanheiros&#8221;, sem &#8220;rodinhas&#8221;, mas com outras necessidades especiais, e continuo a ser um &#8220;Rodinhas Feliz&#8221;. Agora, no entanto, sinto-me um pouco s\u00f3, nesta p\u00e1gina&#8230; e por isso, n\u00e3o me v\u00e3o ver por aqui&#8230; a n\u00e3o ser muito excepcionalmente. Pe\u00e7o a todos, Amig\u00f5es, que passem, por isso, a procurar-me na p\u00e1gina oficial do Parque da Terra Nova&#8230; ou seja, na minha casa, no lar do meu\u00a0\u2764. Adorei &#8220;rodar&#8221; com todos v\u00f3s nesta p\u00e1gina especial, e nunca esquecerei o vosso apoio. Espero, e agrade\u00e7o, que n\u00e3o se esque\u00e7am de mim!<br \/>ANGEL &#8220;ANGEL\u00c3O&#8221; (Rodinhas do P.T.N.)\u00a0Parque da Terra Nova &#8211; P.T.N.<\/p>\n\n<p style=\"text-align: justify;\"><span style=\"color: #0000ff; background-color: #ccffcc;\">ANGEL \u201cANGEL\u00c3O\u201d \u2013 (21 de Fevereiro de 2022)<\/span><\/p>\n<p style=\"text-align: justify;\">Parque da Terra Nova (P.T.N.) &#8211; Riba de Ave (Fevereiro de 2022)<\/p>\n<p style=\"text-align: justify;\">Com a partida do nosso querid\u00edssimo ANGEL &#8220;ANGEL\u00c3O&#8221; para o &#8220;C\u00e9u de C\u00e3o&#8221;, encerra-se um ciclo iniciado h\u00e1 dez anos, precisamente com ele &#8211; o ciclo dos &#8220;Rodinhas do Parque da Terra Nova&#8221;. Quando o ANGEL entrou nas nossas vidas, em Agosto de 2012, t\u00ednhamos pouca experi\u00eancia na presta\u00e7\u00e3o de cuidados a c\u00e3es parapl\u00e9gicos, e embora tiv\u00e9ssemos tido sucesso na reabilita\u00e7\u00e3o de alguns casos &#8211; designadamente de tr\u00eas residentes, o DOBER I, o SIMBA, e o RED-BULL &#8211; sob orienta\u00e7\u00e3o veterin\u00e1ria, tivemos inicialmente algumas reservas em assumir a responsabilidade de acolher um parapl\u00e9gico irrevers\u00edvel, e ainda em muito mau estado, ap\u00f3s o atropelamento de que tinha sido v\u00edtima e cirurgia de emerg\u00eancia a que tinha sido submetido. A nossa primeira preocupa\u00e7\u00e3o foi, portanto, aprender o m\u00e1ximo poss\u00edvel, com a maior rapidez poss\u00edvel, acerca dos cuidados di\u00e1rios, das condi\u00e7\u00f5es de alojamento, dos produtos de higiene adequados nestas condi\u00e7\u00f5es, e de mais uma infinidade de pormenores, enquanto \u00edamos executando o necess\u00e1rio e tratando de restituir ao nosso novo residente uma boa forma f\u00edsica e maior vigor. Quando, tr\u00eas meses mais tarde, acolhemos o RUBITO, j\u00e1 t\u00ednhamos aprendido muito com o nosso ANGEL, que recebeu o seu novo &#8220;c\u00e3opanheiro&#8221; com a maior alegria. Com a chegada do RUBITO, come\u00e7amos a introduzir v\u00e1rias modifica\u00e7\u00f5es no P.T.N. e nas nossas rotinas de trabalho, de forma a prestar-lhes a assist\u00eancia especial que requeriam. Como o RUBITO j\u00e1 tinha um auxiliar de locomo\u00e7\u00e3o &#8211; algo novo para n\u00f3s &#8211; entramos em contacto, atrav\u00e9s de um grupo de amigas e apoiantes do ANGEL, com o Pedro P\u00f3voa, da Dog Locomotion, no sentido de adquirir um para ele. Nasceu aqui uma nova amizade que muito prezamos e muito nos honra, e que o tempo foi cimentando &#8211; e com o primeiro &#8220;space shuttle&#8221; (como lhe chamamos) constru\u00eddo especialmente pelo Pedro para o ANGEL, nasceu, junto ao RUBITO, o &#8220;DUO RODINHAS&#8221; do Parque da Terra Nova. Quando, alguns anos mais tarde, um outro residente &#8211; o LUCKY &#8211; ficou tamb\u00e9m parapl\u00e9gico, o DUO passou a TRIO, e, entretanto, grandes melhoramentos tinham tido lugar no P.T.N., para maior conforto dos &#8220;RODINHAS&#8221;. Mas o melhor de tudo eram mesmo eles, os pr\u00f3prios &#8220;RODINHAS&#8221; &#8211; e nunca conseguiremos descrever perfeitamente o quanto aprendemos com eles, e especialmente com o ANGEL, entretanto &#8220;transformado&#8221; em ANGEL\u00c3O, que, apesar de ser, dos tr\u00eas, o que maiores limita\u00e7\u00f5es f\u00edsicas e dificuldades apresentava, era tamb\u00e9m, de todos, o mais alegre, o mais entusi\u00e1stico, o mais brincalh\u00e3o, e o maior mestre em supera\u00e7\u00e3o e coragem. Podemos dizer que foi com ele que aprendemos a viver, em toda a sua plenitude, os &#8220;Agoras Felizes&#8221; que ele pr\u00f3prio espelhava em todos os momentos, e que se tornaram na nossa divisa. Por tudo isto, para al\u00e9m do amor incondicional com que nos privilegiou e por tantos e tantos momentos de carinho, al\u00e9m de in\u00fameros epis\u00f3dios hilariantes que jamais esqueceremos, seremos eternamente gratos ao nosso maravilhoso ANGEL &#8220;ANGEL\u00c3O&#8221; &#8211; e aos seus saudosos Amigos &#8220;Rodinhas&#8221;, que, antes dele, ganharam asas tamb\u00e9m. N\u00e3o podemos tamb\u00e9m deixar de recordar, com muita saudade e gratid\u00e3o, a principal respons\u00e1vel pela vinda do ANGEL para o P.T.N., a Cristina Romero, que, temos a certeza, recebeu o nosso querido ANGEL\u00c3O l\u00e1, entre as estrelas, rodeada dos outros &#8220;Rodinhas&#8221;. E n\u00e3o podemos, ainda, deixar de mencionar mais seres humanos excepcionais que fizeram parte da vida do nosso lindo ANGEL, e, em diferentes fases da sua presen\u00e7a no P.T.N., foram t\u00e3o importantes para ele: Andreia Nogueira, Vera Cardoso, Liliana Barros, Filomena Costa, Cristiana M\u00e2ncio Santos, Elisa Galiano, e as nossas querid\u00edssimas &#8220;C\u00e3omadres&#8221; Maria Jos\u00e9 Laranjeira Azevedo e F\u00e1tima Pimenta. A todas, a nossa mais profunda gratid\u00e3o pelo apoio prestado ao nosso querido mo\u00e7oilo, e pelo vosso grande carinho. Dissemos, no nosso pequeno v\u00eddeo de homenagem ao ANGEL, que, com a partida dele para o &#8220;C\u00e9u de C\u00e3o&#8221;, findou um cap\u00edtulo de enorme import\u00e2ncia na Hist\u00f3ria do Parque da Terra Nova, e que, sem ele, n\u00e3o sabemos muito bem como havemos de continuar a escrever essa Hist\u00f3ria. \u00c9 verdade, o nosso sentimento de perda \u00e9 t\u00e3o grande, que&#8230; se n\u00e3o fosse o pr\u00f3prio ANGEL\u00c3O, cuja capacidade de supera\u00e7\u00e3o foi \u00edmpar, a inspirar-nos, e a motivar-nos, ter\u00edamos uma indiz\u00edvel dificuldade em continuar!&#8230; Olha por n\u00f3s e pelos teus &#8220;c\u00e3opanheiros&#8221; do P.T.N., querido ANGEL &#8220;ANGEL\u00c3O&#8221;, e agora, corre livremente, brinca muito&#8230; voa, com as tuas &#8220;Rodinhas&#8221; transformadas em asas, a\u00ed, no &#8220;C\u00e9u de C\u00e3o&#8221;! &#8211; Os teus Amigos do P.T.N. : Paula, Alexandra, Sr. Jos\u00e9, F\u00e1tima, Paulinho, Z\u00e9 Carlos e Goreti (e tamb\u00e9m os teus Amigos Z\u00e9 Manel e M\u00e1rio)<\/p>\n\n","protected":false},"excerpt":{"rendered":"<p>\u00a0 Amig\u00f5es! Sou o ANGEL &#8220;ANGEL\u00c3O&#8221;, e fui eu que dei in\u00edcio \u00e0 hist\u00f3ria dos &#8220;Rodinhas do Parque da Terra Nova&#8221;, quando vim para c\u00e1 no dia 5 de Agosto de 2012. Precisamente 3 meses mais tarde, ou seja, no &hellip; <a href=\"https:\/\/parquedaterranova.pt\/portal\/?page_id=44\">Continuar a ler <span class=\"meta-nav\">&rarr;<\/span><\/a><\/p>\n","protected":false},"author":1,"featured_media":0,"parent":0,"menu_order":5,"comment_status":"closed","ping_status":"closed","template":"sidebar-page.php","meta":{"footnotes":""},"class_list":["post-44","page","type-page","status-publish","hentry"],"_links":{"self":[{"href":"https:\/\/parquedaterranova.pt\/portal\/index.php?rest_route=\/wp\/v2\/pages\/44","targetHints":{"allow":["GET"]}}],"collection":[{"href":"https:\/\/parquedaterranova.pt\/portal\/index.php?rest_route=\/wp\/v2\/pages"}],"about":[{"href":"https:\/\/parquedaterranova.pt\/portal\/index.php?rest_route=\/wp\/v2\/types\/page"}],"author":[{"embeddable":true,"href":"https:\/\/parquedaterranova.pt\/portal\/index.php?rest_route=\/wp\/v2\/users\/1"}],"replies":[{"embeddable":true,"href":"https:\/\/parquedaterranova.pt\/portal\/index.php?rest_route=%2Fwp%2Fv2%2Fcomments&post=44"}],"version-history":[{"count":8,"href":"https:\/\/parquedaterranova.pt\/portal\/index.php?rest_route=\/wp\/v2\/pages\/44\/revisions"}],"predecessor-version":[{"id":524,"href":"https:\/\/parquedaterranova.pt\/portal\/index.php?rest_route=\/wp\/v2\/pages\/44\/revisions\/524"}],"wp:attachment":[{"href":"https:\/\/parquedaterranova.pt\/portal\/index.php?rest_route=%2Fwp%2Fv2%2Fmedia&parent=44"}],"curies":[{"name":"wp","href":"https:\/\/api.w.org\/{rel}","templated":true}]}}