{"id":425,"date":"2022-02-06T20:57:14","date_gmt":"2022-02-06T20:57:14","guid":{"rendered":"https:\/\/parquedaterranova.pt\/portal\/?page_id=425"},"modified":"2026-02-09T12:56:14","modified_gmt":"2026-02-09T12:56:14","slug":"lace-copy-2-copy-7","status":"publish","type":"page","link":"https:\/\/parquedaterranova.pt\/portal\/?page_id=425","title":{"rendered":"Linda Castanha"},"content":{"rendered":"<p>LINDA &#8220;CASTANHA&#8221; (1 de Fevereiro de 2022)<\/p>\n<p style=\"text-align: justify;\"><img loading=\"lazy\" decoding=\"async\" class=\"size-medium wp-image-423 alignleft\" src=\"https:\/\/parquedaterranova.pt\/portal\/wp-content\/uploads\/2022\/02\/linda_castanha_01-251x188.jpg\" alt=\"\" width=\"251\" height=\"188\" srcset=\"https:\/\/parquedaterranova.pt\/portal\/wp-content\/uploads\/2022\/02\/linda_castanha_01-251x188.jpg 251w, https:\/\/parquedaterranova.pt\/portal\/wp-content\/uploads\/2022\/02\/linda_castanha_01-401x300.jpg 401w, https:\/\/parquedaterranova.pt\/portal\/wp-content\/uploads\/2022\/02\/linda_castanha_01.jpg 721w\" sizes=\"auto, (max-width: 251px) 100vw, 251px\" \/>Bem gost\u00e1vamos de partilhar boas not\u00edcias, bem gost\u00e1vamos de n\u00e3o ter mais uma perda a lamentar&#8230; mas, infelizmente, a nossa querida e maravilhosa LINDA &#8220;CASTANHA&#8221; partiu ontem \u00e0 tarde para o &#8220;C\u00e9u de C\u00e3o&#8221;, mergulha do-nos, uma vez mais, numa enorme desola\u00e7\u00e3o e naquele sentido de impot\u00eancia a que nunca, nunca nos habituaremos, mesmo quando sabemos que h\u00e1 situa\u00e7\u00f5es cujo desfecho \u00e9 inevit\u00e1vel. A nossa LINDA &#8220;CASTANHA&#8221; j\u00e1 estava doente h\u00e1 muito tempo. H\u00e1 dois anos tinha sido submetida a uma cirurgia para amputa\u00e7\u00e3o das orelhas, ap\u00f3s um diagn\u00f3stico de carcinoma, mas, embora a recupera\u00e7\u00e3o tivesse sido \u00f3ptima, foi posteriormente detectada uma outra massa &#8211; met\u00e1stase &#8211; na cavidade abdominal. Como a idade da LINDA era j\u00e1 bastante avan\u00e7ada, e havia suspeitas da exist\u00eancia de outras met\u00e1stases, optou-se por submet\u00ea-la apenas a cuidados paliativos, mantendo-a sob vigil\u00e2ncia. Apesar da gravidade da sua patologia, a nossa velhinha manteve-se em boa forma, com bastante apetite e ainda uma razo\u00e1vel energia at\u00e9 h\u00e1 alguns meses atr\u00e1s, mas, mais recentemente, j\u00e1 se notava um maior cansa\u00e7o, perda de peso, e, nos \u00faltimos dias, perturba\u00e7\u00f5es digestivas significativas, apatia, e inapet\u00eancia. Partiu em paz, sem sofrimento, e rodeada de carinho, muito serenamente. Esta bel\u00edssima &#8220;c\u00e3opanheira&#8221;, a quem chamavamos carinhosamente a &#8220;nossa malamute do Alaska&#8221;, j\u00e1 estava connosco desde 2009, e estimamos que estivesse perto de completar os 18 anos. Era um aut\u00eantico &#8220;terramoto&#8221; de energia e alegria, e era de uma simpatia radiosa, cativando todos os que com ela contactavam, com os seus olhos dourados e o seu &#8220;sorriso&#8221; permanente! J\u00e1 sentimos muitas saudades da nossa querida &#8220;malamute&#8221;, t\u00e3o linda como o seu nome, t\u00e3o prazenteira, sempre bem disposta! Mas sentimos algum consolo quando nos lembramos de que ela teve uma vida longa e foi muito feliz! At\u00e9 sempre, querida LINDA &#8220;CASTANHA&#8221;! Recordar-te-emos sempre com profunda gratid\u00e3o, pelo &#8220;sorriso&#8221; e simpatia com que nos privilegiaste!<\/p>\n<p style=\"text-align: right;\"><a href=\"https:\/\/parquedaterranova.pt\/portal\/?page_id=406\"><strong><span style=\"font-size: revert;\">VOLTAR<\/span><\/strong><\/a><\/p>\n","protected":false},"excerpt":{"rendered":"<p>LINDA &#8220;CASTANHA&#8221; (1 de Fevereiro de 2022) Bem gost\u00e1vamos de partilhar boas not\u00edcias, bem gost\u00e1vamos de n\u00e3o ter mais uma perda a lamentar&#8230; mas, infelizmente, a nossa querida e maravilhosa LINDA &#8220;CASTANHA&#8221; partiu ontem \u00e0 tarde para o &#8220;C\u00e9u de &hellip; <a href=\"https:\/\/parquedaterranova.pt\/portal\/?page_id=425\">Continuar a ler <span class=\"meta-nav\">&rarr;<\/span><\/a><\/p>\n","protected":false},"author":1,"featured_media":0,"parent":0,"menu_order":7,"comment_status":"closed","ping_status":"closed","template":"sidebar-page.php","meta":{"footnotes":""},"class_list":["post-425","page","type-page","status-publish","hentry"],"_links":{"self":[{"href":"https:\/\/parquedaterranova.pt\/portal\/index.php?rest_route=\/wp\/v2\/pages\/425","targetHints":{"allow":["GET"]}}],"collection":[{"href":"https:\/\/parquedaterranova.pt\/portal\/index.php?rest_route=\/wp\/v2\/pages"}],"about":[{"href":"https:\/\/parquedaterranova.pt\/portal\/index.php?rest_route=\/wp\/v2\/types\/page"}],"author":[{"embeddable":true,"href":"https:\/\/parquedaterranova.pt\/portal\/index.php?rest_route=\/wp\/v2\/users\/1"}],"replies":[{"embeddable":true,"href":"https:\/\/parquedaterranova.pt\/portal\/index.php?rest_route=%2Fwp%2Fv2%2Fcomments&post=425"}],"version-history":[{"count":3,"href":"https:\/\/parquedaterranova.pt\/portal\/index.php?rest_route=\/wp\/v2\/pages\/425\/revisions"}],"predecessor-version":[{"id":756,"href":"https:\/\/parquedaterranova.pt\/portal\/index.php?rest_route=\/wp\/v2\/pages\/425\/revisions\/756"}],"wp:attachment":[{"href":"https:\/\/parquedaterranova.pt\/portal\/index.php?rest_route=%2Fwp%2Fv2%2Fmedia&parent=425"}],"curies":[{"name":"wp","href":"https:\/\/api.w.org\/{rel}","templated":true}]}}