{"id":400,"date":"2022-01-28T11:29:31","date_gmt":"2022-01-28T11:29:31","guid":{"rendered":"https:\/\/parquedaterranova.pt\/portal\/?page_id=400"},"modified":"2026-02-20T20:55:07","modified_gmt":"2026-02-20T20:55:07","slug":"lace-copy-2-copy-3-copy","status":"publish","type":"page","link":"https:\/\/parquedaterranova.pt\/portal\/?page_id=400","title":{"rendered":"Did\u00e1xis"},"content":{"rendered":"<p>* DID\u00c1XIS * (11 de Agosto de 2021)<\/p>\n<\/p>\n<p style=\"text-align: justify;\">\u00c9 com profunda tristeza que informamos que a nossa querida velhinha DID\u00c1XIS n\u00e3o resistiu, e, apesar da excelente assist\u00eancia recebida, entrou em fal\u00eancia cardiorrespirat\u00f3ria <img loading=\"lazy\" decoding=\"async\" class=\"size-medium wp-image-396 alignleft\" src=\"https:\/\/parquedaterranova.pt\/portal\/wp-content\/uploads\/2022\/01\/didaxis_01-147x188.jpg\" alt=\"\" width=\"147\" height=\"188\" srcset=\"https:\/\/parquedaterranova.pt\/portal\/wp-content\/uploads\/2022\/01\/didaxis_01-147x188.jpg 147w, https:\/\/parquedaterranova.pt\/portal\/wp-content\/uploads\/2022\/01\/didaxis_01-235x300.jpg 235w, https:\/\/parquedaterranova.pt\/portal\/wp-content\/uploads\/2022\/01\/didaxis_01.jpg 502w\" sizes=\"auto, (max-width: 147px) 100vw, 147px\" \/>irrevers\u00edvel e partiu, ontem, para o &#8220;C\u00e9u de C\u00e3o&#8221;. A DID\u00c1XIS j\u00e1 estava connosco desde 2010, e teria cerca de 15 ou 16 anos. A hist\u00f3ria da vinda desta simp\u00e1tica amiguinha para o P.T.N. \u00e9 muito curiosa, e n\u00e3o podemos deixar de record\u00e1-la aqui, com enorme ternura. De facto, foi ela que nos escolheu, e decidiu vir viver para c\u00e1! Esta cadela de porte grande, j\u00e1 adulta, andava na rua, aqui em Riba de Ave, e passava muito tempo nas imedia\u00e7\u00f5es da DID\u00c1XIS (escola com terrenos cont\u00edguos ao P.T.N.), onde ia sendo alimentada pelo porteiro daquele estabelecimento de ensino. Nessa \u00e9poca, vivia no P.T.N. uma outra cadela, a ISILDA, que tinha sido tamb\u00e9m errante, e, como saltava os muros, apesar de bastante altos, ia muitas vezes at\u00e9 aos terrenos da DID\u00c1XIS, onde gostava de confraternizar com esta amiga. Ora, a partir de determinada altura, a amiga passou a saltar tamb\u00e9m o muro, mas para dentro do Parque, acompanhando a ISILDA&#8230; e a partir de ent\u00e3o, quando n\u00e3o ia a ISILDA buscar a amiga &#8211; a quem acabamos por baptizar como&#8230; DID\u00c1XIS, em homenagem \u00e0 sua origem &#8211; era a amiga que vinha ter com a ISILDA! Com o decorrer do tempo, acabou por ficar, e tornou-se em mais uma residente permanente. A DID\u00c1XIS foi sempre uma cadelinha saud\u00e1vel e nunca nos deu quaisquer problemas, mas ultimamente j\u00e1 se cansava bastante, e o seu cora\u00e7\u00e3ozinho j\u00e1 acusava o avan\u00e7o da idade. Conforta-nos o facto de ela ter partido muito serenamente, e sem sofrimento. J\u00e1 temos muitas saudades da nossa linda DID\u00c1XIS, mas imaginamos, com ternura, que, no &#8220;C\u00e9u de C\u00e3o&#8221; reencontrou a sua grande amiga ISILDA, e agora andam as duas, felizes, a saltar todos os arco-\u00edris! At\u00e9 sempre, querida DID\u00c1XIS, continuar\u00e1s para sempre no nosso e na &#8220;Alma de C\u00e3o&#8221; deste lugar que privilegiaste com a tua escolha para ser o teu lar! <\/p>\n\n\n<p style=\"text-align: right;\"><a href=\"https:\/\/parquedaterranova.pt\/portal\/?page_id=308\"><strong>VOLTAR<\/strong><\/a><\/p>\n","protected":false},"excerpt":{"rendered":"<p>* DID\u00c1XIS * (11 de Agosto de 2021) \u00c9 com profunda tristeza que informamos que a nossa querida velhinha DID\u00c1XIS n\u00e3o resistiu, e, apesar da excelente assist\u00eancia recebida, entrou em fal\u00eancia cardiorrespirat\u00f3ria irrevers\u00edvel e partiu, ontem, para o &#8220;C\u00e9u de &hellip; <a href=\"https:\/\/parquedaterranova.pt\/portal\/?page_id=400\">Continuar a ler <span class=\"meta-nav\">&rarr;<\/span><\/a><\/p>\n","protected":false},"author":1,"featured_media":0,"parent":0,"menu_order":7,"comment_status":"closed","ping_status":"closed","template":"sidebar-page.php","meta":{"footnotes":""},"class_list":["post-400","page","type-page","status-publish","hentry"],"_links":{"self":[{"href":"https:\/\/parquedaterranova.pt\/portal\/index.php?rest_route=\/wp\/v2\/pages\/400","targetHints":{"allow":["GET"]}}],"collection":[{"href":"https:\/\/parquedaterranova.pt\/portal\/index.php?rest_route=\/wp\/v2\/pages"}],"about":[{"href":"https:\/\/parquedaterranova.pt\/portal\/index.php?rest_route=\/wp\/v2\/types\/page"}],"author":[{"embeddable":true,"href":"https:\/\/parquedaterranova.pt\/portal\/index.php?rest_route=\/wp\/v2\/users\/1"}],"replies":[{"embeddable":true,"href":"https:\/\/parquedaterranova.pt\/portal\/index.php?rest_route=%2Fwp%2Fv2%2Fcomments&post=400"}],"version-history":[{"count":3,"href":"https:\/\/parquedaterranova.pt\/portal\/index.php?rest_route=\/wp\/v2\/pages\/400\/revisions"}],"predecessor-version":[{"id":828,"href":"https:\/\/parquedaterranova.pt\/portal\/index.php?rest_route=\/wp\/v2\/pages\/400\/revisions\/828"}],"wp:attachment":[{"href":"https:\/\/parquedaterranova.pt\/portal\/index.php?rest_route=%2Fwp%2Fv2%2Fmedia&parent=400"}],"curies":[{"name":"wp","href":"https:\/\/api.w.org\/{rel}","templated":true}]}}