{"id":390,"date":"2022-01-18T11:35:44","date_gmt":"2022-01-18T11:35:44","guid":{"rendered":"https:\/\/parquedaterranova.pt\/portal\/?page_id=390"},"modified":"2026-02-24T18:05:03","modified_gmt":"2026-02-24T18:05:03","slug":"lace-copy-2-copy-5","status":"publish","type":"page","link":"https:\/\/parquedaterranova.pt\/portal\/?page_id=390","title":{"rendered":"Grigri"},"content":{"rendered":"<p style=\"text-align: justify;\">* GRIGRI * (11 de Setembro de 2021)<\/p>\n<p style=\"text-align: justify;\">J\u00e1 era uma data triste para todos, mas para n\u00f3s, no P.T.N., ainda mais triste se tornou. A <img loading=\"lazy\" decoding=\"async\" class=\"size-medium wp-image-388 alignleft\" src=\"https:\/\/parquedaterranova.pt\/portal\/wp-content\/uploads\/2022\/01\/grigri_03-250x188.jpg\" alt=\"\" width=\"250\" height=\"188\" srcset=\"https:\/\/parquedaterranova.pt\/portal\/wp-content\/uploads\/2022\/01\/grigri_03-250x188.jpg 250w, https:\/\/parquedaterranova.pt\/portal\/wp-content\/uploads\/2022\/01\/grigri_03-1000x751.jpg 1000w, https:\/\/parquedaterranova.pt\/portal\/wp-content\/uploads\/2022\/01\/grigri_03-768x576.jpg 768w, https:\/\/parquedaterranova.pt\/portal\/wp-content\/uploads\/2022\/01\/grigri_03-1536x1153.jpg 1536w, https:\/\/parquedaterranova.pt\/portal\/wp-content\/uploads\/2022\/01\/grigri_03-400x300.jpg 400w, https:\/\/parquedaterranova.pt\/portal\/wp-content\/uploads\/2022\/01\/grigri_03.jpg 1920w\" sizes=\"auto, (max-width: 250px) 100vw, 250px\" \/>nossa querida GRIGRI, a nossa magricela velhinha, que de forma t\u00e3o corajosa resistiu, ao longo de tantos meses, aos efeitos de uma grav\u00edssima insufici\u00eancia card\u00edaca, cansou-se, finalmente, de lutar, e deixou-nos ontem, de madrugada, como se continuasse o sono de uma noite serena, para s\u00f3 acordar no &#8220;C\u00e9u de C\u00e3o&#8221;!&#8230; O dia anterior tinha sido t\u00e3o bom, com a nossa querida t\u00e3o bem disposta, e a comer t\u00e3o bem, que, por muito que soub\u00e9ssemos que o cora\u00e7\u00e3ozinho dela poderia falhar a qualquer momento, n\u00e3o esper\u00e1vamos, de todo, que isso fosse acontecer justamente agora, e&#8230; sim, foi um choque, enorme, ver a nossa querida GRIGRI a deixar-nos, assim. Entre todos n\u00f3s, \u00e9 a F\u00e1tima <img loading=\"lazy\" decoding=\"async\" class=\"size-medium wp-image-387 alignleft\" src=\"https:\/\/parquedaterranova.pt\/portal\/wp-content\/uploads\/2022\/01\/grigri_02-106x188.jpg\" alt=\"\" width=\"106\" height=\"188\" srcset=\"https:\/\/parquedaterranova.pt\/portal\/wp-content\/uploads\/2022\/01\/grigri_02-106x188.jpg 106w, https:\/\/parquedaterranova.pt\/portal\/wp-content\/uploads\/2022\/01\/grigri_02-488x867.jpg 488w, https:\/\/parquedaterranova.pt\/portal\/wp-content\/uploads\/2022\/01\/grigri_02-169x300.jpg 169w, https:\/\/parquedaterranova.pt\/portal\/wp-content\/uploads\/2022\/01\/grigri_02.jpg 720w\" sizes=\"auto, (max-width: 106px) 100vw, 106px\" \/>quem est\u00e1 mais inconsol\u00e1vel pela partida da GRIGRI, e n\u00e3o p\u00e1ra de chorar. Ainda na quinta feira passada a acompanhou, mais uma vez, ao Hospital Veterin\u00e1rio, para mais uma consulta, e voltou muito animada, pois a GRIGRI mostrava-se como podem ver nestas fotografias, ou seja, toda arrebitada, e pronta para vir para casa. Infelizmente, estas seriam as \u00faltimas fotografias da nossa GRIGRI, e se n\u00e3o foi este o \u00faltimo abra\u00e7o que recebeu da F\u00e1tima, pois ela dava-lhe mimos a toda a hora, pelo menos esta imagem ficar\u00e1 como recorda\u00e7\u00e3o da liga\u00e7\u00e3o t\u00e3o especial que ambas tinham. E n\u00e3o podemos deixar de concluir esta simples mas sentida homenagem \u00e0 nossa GRIGRI com a dedicat\u00f3ria que a F\u00e1tima lhe destinou: &#8220;GRIGRI, tu foste, tu \u00e9s, e ser\u00e1s sempre uma Vencedora!&#8221; &#8211; F\u00e1tima da equipa do P.T.N&#8230;. E, concordando totalmente, tamb\u00e9m \u00e9 assim, como uma Vencedora, que todos n\u00f3s, os restantes elementos da equipa, para sempre recordaremos a nossa querida GRIGRI!<\/p>\n<p style=\"text-align: justify;\"><img loading=\"lazy\" decoding=\"async\" class=\"alignnone size-medium wp-image-389\" src=\"https:\/\/parquedaterranova.pt\/portal\/wp-content\/uploads\/2022\/01\/grigri_04-106x188.jpg\" alt=\"\" width=\"106\" height=\"188\" srcset=\"https:\/\/parquedaterranova.pt\/portal\/wp-content\/uploads\/2022\/01\/grigri_04-106x188.jpg 106w, https:\/\/parquedaterranova.pt\/portal\/wp-content\/uploads\/2022\/01\/grigri_04-488x867.jpg 488w, https:\/\/parquedaterranova.pt\/portal\/wp-content\/uploads\/2022\/01\/grigri_04-169x300.jpg 169w, https:\/\/parquedaterranova.pt\/portal\/wp-content\/uploads\/2022\/01\/grigri_04.jpg 720w\" sizes=\"auto, (max-width: 106px) 100vw, 106px\" \/><\/p>\n\n\n<p style=\"text-align: right;\"><a href=\"https:\/\/parquedaterranova.pt\/portal\/?page_id=308\"><strong>VOLTAR<\/strong><\/a><\/p>\n","protected":false},"excerpt":{"rendered":"<p>* GRIGRI * (11 de Setembro de 2021) J\u00e1 era uma data triste para todos, mas para n\u00f3s, no P.T.N., ainda mais triste se tornou. A nossa querida GRIGRI, a nossa magricela velhinha, que de forma t\u00e3o corajosa resistiu, ao &hellip; <a href=\"https:\/\/parquedaterranova.pt\/portal\/?page_id=390\">Continuar a ler <span class=\"meta-nav\">&rarr;<\/span><\/a><\/p>\n","protected":false},"author":1,"featured_media":0,"parent":0,"menu_order":7,"comment_status":"closed","ping_status":"closed","template":"sidebar-page.php","meta":{"footnotes":""},"class_list":["post-390","page","type-page","status-publish","hentry"],"_links":{"self":[{"href":"https:\/\/parquedaterranova.pt\/portal\/index.php?rest_route=\/wp\/v2\/pages\/390","targetHints":{"allow":["GET"]}}],"collection":[{"href":"https:\/\/parquedaterranova.pt\/portal\/index.php?rest_route=\/wp\/v2\/pages"}],"about":[{"href":"https:\/\/parquedaterranova.pt\/portal\/index.php?rest_route=\/wp\/v2\/types\/page"}],"author":[{"embeddable":true,"href":"https:\/\/parquedaterranova.pt\/portal\/index.php?rest_route=\/wp\/v2\/users\/1"}],"replies":[{"embeddable":true,"href":"https:\/\/parquedaterranova.pt\/portal\/index.php?rest_route=%2Fwp%2Fv2%2Fcomments&post=390"}],"version-history":[{"count":2,"href":"https:\/\/parquedaterranova.pt\/portal\/index.php?rest_route=\/wp\/v2\/pages\/390\/revisions"}],"predecessor-version":[{"id":847,"href":"https:\/\/parquedaterranova.pt\/portal\/index.php?rest_route=\/wp\/v2\/pages\/390\/revisions\/847"}],"wp:attachment":[{"href":"https:\/\/parquedaterranova.pt\/portal\/index.php?rest_route=%2Fwp%2Fv2%2Fmedia&parent=390"}],"curies":[{"name":"wp","href":"https:\/\/api.w.org\/{rel}","templated":true}]}}