{"id":350,"date":"2022-01-05T21:10:09","date_gmt":"2022-01-05T21:10:09","guid":{"rendered":"https:\/\/parquedaterranova.pt\/portal\/?page_id=350"},"modified":"2026-03-09T11:48:28","modified_gmt":"2026-03-09T11:48:28","slug":"lace-copy-2-copy","status":"publish","type":"page","link":"https:\/\/parquedaterranova.pt\/portal\/?page_id=350","title":{"rendered":"Lily"},"content":{"rendered":"<p>* LILY * (3 de Novembro de 2021)<\/p>\n<p style=\"text-align: justify;\"><img loading=\"lazy\" decoding=\"async\" class=\"size-medium wp-image-349 alignleft\" src=\"https:\/\/parquedaterranova.pt\/portal\/wp-content\/uploads\/2022\/01\/lily_01-197x188.jpg\" alt=\"\" width=\"197\" height=\"188\" srcset=\"https:\/\/parquedaterranova.pt\/portal\/wp-content\/uploads\/2022\/01\/lily_01-197x188.jpg 197w, https:\/\/parquedaterranova.pt\/portal\/wp-content\/uploads\/2022\/01\/lily_01-314x300.jpg 314w, https:\/\/parquedaterranova.pt\/portal\/wp-content\/uploads\/2022\/01\/lily_01.jpg 526w\" sizes=\"auto, (max-width: 197px) 100vw, 197px\" \/>A nossa pequena LILY partiu ontem \u00e0 tarde, muito serenamente, para o &#8220;C\u00e9u de C\u00e3o&#8221;. J\u00e1 era muito velhinha, estava cega e surda, e apresentava, j\u00e1 desde h\u00e1 alguns meses, sintomas de DCC (disfun\u00e7\u00e3o cognitiva canina). \u00daltimamente, pouco sa\u00eda da sua caminha, s\u00f3 o fazendo, praticamente, para se ir aconchegar com o ANGEL, quando ele estava na &#8220;Casa do Sr. Jos\u00e9&#8221;. De resto, j\u00e1 estava a ser alimentada \u00e0 m\u00e3o, e j\u00e1 tinha, tamb\u00e9m, de ser ajudada para ir ao exterior fazer as suas necessidades. Compreendemos que o fim estava pr\u00f3ximo quando a nossa pequenina deixou de comer e de urinar, tendo entrado, rapidamente, em fal\u00eancia renal. Partiu em paz, e acarinhada pelos seus Amigos de sempre. Era uma cadelinha muito sossegada e discreta, muito independente, tamb\u00e9m, com um passado de grave neglig\u00eancia. Aqui, connosco, e com os outros c\u00e3opanheiros, tinha encontrado o equil\u00edbrio, o conforto, e o carinho necess\u00e1rios para que os \u00faltimos anos da sua vida fossem felizes. E&#8230; acreditamos que foram! At\u00e9 sempre, querida LILY, foi um privil\u00e9gio ter-te connosco, aqui no P.T.N., e nunca nos esqueceremos de ti!<\/p>\n<p>\u00a0<\/p>\n<p style=\"text-align: right;\"><a href=\"https:\/\/parquedaterranova.pt\/portal\/?page_id=308\"><strong>VOLTAR<\/strong><\/a><\/p>\n\n","protected":false},"excerpt":{"rendered":"<p>* LILY * (3 de Novembro de 2021) A nossa pequena LILY partiu ontem \u00e0 tarde, muito serenamente, para o &#8220;C\u00e9u de C\u00e3o&#8221;. J\u00e1 era muito velhinha, estava cega e surda, e apresentava, j\u00e1 desde h\u00e1 alguns meses, sintomas de &hellip; <a href=\"https:\/\/parquedaterranova.pt\/portal\/?page_id=350\">Continuar a ler <span class=\"meta-nav\">&rarr;<\/span><\/a><\/p>\n","protected":false},"author":1,"featured_media":0,"parent":0,"menu_order":7,"comment_status":"closed","ping_status":"closed","template":"sidebar-page.php","meta":{"footnotes":""},"class_list":["post-350","page","type-page","status-publish","hentry"],"_links":{"self":[{"href":"https:\/\/parquedaterranova.pt\/portal\/index.php?rest_route=\/wp\/v2\/pages\/350","targetHints":{"allow":["GET"]}}],"collection":[{"href":"https:\/\/parquedaterranova.pt\/portal\/index.php?rest_route=\/wp\/v2\/pages"}],"about":[{"href":"https:\/\/parquedaterranova.pt\/portal\/index.php?rest_route=\/wp\/v2\/types\/page"}],"author":[{"embeddable":true,"href":"https:\/\/parquedaterranova.pt\/portal\/index.php?rest_route=\/wp\/v2\/users\/1"}],"replies":[{"embeddable":true,"href":"https:\/\/parquedaterranova.pt\/portal\/index.php?rest_route=%2Fwp%2Fv2%2Fcomments&post=350"}],"version-history":[{"count":3,"href":"https:\/\/parquedaterranova.pt\/portal\/index.php?rest_route=\/wp\/v2\/pages\/350\/revisions"}],"predecessor-version":[{"id":936,"href":"https:\/\/parquedaterranova.pt\/portal\/index.php?rest_route=\/wp\/v2\/pages\/350\/revisions\/936"}],"wp:attachment":[{"href":"https:\/\/parquedaterranova.pt\/portal\/index.php?rest_route=%2Fwp%2Fv2%2Fmedia&parent=350"}],"curies":[{"name":"wp","href":"https:\/\/api.w.org\/{rel}","templated":true}]}}