{"id":312,"date":"2021-12-16T22:36:37","date_gmt":"2021-12-16T22:36:37","guid":{"rendered":"https:\/\/parquedaterranova.pt\/portal\/?page_id=312"},"modified":"2026-03-09T14:10:31","modified_gmt":"2026-03-09T14:10:31","slug":"estrelinha-copy-3","status":"publish","type":"page","link":"https:\/\/parquedaterranova.pt\/portal\/?page_id=312","title":{"rendered":"Boneco"},"content":{"rendered":"<p style=\"text-align: justify;\"><img loading=\"lazy\" decoding=\"async\" class=\" wp-image-306 alignleft\" src=\"https:\/\/parquedaterranova.pt\/portal\/wp-content\/uploads\/2021\/12\/boneco_02-188x188.jpg\" alt=\"\" width=\"223\" height=\"223\" srcset=\"https:\/\/parquedaterranova.pt\/portal\/wp-content\/uploads\/2021\/12\/boneco_02-188x188.jpg 188w, https:\/\/parquedaterranova.pt\/portal\/wp-content\/uploads\/2021\/12\/boneco_02-867x867.jpg 867w, https:\/\/parquedaterranova.pt\/portal\/wp-content\/uploads\/2021\/12\/boneco_02-768x768.jpg 768w, https:\/\/parquedaterranova.pt\/portal\/wp-content\/uploads\/2021\/12\/boneco_02-300x300.jpg 300w, https:\/\/parquedaterranova.pt\/portal\/wp-content\/uploads\/2021\/12\/boneco_02.jpg 1358w\" sizes=\"auto, (max-width: 223px) 100vw, 223px\" \/><img loading=\"lazy\" decoding=\"async\" class=\"wp-image-305 alignleft\" src=\"https:\/\/parquedaterranova.pt\/portal\/wp-content\/uploads\/2021\/12\/boneco_01-300x169.jpg\" alt=\"\" width=\"369\" height=\"211\" \/><\/p>\n<p style=\"text-align: justify;\"><strong>* Boneco * &#8211; 5 de Dezembro de 2021<\/strong><\/p>\n<p style=\"text-align: justify;\">Nem temos palavras para exprimir a nossa tristeza, e estamos completamente destro\u00e7ados! O dia de ontem foi horr\u00edvel, pois tivemos de levar de urg\u00eancia ao Hospital Veterin\u00e1rio n\u00e3o s\u00f3 o nosso querido BONECO, como a nossa linda PAPOILA, que acabou por ficar internada&#8230; mas do caso dela falaremos numa publica\u00e7\u00e3o espec\u00edfica. Quanto ao nosso maravilhoso &#8220;C\u00e3o Abra\u00e7o&#8221;, que, conforme noticiamos, desolados, estava muito ca\u00eddo e sem apetite, entrou, subitamente, em convuls\u00f5es, e n\u00e3o resistiu, tendo partido para o &#8220;C\u00e9u de C\u00e3o&#8221; j\u00e1 no Hospital, rodeado dos carinhos da Paula e da F\u00e1tima, que est\u00e3o inconsol\u00e1veis&#8230; ali\u00e1s como todos n\u00f3s! Tamb\u00e9m n\u00e3o temos palavras para descrever o quanto este nosso c\u00e3opanheiro era especial&#8230; Connosco desde 2010 e resgatado da rua j\u00e1 adulto, o BONECO tinha uma deforma\u00e7\u00e3o cong\u00e9nita dos dois membros anteriores &#8211; tor\u00e7\u00e3o radial bilateral &#8211; merc\u00ea da qual se deslocava apoiado nos tarsos, e que lhe dava a apar\u00eancia de estar sempre em posi\u00e7\u00e3o de&#8230; abra\u00e7o! Ali\u00e1s, &#8220;abra\u00e7os&#8221; era o que este c\u00e3o bel\u00edssimo e t\u00e3o simp\u00e1tico n\u00e3o se cansava de dar a todos n\u00f3s, aos veterin\u00e1rios, aos visitantes&#8230; enfim, a todos, assim tendo ganho o seu &#8220;cognome&#8221; repleto de ternura! N\u00e3o havia ningu\u00e9m que n\u00e3o gostasse do BONECO, super amistoso, e que tanto apreciava participar em todas as actividades em curso&#8230; como, numa das fotografias que escolhemos para esta merecid\u00edssima homenagem, a pintura do nosso &#8220;C\u00e3omural&#8221;, na qual colaborou com imenso entusiasmo! E, finalmente, tamb\u00e9m n\u00e3o temos palavras para exprimir as saudades que sentimos do nosso querido BONECO&#8230; da sua afabilidade, dos seus abra\u00e7os, do seu &#8220;sorriso&#8221; rasgado&#8230; mas sabemos que fomos uns privilegiados por termos tido este ser luminoso ao nosso cuidado, e termos podido proporcionar-lhe muitos anos de uma vida muito feliz!<\/p>\n<p style=\"text-align: right;\"><a href=\"https:\/\/parquedaterranova.pt\/portal\/?page_id=308\"><strong>VOLTAR<\/strong><\/a><\/p>\n\n","protected":false},"excerpt":{"rendered":"<p>* Boneco * &#8211; 5 de Dezembro de 2021 Nem temos palavras para exprimir a nossa tristeza, e estamos completamente destro\u00e7ados! O dia de ontem foi horr\u00edvel, pois tivemos de levar de urg\u00eancia ao Hospital Veterin\u00e1rio n\u00e3o s\u00f3 o nosso &hellip; <a href=\"https:\/\/parquedaterranova.pt\/portal\/?page_id=312\">Continuar a ler <span class=\"meta-nav\">&rarr;<\/span><\/a><\/p>\n","protected":false},"author":1,"featured_media":0,"parent":0,"menu_order":8,"comment_status":"closed","ping_status":"closed","template":"sidebar-page.php","meta":{"footnotes":""},"class_list":["post-312","page","type-page","status-publish","hentry"],"_links":{"self":[{"href":"https:\/\/parquedaterranova.pt\/portal\/index.php?rest_route=\/wp\/v2\/pages\/312","targetHints":{"allow":["GET"]}}],"collection":[{"href":"https:\/\/parquedaterranova.pt\/portal\/index.php?rest_route=\/wp\/v2\/pages"}],"about":[{"href":"https:\/\/parquedaterranova.pt\/portal\/index.php?rest_route=\/wp\/v2\/types\/page"}],"author":[{"embeddable":true,"href":"https:\/\/parquedaterranova.pt\/portal\/index.php?rest_route=\/wp\/v2\/users\/1"}],"replies":[{"embeddable":true,"href":"https:\/\/parquedaterranova.pt\/portal\/index.php?rest_route=%2Fwp%2Fv2%2Fcomments&post=312"}],"version-history":[{"count":4,"href":"https:\/\/parquedaterranova.pt\/portal\/index.php?rest_route=\/wp\/v2\/pages\/312\/revisions"}],"predecessor-version":[{"id":946,"href":"https:\/\/parquedaterranova.pt\/portal\/index.php?rest_route=\/wp\/v2\/pages\/312\/revisions\/946"}],"wp:attachment":[{"href":"https:\/\/parquedaterranova.pt\/portal\/index.php?rest_route=%2Fwp%2Fv2%2Fmedia&parent=312"}],"curies":[{"name":"wp","href":"https:\/\/api.w.org\/{rel}","templated":true}]}}