{"id":20,"date":"2017-02-20T11:15:43","date_gmt":"2017-02-20T11:15:43","guid":{"rendered":"https:\/\/parquedaterranova.pt\/portal\/?page_id=20"},"modified":"2026-01-13T13:04:25","modified_gmt":"2026-01-13T13:04:25","slug":"ceu-de-cao","status":"publish","type":"page","link":"https:\/\/parquedaterranova.pt\/portal\/?page_id=20","title":{"rendered":"C\u00e9u de C\u00e3o"},"content":{"rendered":"\n<h2 style=\"text-align: center;\"><span style=\"color: #0000ff;\"><strong>Aos Inesquec\u00edveis do Parque, com Amor<\/strong><\/span><\/h2>\n<h2 style=\"text-align: center;\"><span style=\"color: #008000;\">\u201cAchas que os c\u00e3es n\u00e3o v\u00e3o para o C\u00e9u? Pois digo-te que v\u00e3o, e que chegam l\u00e1 muito antes de qualquer um de n\u00f3s!\u201d \u2013 Robert Louis Stevenson\u201c<\/span><\/h2>\n<p style=\"text-align: justify;\">Muitos acreditam num C\u00e9u, para onde v\u00e3o aqueles que, na Terra, foram bons, justos, e leais, e amaram os seus semelhantes, e perdoaram as ofensas recebidas. Muitos outros n\u00e3o acreditam que exista esse lugar, mas, tal como os anteriores, t\u00eam a capacidade de reconhecer e distinguir, entre aqueles com quem se cruzam ao longo do caminho entre o nascimento e a morte \u2013 o caminho da vida \u2013 os bons e os maus, os justos e os injustos, os leais e os desleais, os que amam os seus semelhantes e aqueles que os desprezam e prejudicam, aqueles que escolhem o perd\u00e3o, e aqueles que jamais o fazem e escolhem a vingan\u00e7a \u2013 e t\u00eam a capacidade (embora n\u00e3o tenham, muitas vezes, a vontade) de se reverem neles, podendo ent\u00e3o optar pelo reflexo positivo ou negativo que esse \u201cespelho\u201d lhes devolve. Por outro lado, e independentemente das nossas cren\u00e7as, todos n\u00f3s temos a capacidade de lembrar \u2013 e, para al\u00e9m do \u201creflexo\u201d de n\u00f3s pr\u00f3prios que nem sempre queremos ver ao lembrar-nos dos outros, lembramos, sempre, claramente, aqueles que sempre nos acompanharam e apoiaram e aqueles que nos abandonaram, aqueles que nos protegeram e aqueles que nos prejudicaram, e aqueles que nos pagaram as nossas ofensas com o seu perd\u00e3o, como aqueles que nos pagaram com o seu rancor e a sua vingan\u00e7a. Independentemente das nossas cren\u00e7as, tamb\u00e9m, todos n\u00f3s, de uma forma ou outra, e mais tarde ou mais cedo, nos cruzamos, no caminho da vida, com animais \u2013 e aqueles que, como n\u00f3s, os amam e se sentem privilegiados pela partilha desse caminho com eles, n\u00e3o podem deixar de reconhecer neles muitas daquelas qualidades que\u2026 se ele existisse, nos fariam, de facto, merecedores do C\u00e9u\u2026 ou, se ele n\u00e3o existe, nos far\u00e3o, pelo menos, ser lembrados, aqui na Terra, como seres bons! Como todos os c\u00e3es com os quais temos tido o privil\u00e9gio de nos cruzar ao longo do caminho, os c\u00e3es a quem prestamos tributo nesta p\u00e1gina, e que j\u00e1 n\u00e3o est\u00e3o fisicamente connosco, continuam a acompanhar-nos. Porque \u00e9 isso que os c\u00e3es fazem, e \u00e9 assim que eles s\u00e3o: eles acompanham-nos sempre, e protegem-nos, e amam-nos incondicionalmente, porque nos perdoam as nossas ofensas, pagando-as com a sua dedica\u00e7\u00e3o, o seu afecto, e a sua lealdade, mesmo quando n\u00e3o os merecemos. Ou seja, mesmo quando n\u00e3o queremos aprender, os c\u00e3es ensinam-nos a ser bons! E por isso lhes somos eternamente gratos\u2026 e por isso queremos que sejam para sempre lembrados! &#8211; <strong>P.T.N.<\/strong><\/p>\n<h2><span style=\"color: #ff0000;\"><strong>Selecionar o ano que pretende visualizar<\/strong><\/span><\/h2>\n\n\n<table style=\"border-collapse: collapse; width: 100%; height: 341px;\">\n<tbody>\n<tr>\n<td style=\"width: 50%; text-align: left;\">\u00a0<\/td>\n<td style=\"width: 50%; text-align: right;\">\u00a0<\/td>\n<\/tr>\n<tr style=\"height: 19px;\">\n<td style=\"width: 50%; text-align: left; height: 19px;\"><a href='https:\/\/parquedaterranova.pt\/portal\/?page_id=548' onclick='' class='wpi_designer_button   wpi_shadow wpi_shadow_2px wpi_text_shadow_5px wpi_border_bottom wpi_padding_10px wpi_10px wpi_designer_button_468   ' target='' rel=''><i class=''><\/i><span class='wpi_text'>Ano 2026<\/span><\/a><\/td>\n<td style=\"width: 50%; text-align: right; height: 19px;\"><a href='https:\/\/parquedaterranova.pt\/portal\/?page_id=543' onclick='' class='wpi_designer_button   wpi_shadow wpi_shadow_2px wpi_text_shadow_5px wpi_border_bottom wpi_padding_10px wpi_10px wpi_designer_button_468   ' target='' rel=''><i class=''><\/i><span class='wpi_text'>Ano 2025<\/span><\/a><\/td>\n<\/tr>\n<tr style=\"height: 58px;\">\n<td style=\"width: 50%; text-align: left; height: 58px;\"><a href='https:\/\/parquedaterranova.pt\/portal\/?page_id=535' onclick='' class='wpi_designer_button   wpi_shadow wpi_shadow_2px wpi_text_shadow_5px wpi_border_bottom wpi_padding_10px wpi_10px wpi_designer_button_468   ' target='' rel=''><i class=''><\/i><span class='wpi_text'>Ano 2024<\/span><\/a><\/td>\n<td style=\"width: 50%; text-align: right; height: 58px;\"><a href='https:\/\/parquedaterranova.pt\/portal\/?page_id=533' onclick='' class='wpi_designer_button   wpi_shadow wpi_shadow_2px wpi_text_shadow_5px wpi_border_bottom wpi_padding_10px wpi_10px wpi_designer_button_468   ' target='' rel=''><i class=''><\/i><span class='wpi_text'>Ano 2023<\/span><\/a><\/td>\n<\/tr>\n<tr style=\"height: 58px;\">\n<td style=\"width: 50%; text-align: left; height: 58px;\"><a href='https:\/\/parquedaterranova.pt\/portal\/?page_id=406' onclick='' class='wpi_designer_button   wpi_shadow wpi_shadow_2px wpi_text_shadow_5px wpi_border_bottom wpi_padding_10px wpi_10px wpi_designer_button_468   ' target='' rel=''><i class=''><\/i><span class='wpi_text'>Ano 2022<\/span><\/a><\/td>\n<td style=\"width: 50%; text-align: right; height: 58px;\"><a href='https:\/\/parquedaterranova.pt\/portal\/?page_id=308' onclick='' class='wpi_designer_button   wpi_shadow wpi_shadow_2px wpi_text_shadow_5px wpi_border_bottom wpi_padding_10px wpi_10px wpi_designer_button_468   ' target='' rel=''><i class=''><\/i><span class='wpi_text'>Ano 2021<\/span><\/a><\/td>\n<\/tr>\n<tr style=\"height: 32px;\">\n<td style=\"width: 50%; text-align: left; height: 32px;\"><a href='https:\/\/parquedaterranova.pt\/portal\/?page_id=479' onclick='' class='wpi_designer_button   wpi_shadow wpi_shadow_2px wpi_text_shadow_5px wpi_border_bottom wpi_padding_10px wpi_10px wpi_designer_button_468   ' target='' rel=''><i class=''><\/i><span class='wpi_text'>Ano 2020<\/span><\/a><\/td>\n<td style=\"width: 50%; text-align: right; height: 32px;\"><a href='https:\/\/parquedaterranova.pt\/portal\/?page_id=477' onclick='' class='wpi_designer_button   wpi_shadow wpi_shadow_2px wpi_text_shadow_5px wpi_border_bottom wpi_padding_10px wpi_10px wpi_designer_button_468   ' target='' rel=''><i class=''><\/i><span class='wpi_text'>Ano 2019<\/span><\/a><\/td>\n<\/tr>\n<tr style=\"height: 91px;\">\n<td style=\"width: 50%; text-align: left; height: 91px;\"><a href='https:\/\/parquedaterranova.pt\/portal\/?page_id=287' onclick='' class='wpi_designer_button   wpi_shadow wpi_shadow_2px wpi_text_shadow_5px wpi_border_bottom wpi_padding_10px wpi_10px wpi_designer_button_468   ' target='' rel=''><i class=''><\/i><span class='wpi_text'>Ano 2018<\/span><\/a><\/td>\n<td style=\"width: 50%; text-align: right; height: 91px;\"><a href='https:\/\/parquedaterranova.pt\/portal\/?page_id=254' onclick='' class='wpi_designer_button   wpi_shadow wpi_shadow_2px wpi_text_shadow_5px wpi_border_bottom wpi_padding_10px wpi_10px wpi_designer_button_468   ' target='' rel=''><i class=''><\/i><span class='wpi_text'>Ano 2017<\/span><\/a><\/td>\n<\/tr>\n<tr style=\"height: 32px;\">\n<td style=\"width: 50%; text-align: left; height: 32px;\"><a href='https:\/\/parquedaterranova.pt\/portal\/?page_id=231' onclick='' class='wpi_designer_button   wpi_shadow wpi_shadow_2px wpi_text_shadow_5px wpi_border_bottom wpi_padding_10px wpi_10px wpi_designer_button_468   ' target='' rel=''><i class=''><\/i><span class='wpi_text'>Ano 2016<\/span><\/a><\/td>\n<td style=\"width: 50%; text-align: right; height: 32px;\"><a href='https:\/\/parquedaterranova.pt\/portal\/?page_id=483' onclick='' class='wpi_designer_button   wpi_shadow wpi_shadow_2px wpi_text_shadow_5px wpi_border_bottom wpi_padding_10px wpi_10px wpi_designer_button_468   ' target='' rel=''><i class=''><\/i><span class='wpi_text'>Ano 2015<\/span><\/a><\/td>\n<\/tr>\n<tr style=\"height: 32px;\">\n<td style=\"width: 50%; text-align: left; height: 32px;\"><a href='https:\/\/parquedaterranova.pt\/portal\/?page_id=481' onclick='' class='wpi_designer_button   wpi_shadow wpi_shadow_2px wpi_text_shadow_5px wpi_border_bottom wpi_padding_10px wpi_10px wpi_designer_button_468   ' target='' rel=''><i class=''><\/i><span class='wpi_text'>Ano 2014<\/span><\/a><\/td>\n<td style=\"width: 50%; text-align: right; height: 32px;\"><a href='https:\/\/parquedaterranova.pt\/portal\/?page_id=461' onclick='' class='wpi_designer_button   wpi_shadow wpi_shadow_2px wpi_text_shadow_5px wpi_border_bottom wpi_padding_10px wpi_10px wpi_designer_button_468   ' target='' rel=''><i class=''><\/i><span class='wpi_text'>Ano 2013<\/span><\/a><\/td>\n<\/tr>\n<tr style=\"height: 19px;\">\n<td style=\"width: 50%; text-align: left; height: 19px;\">\u00a0<\/td>\n<td style=\"width: 50%; text-align: right; height: 19px;\">\u00a0<\/td>\n<\/tr>\n<\/tbody>\n<\/table>","protected":false},"excerpt":{"rendered":"<p>Aos Inesquec\u00edveis do Parque, com Amor \u201cAchas que os c\u00e3es n\u00e3o v\u00e3o para o C\u00e9u? Pois digo-te que v\u00e3o, e que chegam l\u00e1 muito antes de qualquer um de n\u00f3s!\u201d \u2013 Robert Louis Stevenson\u201c Muitos acreditam num C\u00e9u, para onde &hellip; <a href=\"https:\/\/parquedaterranova.pt\/portal\/?page_id=20\">Continuar a ler <span class=\"meta-nav\">&rarr;<\/span><\/a><\/p>\n","protected":false},"author":1,"featured_media":0,"parent":0,"menu_order":3,"comment_status":"closed","ping_status":"closed","template":"sidebar-page.php","meta":{"footnotes":""},"class_list":["post-20","page","type-page","status-publish","hentry"],"_links":{"self":[{"href":"https:\/\/parquedaterranova.pt\/portal\/index.php?rest_route=\/wp\/v2\/pages\/20","targetHints":{"allow":["GET"]}}],"collection":[{"href":"https:\/\/parquedaterranova.pt\/portal\/index.php?rest_route=\/wp\/v2\/pages"}],"about":[{"href":"https:\/\/parquedaterranova.pt\/portal\/index.php?rest_route=\/wp\/v2\/types\/page"}],"author":[{"embeddable":true,"href":"https:\/\/parquedaterranova.pt\/portal\/index.php?rest_route=\/wp\/v2\/users\/1"}],"replies":[{"embeddable":true,"href":"https:\/\/parquedaterranova.pt\/portal\/index.php?rest_route=%2Fwp%2Fv2%2Fcomments&post=20"}],"version-history":[{"count":87,"href":"https:\/\/parquedaterranova.pt\/portal\/index.php?rest_route=\/wp\/v2\/pages\/20\/revisions"}],"predecessor-version":[{"id":550,"href":"https:\/\/parquedaterranova.pt\/portal\/index.php?rest_route=\/wp\/v2\/pages\/20\/revisions\/550"}],"wp:attachment":[{"href":"https:\/\/parquedaterranova.pt\/portal\/index.php?rest_route=%2Fwp%2Fv2%2Fmedia&parent=20"}],"curies":[{"name":"wp","href":"https:\/\/api.w.org\/{rel}","templated":true}]}}