{"id":189,"date":"2018-04-24T10:47:52","date_gmt":"2018-04-24T10:47:52","guid":{"rendered":"https:\/\/parquedaterranova.pt\/portal\/?page_id=189"},"modified":"2026-03-05T13:53:44","modified_gmt":"2026-03-05T13:53:44","slug":"estrelinha-copy-2-copy-copy-4","status":"publish","type":"page","link":"https:\/\/parquedaterranova.pt\/portal\/?page_id=189","title":{"rendered":"Lucky &#8220;Orelh\u00e3o&#8221;"},"content":{"rendered":"<p style=\"text-align: justify;\"><strong><img loading=\"lazy\" decoding=\"async\" class=\"alignnone wp-image-187 size-full\" src=\"https:\/\/parquedaterranova.pt\/portal\/wp-content\/uploads\/2018\/04\/lucky_02.png\" alt=\"\" width=\"600\" height=\"402\" srcset=\"https:\/\/parquedaterranova.pt\/portal\/wp-content\/uploads\/2018\/04\/lucky_02.png 600w, https:\/\/parquedaterranova.pt\/portal\/wp-content\/uploads\/2018\/04\/lucky_02-281x188.png 281w, https:\/\/parquedaterranova.pt\/portal\/wp-content\/uploads\/2018\/04\/lucky_02-448x300.png 448w\" sizes=\"auto, (max-width: 600px) 100vw, 600px\" \/><br \/>\n<\/strong><\/p>\n<p style=\"text-align: justify;\"><span style=\"font-size: 14pt;\"><strong>* LUCKY &#8220;ORELH\u00c3O&#8221; * (11 de dezembro de 2016)<\/strong><\/span><\/p>\n<p style=\"text-align: justify;\">O nosso querido LUCKY, o nosso ador\u00e1vel &#8220;ORELH\u00c3O&#8221;, o nosso &#8220;Rodinhas&#8221; SUPER DOG, partiu ontem, Domingo, de manh\u00e3, para o C\u00e9u de C\u00e3o:'(\u00a0N\u00e3o foi uma partida inesperada. Todos aqueles que acompanham regularmente a nossa p\u00e1gina especial,\u00a0<u>Rodinhas &amp; C\u00e3opanhia&#8221; Uma P\u00e1gina Especial do Parque da Terra Nova<\/u>\u00a0&#8220;, onde vamos partilhando as perip\u00e9cias e not\u00edcias dos c\u00e3es parapl\u00e9gicos ao nosso cuidado, sabiam que o LUCKY j\u00e1 estava doente h\u00e1 alguns meses, que ia sendo submetido a observa\u00e7\u00f5es veterin\u00e1rias e controles anal\u00edticos regulares, e que estava a receber tratamentos (medica\u00e7\u00e3o), aos quais ia reagindo mais ou menos favoravelmente, e que tinha dias muito bons, alternados com dias francamente maus. O que s\u00f3 um n\u00famero restrito de pessoas sabia, era que a doen\u00e7a do LUCKY era muito grave e incur\u00e1vel &#8211; linfossarcoma &#8211; e que, na sua avan\u00e7ad\u00edssima idade &#8211; quase 13 anos, o que, num Basset Hound, representa uma idade verdadeiramente excepcional &#8211; qualquer terap\u00eautica espec\u00edfica, longe de garantir algum tipo de recupera\u00e7\u00e3o, iria retirar-lhe a qualidade de vida de que, apesar de tudo, ainda poderia usufruir durante mais algum tempo, pelo que se optou por lhe prestar os cuidados paliativos indicados. E valeu a pena. No entanto, na 6\u00aa feira, reapareceram alguns sintomas que antes tinha sido poss\u00edvel debelar, mas, apesar de, no s\u00e1bado, ap\u00f3s o tratamento recebido, o nosso LUCKY ter experimentado algumas aparentes melhoras, o desfecho para o qual nos vinham avisando para nos prepararmos &#8211; n\u00f3s, a Equipa que dele cuidou at\u00e9 ao fim, e a sua dedicad\u00edssima Protectora &#8211; chegou, curiosamente ap\u00f3s uma noite calma, e como referimos, no Domingo, de manh\u00e3&#8230; tamb\u00e9m calmamente, com toda a serenidade, e sem qualquer sofrimento.\u00a0:'(\u00a0O LUCKY j\u00e1 estava connosco desde 2011, tendo-nos sido confiado pela sua Protectora depois desta ter feito os poss\u00edveis e os imposs\u00edveis para o conservar na sua companhia, infelizmente sem sucesso, devido a problemas causados por terceiros. No in\u00edcio, e por considerarmos que o LUCKY seria mais feliz numa casa, junto de uma fam\u00edlia que o acarinhasse, chegamos, naturalmente com o acordo da sua Protectora, que sempre desejou o melhor para ele, a disponibiliz\u00e1-lo para adop\u00e7\u00e3o muito respons\u00e1vel. Por\u00e9m, nada menos que por quatro vezes, o LUCKY manifestou-se claramente contra qualquer mudan\u00e7a &#8211; em alguns casos, de forma, digamos, bastante &#8220;incisiva&#8221;&#8230; &#8211; e demonstrou, de forma igualmente clara, que era aqui que queria ficar, e que tinha escolhido o\u00a0<u>Parque da Terra Nova<\/u>\u00a0para ser o seu LAR!&#8230;\u00a0\ud83d\ude42\u00a0No meio da nossa tristeza, n\u00e3o podemos deixar de sorrir, ao recordar a determina\u00e7\u00e3o deste nosso inteligente LUCKY, que se tornava num verdadeiro &#8220;terror&#8221; perante os mais bem intencionados e carinhosos potenciais adoptantes&#8230; voltando a converter-se num &#8220;anjo&#8221;, com o olhar mais doce deste mundo, quando regressava&#8230; aos SEUS dom\u00ednios!&#8230;\u00a0&#8211;\u00a0E assim, aqui ficou o LUCKY, com a sua inconfund\u00edvel voz de trov\u00e3o, o seu enorme despacho, a sua infind\u00e1vel energia&#8230; e a sua atitude deliciosa de &#8220;grande senhor rural&#8221;!\u00a0\ud83d\ude00\u00a0E nenhuma dessas caracter\u00edsticas se perdeu quando, em Janeiro deste ano, uma ruptura dos discos intervertebrais retirou, ao LUCKY, toda a mobilidade dos membros posteriores!&#8230; Na realidade, n\u00e3o demorou mais de uma semana, ap\u00f3s ter obtido o seu auxiliar de locomo\u00e7\u00e3o, especialmente concebido para ele na\u00a0<u>Dog Locomotion<\/u>, a adaptar-se \u00e0 sua nova condi\u00e7\u00e3o de &#8220;Rodinhas&#8221;&#8230; tendo rapidamente passado a ser, dos tr\u00eas, aquele que com maior desenvoltura se movia&#8230; pelos campos, pelos p\u00e1tios, e at\u00e9 pelas escadas abaixo do &#8220;Palace Rodinhas&#8221;, que partilhava com o ANGEL e o RUBITO (os outros dois parapl\u00e9gicos) e outros &#8220;c\u00e3opanheiros&#8221; com necessidades especiais! \u00a0Estas duas fotografias, que escolhemos para esta homenagem &#8211; a de cima, tirada em 2011 pelos nossos queridos Amigos e &#8220;C\u00e3opadres&#8221;\u00a0Maria Jose Laranjeira Azevedo\u00a0e\u00a0Francisco Azevedo, e a de baixo tirada em Abril deste ano pela\u00a0<u>Focinhos sem Dono<\/u>\u00a0&#8211; representam a forma como queremos recordar, para sempre, o nosso querido LUCKY &#8220;ORELH\u00c3O&#8221;: Cheio de energia, percorrendo, FELIZ, o seu espa\u00e7o predilecto do Parque da Terra Nova, aproveitando, plenamente, cada instante da VIDA! \u00a0E&#8230; sabem, agora \u00e9 com um sorriso de verdade, embora profundamente comovido, que, juntamente com a sua extraordin\u00e1ria Protectora,\u00a0<u>Marlene Da Cal<\/u>, dizemos&#8230; AT\u00c9 J\u00c1, querido, maravilhoso, inesquec\u00edvel LUCKY&#8230; pois bem ouvimos o teu inconfund\u00edvel vozeir\u00e3o a desafiar-nos a ir contigo dar mais uma voltinha&#8230; e os nossos\u00a0cora\u00e7\u00f5es j\u00e1 v\u00e3o&#8230; a correr!&#8230; \u00a0&#8211; A Equipa do P.T.N.<br \/>\n<img loading=\"lazy\" decoding=\"async\" class=\"wp-image-188 size-full aligncenter\" src=\"https:\/\/parquedaterranova.pt\/portal\/wp-content\/uploads\/2018\/04\/lucky_03.png\" alt=\"\" width=\"480\" height=\"360\" srcset=\"https:\/\/parquedaterranova.pt\/portal\/wp-content\/uploads\/2018\/04\/lucky_03.png 480w, https:\/\/parquedaterranova.pt\/portal\/wp-content\/uploads\/2018\/04\/lucky_03-251x188.png 251w, https:\/\/parquedaterranova.pt\/portal\/wp-content\/uploads\/2018\/04\/lucky_03-400x300.png 400w\" sizes=\"auto, (max-width: 480px) 100vw, 480px\" \/><\/p>\n<p style=\"text-align: justify;\"><strong>\u00a0<a href=\"https:\/\/parquedaterranova.pt\/portal\/?page_id=231\">VOLTAR<\/a><\/strong><\/p>\n","protected":false},"excerpt":{"rendered":"<p>* LUCKY &#8220;ORELH\u00c3O&#8221; * (11 de dezembro de 2016) O nosso querido LUCKY, o nosso ador\u00e1vel &#8220;ORELH\u00c3O&#8221;, o nosso &#8220;Rodinhas&#8221; SUPER DOG, partiu ontem, Domingo, de manh\u00e3, para o C\u00e9u de C\u00e3o:'(\u00a0N\u00e3o foi uma partida inesperada. Todos aqueles que acompanham &hellip; <a href=\"https:\/\/parquedaterranova.pt\/portal\/?page_id=189\">Continuar a ler <span class=\"meta-nav\">&rarr;<\/span><\/a><\/p>\n","protected":false},"author":1,"featured_media":0,"parent":0,"menu_order":8,"comment_status":"closed","ping_status":"closed","template":"sidebar-page.php","meta":{"footnotes":""},"class_list":["post-189","page","type-page","status-publish","hentry"],"_links":{"self":[{"href":"https:\/\/parquedaterranova.pt\/portal\/index.php?rest_route=\/wp\/v2\/pages\/189","targetHints":{"allow":["GET"]}}],"collection":[{"href":"https:\/\/parquedaterranova.pt\/portal\/index.php?rest_route=\/wp\/v2\/pages"}],"about":[{"href":"https:\/\/parquedaterranova.pt\/portal\/index.php?rest_route=\/wp\/v2\/types\/page"}],"author":[{"embeddable":true,"href":"https:\/\/parquedaterranova.pt\/portal\/index.php?rest_route=\/wp\/v2\/users\/1"}],"replies":[{"embeddable":true,"href":"https:\/\/parquedaterranova.pt\/portal\/index.php?rest_route=%2Fwp%2Fv2%2Fcomments&post=189"}],"version-history":[{"count":4,"href":"https:\/\/parquedaterranova.pt\/portal\/index.php?rest_route=\/wp\/v2\/pages\/189\/revisions"}],"predecessor-version":[{"id":899,"href":"https:\/\/parquedaterranova.pt\/portal\/index.php?rest_route=\/wp\/v2\/pages\/189\/revisions\/899"}],"wp:attachment":[{"href":"https:\/\/parquedaterranova.pt\/portal\/index.php?rest_route=%2Fwp%2Fv2%2Fmedia&parent=189"}],"curies":[{"name":"wp","href":"https:\/\/api.w.org\/{rel}","templated":true}]}}