{"id":124,"date":"2017-05-18T13:44:05","date_gmt":"2017-05-18T13:44:05","guid":{"rendered":"https:\/\/parquedaterranova.pt\/portal\/?page_id=124"},"modified":"2026-04-13T13:39:30","modified_gmt":"2026-04-13T13:39:30","slug":"estrelinha-copy","status":"publish","type":"page","link":"https:\/\/parquedaterranova.pt\/portal\/?page_id=124","title":{"rendered":"Clarinha"},"content":{"rendered":"<p><strong>* CLARINHA * (11 de Maio de 2017)<\/strong><\/p>\n<p style=\"text-align: justify;\"><img loading=\"lazy\" decoding=\"async\" class=\"size-full wp-image-1072 alignleft\" src=\"https:\/\/parquedaterranova.pt\/portal\/wp-content\/uploads\/2026\/04\/clarinha_01.png\" alt=\"\" width=\"150\" height=\"150\" \/>A nossa querida CLARINHA partiu para o &#8220;C\u00e9u de C\u00e3o&#8221; na passada 5\u00aa feira, dia 11, ao fim do dia. Foi o seu cora\u00e7\u00e3o, com quase 20 anos, que se cansou de bater. A CLARINHA estava connosco desde Julho de 2007, tendo ent\u00e3o sido resgatada pela Paula, da Equipa do Parque da Terra Nova, numa via r\u00e1pida, ao longo da qual caminhava, seguida por duas cachorrinhas beb\u00e9s, muito pequeninas e fr\u00e1geis. Na altura, os veterin\u00e1rios estimaram que a CLARINHA tivesse j\u00e1 cerca de 10 anos, mas, apesar do estado de grave neglig\u00eancia em que se encontrava, era uma cadelinha saud\u00e1vel, que precisava, isso sim, de boa alimenta\u00e7\u00e3o, bons cuidados, e muito carinho, pois era muito t\u00edmida. Das suas duas beb\u00e9s, uma, muito fraquinha, faleceu pouco depois, mas a outra, ainda aqui continua, e apesar de ter actualmente a mesma idade que a m\u00e3e tinha quando para aqui vieram, e ser, por conseguinte, j\u00e1 s\u00e9nior, \u00e9 uma cadelinha saud\u00e1vel e amistosa, ainda bastante activa &#8211; a XIQUINHA. Desde que foi resgatada, a CLARINHA assumiu o P.T.N. como a sua casa &#8211; e, durante bastante tempo, escondia-se, literalmente, das visitas, como se receasse que algu\u00e9m quisesse lev\u00e1-la daqui. A XIQUINHA, sua filha, chegou a ser adoptada, mas ap\u00f3s quatro dias sem ingerir qualquer tipo de alimento ou beber \u00e1gua, sequer, voltou para a nossa companhia, e da sua pequena m\u00e3e, e aqui ficou. Quanto \u00e0 nossa maravilhosa CLARINHA, j\u00e1 desde h\u00e1 alguns anos definitivamente alojada na casa do Sr. Jos\u00e9 e da F\u00e1tima, aqui no P.T.N., esteve a ser tratada de alguma anemia, que lhe foi detectada durante o ano passado, tendo esse tratamento resultado bem. No entanto, nos \u00faltimos dois meses, o seu cora\u00e7\u00e3o come\u00e7ou a dar sinais de fadiga, tendo surgido aquela tosse ocasional, indicativa de que os pulm\u00f5es estavam, tamb\u00e9m, a come\u00e7ar a entrar em fal\u00eancia. Uma m\u00e1 reac\u00e7\u00e3o a uma tentativa de tratamento, levou \u00e0 suspens\u00e3o deste, ap\u00f3s uma \u00fanica administra\u00e7\u00e3o do medicamento prescrito, mas, como houve uma razo\u00e1vel recupera\u00e7\u00e3o, n\u00e3o foi considerado conveniente iniciar outro tipo de terap\u00eautica. Aos poucos, a CLARINHA come\u00e7ou a prolongar cada vez mais os seus per\u00edodos de repouso, saindo da sua caminha apenas para se alimentar &#8211; o que continuou a fazer at\u00e9 so fim, com bom apetite &#8211; e vir fazer as suas necessidades ao p\u00e1tio. Na passada 5\u00aa feira, no entanto, entrou em fal\u00eancia cardio-respirat\u00f3ria, e, embora tenha sido conduzida de urg\u00eancia \u00e0 cl\u00ednica, j\u00e1 n\u00e3o foi poss\u00edvel adiar o inevit\u00e1vel &#8211; e, pouco depois, a CLARINHA partiu, serenamente, acompanhada e acarinhada por quem sempre dela cuidou, com total dedica\u00e7\u00e3o. Queremos agradecer, muito sensibilizados, ao C\u00e3opadrinho da CLARINHA, o apoio extraordin\u00e1rio que, em todos os aspectos, lhe prestou, e que em tanto contribuiu para o seu bem estar e o seu conforto, nesta \u00faltima fase da sua vida. E estamos todos muito tristes, cheios de saudades da nossa doce velhinha, t\u00e3o meiga&#8230; mas ousamos acreditar que, ao longo de 10 anos, a linda CLARINHA foi feliz, aqui, neste seu LAR, onde foi muito amada. At\u00e9 sempre, doce CLARINHA &#8211; foi um privil\u00e9gio usufruir da tua companhia e cuidar de ti!- A Equipa do <u>Parque da Terra Nova<\/u>\u00a0(P.T.N.)<\/p>\n<p style=\"text-align: right;\"><a href=\"https:\/\/parquedaterranova.pt\/portal\/?page_id=254\"><strong>VOLTAR\u00a0<\/strong><\/a><\/p>\n\n\n\n","protected":false},"excerpt":{"rendered":"<p>* CLARINHA * (11 de Maio de 2017) A nossa querida CLARINHA partiu para o &#8220;C\u00e9u de C\u00e3o&#8221; na passada 5\u00aa feira, dia 11, ao fim do dia. Foi o seu cora\u00e7\u00e3o, com quase 20 anos, que se cansou de &hellip; <a href=\"https:\/\/parquedaterranova.pt\/portal\/?page_id=124\">Continuar a ler <span class=\"meta-nav\">&rarr;<\/span><\/a><\/p>\n","protected":false},"author":1,"featured_media":0,"parent":0,"menu_order":8,"comment_status":"closed","ping_status":"closed","template":"sidebar-page.php","meta":{"footnotes":""},"class_list":["post-124","page","type-page","status-publish","hentry"],"_links":{"self":[{"href":"https:\/\/parquedaterranova.pt\/portal\/index.php?rest_route=\/wp\/v2\/pages\/124","targetHints":{"allow":["GET"]}}],"collection":[{"href":"https:\/\/parquedaterranova.pt\/portal\/index.php?rest_route=\/wp\/v2\/pages"}],"about":[{"href":"https:\/\/parquedaterranova.pt\/portal\/index.php?rest_route=\/wp\/v2\/types\/page"}],"author":[{"embeddable":true,"href":"https:\/\/parquedaterranova.pt\/portal\/index.php?rest_route=\/wp\/v2\/users\/1"}],"replies":[{"embeddable":true,"href":"https:\/\/parquedaterranova.pt\/portal\/index.php?rest_route=%2Fwp%2Fv2%2Fcomments&post=124"}],"version-history":[{"count":9,"href":"https:\/\/parquedaterranova.pt\/portal\/index.php?rest_route=\/wp\/v2\/pages\/124\/revisions"}],"predecessor-version":[{"id":1073,"href":"https:\/\/parquedaterranova.pt\/portal\/index.php?rest_route=\/wp\/v2\/pages\/124\/revisions\/1073"}],"wp:attachment":[{"href":"https:\/\/parquedaterranova.pt\/portal\/index.php?rest_route=%2Fwp%2Fv2%2Fmedia&parent=124"}],"curies":[{"name":"wp","href":"https:\/\/api.w.org\/{rel}","templated":true}]}}