{"id":1057,"date":"2026-03-27T13:16:35","date_gmt":"2026-03-27T13:16:35","guid":{"rendered":"https:\/\/parquedaterranova.pt\/portal\/?page_id=1057"},"modified":"2026-03-27T13:18:01","modified_gmt":"2026-03-27T13:18:01","slug":"pckles","status":"publish","type":"page","link":"https:\/\/parquedaterranova.pt\/portal\/?page_id=1057","title":{"rendered":"Pckles"},"content":{"rendered":"<p><strong>* PICKLES * (10 de Agosto de 2020)<\/strong><\/p>\n<p style=\"text-align: justify;\"><br \/><img loading=\"lazy\" decoding=\"async\" class=\"size-medium wp-image-1056 alignleft\" src=\"https:\/\/parquedaterranova.pt\/portal\/wp-content\/uploads\/2026\/03\/pickles_01-104x188.jpg\" alt=\"\" width=\"104\" height=\"188\" srcset=\"https:\/\/parquedaterranova.pt\/portal\/wp-content\/uploads\/2026\/03\/pickles_01-104x188.jpg 104w, https:\/\/parquedaterranova.pt\/portal\/wp-content\/uploads\/2026\/03\/pickles_01-165x300.jpg 165w, https:\/\/parquedaterranova.pt\/portal\/wp-content\/uploads\/2026\/03\/pickles_01.jpg 326w\" sizes=\"auto, (max-width: 104px) 100vw, 104px\" \/>\u00c9 com profunda tristeza que partilhamos a not\u00edcia da partida do nosso muito querido PICKLES para o &#8220;C\u00e9u de C\u00e3o&#8221;, na passada 2\u00aa feira. Como na altura publicamos, este nosso simp\u00e1tico residente, j\u00e1 n\u00e3o muito jovem, foi submetido a uma cirurgia para remo\u00e7\u00e3o de uma extensa massa tumoral na zona da boca (gengivas) e faringe, no passado dia 18 de Junho. A cirurgia correu muito bem, e a recupera\u00e7\u00e3o do PICKLES fez-se sem sobressaltos, mas, logo na ocasi\u00e3o, fomos prevenidos pelo Veterin\u00e1rio de que, embora tivesse removido tudo quanto era poss\u00edvel, n\u00e3o era de descartar a possibilidade de j\u00e1 existirem met\u00e1stases, e de surgirem novas massas com localiza\u00e7\u00e3o mais profunda, ou noutros \u00f3rg\u00e3os. E, infelizmente, foi o que acabou por suceder. Como o PICKLES estava sob vigil\u00e2ncia permanente, foi f\u00e1cil de notar que, de h\u00e1 cerca de duas semanas para c\u00e1, o nosso velhote come\u00e7ava a apresentar ocasionais dificuldades de degluti\u00e7\u00e3o, mesmo com a comidinha mole (massa com frango desfiado) e para tomar a medica\u00e7\u00e3o. Notamos, entretanto, tamb\u00e9m, o aparecimento de duas tumefac\u00e7\u00f5es, uma de cada lado, sob o maxilar, ambas de tamanho consider\u00e1vel. Confirmava-se o que rece\u00e1vamos, e aquilo de que o Vetern\u00e1rio nos avisara&#8230; isto \u00e9, tinham surgido met\u00e1stases na parte mais baixa da faringe, e nas gl\u00e2ndulas salivares.\u00a0Como j\u00e1 temos frequentemente declarado, estamos sempre prontos para proporcionar aos nossos residentes, mesmo em estado terminal, os cuidados paliativos que sejam indicados e poss\u00edveis&#8230; mas nunca estamos prontos para, seja de que modo for, prolongar-lhes o sofrimento, se este for not\u00f3rio e irrevers\u00edvel. Por isso, embora sempre com o cora\u00e7\u00e3o despeda\u00e7ado e a mais profunda tristeza, temos de estar tamb\u00e9m prontos para os ajudar a partir, se nada mais for poss\u00edvel, porque am\u00e1-los implica, tamb\u00e9m, tomar este tipo de decis\u00f5es, n\u00e3o por n\u00f3s, mas por eles, porque n\u00e3o queremos que sofram desnecessariamente. E foi isso que aconteceu&#8230; ajudamos o nosso querido PICKLES a partir em paz, serenamente, sem sofrimento, e rodeado dos nossos carinhos.\u00a0O PICKLES j\u00e1 estava connosco h\u00e1 cerca de 8 anos, e j\u00e1 era adulto quando veio, pensavamos que apenas temporariamente, enquanto aguardava uma adop\u00e7\u00e3o que, afinal, n\u00e3o chegou a concretizar-se. Aqui ficou, pois, no P.T.N., sempre muito simp\u00e1tico, muito alegre, gostando muito do contacto humano, e dando-se muito bem com as &#8220;c\u00e3opanheiras&#8221; do seu grupo, as tr\u00eas manas &#8220;SILVAS&#8221;&#8230; que, n\u00e3o temos a mais pequena d\u00favida, j\u00e1 sentem muito, muito, a falta do seu \u00c3omigo!&#8230;\u00a0E&#8230; n\u00f3s tamb\u00e9m, porque o PICKLES era um amor, um querido&#8230; e n\u00f3s gost\u00e1vamos muito, muito dele.\u00a0Sabemos que ficar\u00e1, tal como no nosso, no\u00a0cora\u00e7\u00e3o\u00a0da sua extremosa C\u00e3omadrinha, que sempre o acompanhou desde que ele veio para c\u00e1, e nunca lhe faltou com o seu apoio, que, do fundo do cora\u00e7\u00e3o, agradecemos. At\u00e9 sempre, lindo PICKLES&#8230; mais uma estrela brilhante no &#8220;c\u00e9u de C\u00e3o&#8221;, mais uma mem\u00f3ria luminosa que nunca se apagar\u00e1 da &#8220;Alma de C\u00e3o&#8221; do Parque da Terra Nova e da Equipe que te cuidou e amou, aqui!..<\/p>\n<p style=\"text-align: right;\"><a href=\"https:\/\/parquedaterranova.pt\/portal\/?page_id=479\"><strong>VOLTAR\u00a0<\/strong><\/a><\/p>\n\n\n\n\n\n","protected":false},"excerpt":{"rendered":"<p>* PICKLES * (10 de Agosto de 2020) \u00c9 com profunda tristeza que partilhamos a not\u00edcia da partida do nosso muito querido PICKLES para o &#8220;C\u00e9u de C\u00e3o&#8221;, na passada 2\u00aa feira. Como na altura publicamos, este nosso simp\u00e1tico residente, &hellip; <a href=\"https:\/\/parquedaterranova.pt\/portal\/?page_id=1057\">Continuar a ler <span class=\"meta-nav\">&rarr;<\/span><\/a><\/p>\n","protected":false},"author":1,"featured_media":0,"parent":0,"menu_order":8,"comment_status":"closed","ping_status":"closed","template":"sidebar-page.php","meta":{"footnotes":""},"class_list":["post-1057","page","type-page","status-publish","hentry"],"_links":{"self":[{"href":"https:\/\/parquedaterranova.pt\/portal\/index.php?rest_route=\/wp\/v2\/pages\/1057","targetHints":{"allow":["GET"]}}],"collection":[{"href":"https:\/\/parquedaterranova.pt\/portal\/index.php?rest_route=\/wp\/v2\/pages"}],"about":[{"href":"https:\/\/parquedaterranova.pt\/portal\/index.php?rest_route=\/wp\/v2\/types\/page"}],"author":[{"embeddable":true,"href":"https:\/\/parquedaterranova.pt\/portal\/index.php?rest_route=\/wp\/v2\/users\/1"}],"replies":[{"embeddable":true,"href":"https:\/\/parquedaterranova.pt\/portal\/index.php?rest_route=%2Fwp%2Fv2%2Fcomments&post=1057"}],"version-history":[{"count":1,"href":"https:\/\/parquedaterranova.pt\/portal\/index.php?rest_route=\/wp\/v2\/pages\/1057\/revisions"}],"predecessor-version":[{"id":1058,"href":"https:\/\/parquedaterranova.pt\/portal\/index.php?rest_route=\/wp\/v2\/pages\/1057\/revisions\/1058"}],"wp:attachment":[{"href":"https:\/\/parquedaterranova.pt\/portal\/index.php?rest_route=%2Fwp%2Fv2%2Fmedia&parent=1057"}],"curies":[{"name":"wp","href":"https:\/\/api.w.org\/{rel}","templated":true}]}}