{"id":1051,"date":"2026-03-27T13:08:50","date_gmt":"2026-03-27T13:08:50","guid":{"rendered":"https:\/\/parquedaterranova.pt\/portal\/?page_id=1051"},"modified":"2026-03-27T13:10:30","modified_gmt":"2026-03-27T13:10:30","slug":"bobby","status":"publish","type":"page","link":"https:\/\/parquedaterranova.pt\/portal\/?page_id=1051","title":{"rendered":"Bobby"},"content":{"rendered":"<p><strong>* BOBBY &#8211; 4 de Outubro de 2020 *<\/strong><\/p>\n<p style=\"text-align: justify;\"><img loading=\"lazy\" decoding=\"async\" class=\"size-medium wp-image-1050 alignright\" src=\"https:\/\/parquedaterranova.pt\/portal\/wp-content\/uploads\/2026\/03\/bobby_01-293x188.jpg\" alt=\"\" width=\"293\" height=\"188\" srcset=\"https:\/\/parquedaterranova.pt\/portal\/wp-content\/uploads\/2026\/03\/bobby_01-293x188.jpg 293w, https:\/\/parquedaterranova.pt\/portal\/wp-content\/uploads\/2026\/03\/bobby_01-768x492.jpg 768w, https:\/\/parquedaterranova.pt\/portal\/wp-content\/uploads\/2026\/03\/bobby_01-468x300.jpg 468w, https:\/\/parquedaterranova.pt\/portal\/wp-content\/uploads\/2026\/03\/bobby_01.jpg 843w\" sizes=\"auto, (max-width: 293px) 100vw, 293px\" \/>&#8230; Queridos Amigos, imaginamos que ter\u00e3o estranhado a falta da nossa habitual publica\u00e7\u00e3o a assinalar o Dia Mundial do Animal (e de S. Francisco de Assis, seu Padroeiro, assim como da Natureza e da Ecologia, e tamb\u00e9m dos M\u00e9dicos Veterin\u00e1rios). Este ano, infelizmente, o dia 4 de Outubro ficou marcado, aqui no Parque da Terra Nova, por um acontecimento muito triste, e que foi a partida do nosso querido BOBBY para o &#8220;C\u00e9u de C\u00e3o&#8221;. Como poder\u00e3o recordar-se, o BOBBY estava a receber, desde h\u00e1 alguns meses, cuidados paliativos, na sequ\u00eancia do diagn\u00f3stico de neoplasias, j\u00e1 metastisadas, que lhe afectavam, ultimamente, e al\u00e9m da patinha dianteira inicial, toda a \u00e1rea do peito, da boca, da faringe, e se estendiam j\u00e1 at\u00e9 \u00e0 laringe. Foi ali\u00e1s devido \u00e0 fal\u00eancia respirat\u00f3ria da\u00ed decorrente que o BOBBY nos deixou, depois de ter ficado inconsciente&#8230; o que lhe permitiu partir sem qualquer sofrimento e de forma serena, naturalmente, e sempre acarinhado por quem sempre dele cuidou&#8230; desde esse dia, j\u00e1 l\u00e1 v\u00e3o v\u00e1rios anos, em que nos prontificamos a acolh\u00ea-lo&#8230; pois tinha sido entregue numa cl\u00ednica pela pr\u00f3pria &#8220;dona&#8221;, que pretendia que ele fosse abatido, pois &#8220;era muito agitado e n\u00e3o a deixava fazer nada em casa&#8221;. Apenas pouco mais que um cachorro&#8230; Claro que o pedido foi recusado, como nem outra coisa seria de esperar, e n\u00f3s recebemos o BOBBY, indignados com as &#8220;raz\u00f5es&#8221; apontadas pela criatura, mas, e infelizmente, impotentes&#8230; Aqui, o BOBBY, viva\u00e7o, alegre, refil\u00e3o, e muito brincalh\u00e3o, teve outra oportunidade, e foi um c\u00e3ozinho muito feliz&#8230; daquele tipo que vive todos os momentos plenamente, sem desperdi\u00e7ar nem um segundo! O BOBBY deixou-nos num dia&#8230; que, na realidade, celebramos todos os dias, neste lugar onde os animais s\u00e3o a prioridade, a nossa miss\u00e3o, o nosso prop\u00f3sito&#8230; enquanto estiver ao nosso alcance proporcionar-lhes tudo o que necessitarem&#8230; e que vai muito, mas muito al\u00e9m de um tecto e comida&#8230; e inclui o nosso cora\u00e7\u00e3o. Foste um raio de sol brilhante, querido BOBBY&#8230; e jamais te esqueceremos!<\/p>\n<p style=\"text-align: right;\"><a href=\"https:\/\/parquedaterranova.pt\/portal\/?page_id=479\"><strong>VOLTAR\u00a0<\/strong><\/a><\/p>\n\n\n\n","protected":false},"excerpt":{"rendered":"<p>* BOBBY &#8211; 4 de Outubro de 2020 * &#8230; Queridos Amigos, imaginamos que ter\u00e3o estranhado a falta da nossa habitual publica\u00e7\u00e3o a assinalar o Dia Mundial do Animal (e de S. Francisco de Assis, seu Padroeiro, assim como da &hellip; <a href=\"https:\/\/parquedaterranova.pt\/portal\/?page_id=1051\">Continuar a ler <span class=\"meta-nav\">&rarr;<\/span><\/a><\/p>\n","protected":false},"author":1,"featured_media":0,"parent":0,"menu_order":8,"comment_status":"closed","ping_status":"closed","template":"sidebar-page.php","meta":{"footnotes":""},"class_list":["post-1051","page","type-page","status-publish","hentry"],"_links":{"self":[{"href":"https:\/\/parquedaterranova.pt\/portal\/index.php?rest_route=\/wp\/v2\/pages\/1051","targetHints":{"allow":["GET"]}}],"collection":[{"href":"https:\/\/parquedaterranova.pt\/portal\/index.php?rest_route=\/wp\/v2\/pages"}],"about":[{"href":"https:\/\/parquedaterranova.pt\/portal\/index.php?rest_route=\/wp\/v2\/types\/page"}],"author":[{"embeddable":true,"href":"https:\/\/parquedaterranova.pt\/portal\/index.php?rest_route=\/wp\/v2\/users\/1"}],"replies":[{"embeddable":true,"href":"https:\/\/parquedaterranova.pt\/portal\/index.php?rest_route=%2Fwp%2Fv2%2Fcomments&post=1051"}],"version-history":[{"count":1,"href":"https:\/\/parquedaterranova.pt\/portal\/index.php?rest_route=\/wp\/v2\/pages\/1051\/revisions"}],"predecessor-version":[{"id":1052,"href":"https:\/\/parquedaterranova.pt\/portal\/index.php?rest_route=\/wp\/v2\/pages\/1051\/revisions\/1052"}],"wp:attachment":[{"href":"https:\/\/parquedaterranova.pt\/portal\/index.php?rest_route=%2Fwp%2Fv2%2Fmedia&parent=1051"}],"curies":[{"name":"wp","href":"https:\/\/api.w.org\/{rel}","templated":true}]}}