{"id":1039,"date":"2026-03-25T21:28:55","date_gmt":"2026-03-25T21:28:55","guid":{"rendered":"https:\/\/parquedaterranova.pt\/portal\/?page_id=1039"},"modified":"2026-03-25T21:30:25","modified_gmt":"2026-03-25T21:30:25","slug":"xavier","status":"publish","type":"page","link":"https:\/\/parquedaterranova.pt\/portal\/?page_id=1039","title":{"rendered":"Xavier"},"content":{"rendered":"<p style=\"text-align: justify;\"><strong>* XAVIER * (29 de Mar\u00e7o de 2020)<br \/><\/strong><br \/><img loading=\"lazy\" decoding=\"async\" class=\"size-medium wp-image-1037 alignright\" src=\"https:\/\/parquedaterranova.pt\/portal\/wp-content\/uploads\/2026\/03\/xavier_01-294x188.jpg\" alt=\"\" width=\"294\" height=\"188\" srcset=\"https:\/\/parquedaterranova.pt\/portal\/wp-content\/uploads\/2026\/03\/xavier_01-294x188.jpg 294w, https:\/\/parquedaterranova.pt\/portal\/wp-content\/uploads\/2026\/03\/xavier_01-768x490.jpg 768w, https:\/\/parquedaterranova.pt\/portal\/wp-content\/uploads\/2026\/03\/xavier_01-470x300.jpg 470w, https:\/\/parquedaterranova.pt\/portal\/wp-content\/uploads\/2026\/03\/xavier_01.jpg 960w\" sizes=\"auto, (max-width: 294px) 100vw, 294px\" \/>Atravessamos um per\u00edodo muito dif\u00edcil, isolados de muitos daqueles que amamos, com saudades de os abra\u00e7ar, de passarmos bons momentos juntos&#8230; Um per\u00edodo dif\u00edcil, em que receamos pela seguran\u00e7a de tantos, e procuramos manter-nos, n\u00f3s pr\u00f3prios, t\u00e3o resguardados quanto poss\u00edvel, para preservarmos, tamb\u00e9m tanto quanto poss\u00edvel, a nossa sa\u00fade&#8230; porque temos de continuar a assegurar, a quantos deles necessitam, os cuidados di\u00e1rios de alimenta\u00e7\u00e3o,\u00a0de higiene, de enfermagem, e, tamb\u00e9m, os cuidados veterin\u00e1rios requeridos pelos nossos residentes. E foi neste per\u00edodo, j\u00e1 de si t\u00e3o dif\u00edcil e t\u00e3o sombrio, que perdemos o nosso querido XAVIER&#8230; &#8211; o nosso &#8220;Lobo da Tasm\u00e2nia&#8221;, &#8220;a nossa hiena gorda&#8221;&#8230; o nosso simp\u00e1tico, brincalh\u00e3o e comil\u00e3o Amigo, que t\u00e3o feliz foi durante estes \u00faltimos anos!\u00a0O XAVIER, que j\u00e1 estava connosco h\u00e1 muitos anos, sofreu, durante bastante tempo, de um grave hipotiroidismo n\u00e3o diagnosticado, que s\u00f3 o olhar atento de um excelente veterin\u00e1rio, seguido das necess\u00e1rias an\u00e1lises, detectou e confirmou. O XAVIER come\u00e7ou a ser medicado com CANITROID 400, e se, passados alguns meses, a diferen\u00e7a j\u00e1 era abismal, passados cerca de dois anos, o XAVIER era&#8230; &#8220;outro c\u00e3o&#8221;, lindo, com uma pelagem frondosa, soci\u00e1vel&#8230; enfim, um amor!\u00a0Infelizmente, na passada 6\u00aa feira de manh\u00e3, o XAVIER apresentava-se bastante &#8220;murcho&#8221;, com alguma descoordena\u00e7\u00e3o motora, sem apetite, e com deposi\u00e7\u00f5es fecais muito duras e cor de alcatr\u00e3o. Foi observado pelo Veterin\u00e1rio, que prescreveu apenas alguns suplementos de suporte, dada a forte suspeita de insufici\u00eancia hep\u00e1tica. Esta, infelizmente, veio a confirmar-se, tendo-se traduzido em fal\u00eancia, \u00e0 qual o nosso amiguinho n\u00e3o resistiu. O nosso XAVIER tinha, ao que estimamos, 13\/14 anos de idade, e partiu acompanhado, acarinhado, sem sofrimento, e serenamente. E&#8230; n\u00f3s, al\u00e9m de muito tristes, j\u00e1 temos saudades da nossa &#8220;hiena gorda&#8221;&#8230; mas, por muito m\u00e1s mem\u00f3rias que esta alturada sua partida possa trazer, sem ser por culpa dele, ser\u00e3o sempre maravilhosas as mem\u00f3rias que DELE conservaremos, com muita luz, e muitos sorrisos&#8230; al\u00e9m de muito AMOR! Ouviste, XAVIER?&#8230;\u00a0<\/p>\n<p style=\"text-align: right;\"><a href=\"https:\/\/parquedaterranova.pt\/portal\/?page_id=479\"><strong>VOLTAR\u00a0<\/strong><\/a><\/p>\n\n\n\n","protected":false},"excerpt":{"rendered":"<p>* XAVIER * (29 de Mar\u00e7o de 2020)Atravessamos um per\u00edodo muito dif\u00edcil, isolados de muitos daqueles que amamos, com saudades de os abra\u00e7ar, de passarmos bons momentos juntos&#8230; Um per\u00edodo dif\u00edcil, em que receamos pela seguran\u00e7a de tantos, e procuramos &hellip; <a href=\"https:\/\/parquedaterranova.pt\/portal\/?page_id=1039\">Continuar a ler <span class=\"meta-nav\">&rarr;<\/span><\/a><\/p>\n","protected":false},"author":1,"featured_media":0,"parent":0,"menu_order":8,"comment_status":"closed","ping_status":"closed","template":"sidebar-page.php","meta":{"footnotes":""},"class_list":["post-1039","page","type-page","status-publish","hentry"],"_links":{"self":[{"href":"https:\/\/parquedaterranova.pt\/portal\/index.php?rest_route=\/wp\/v2\/pages\/1039","targetHints":{"allow":["GET"]}}],"collection":[{"href":"https:\/\/parquedaterranova.pt\/portal\/index.php?rest_route=\/wp\/v2\/pages"}],"about":[{"href":"https:\/\/parquedaterranova.pt\/portal\/index.php?rest_route=\/wp\/v2\/types\/page"}],"author":[{"embeddable":true,"href":"https:\/\/parquedaterranova.pt\/portal\/index.php?rest_route=\/wp\/v2\/users\/1"}],"replies":[{"embeddable":true,"href":"https:\/\/parquedaterranova.pt\/portal\/index.php?rest_route=%2Fwp%2Fv2%2Fcomments&post=1039"}],"version-history":[{"count":1,"href":"https:\/\/parquedaterranova.pt\/portal\/index.php?rest_route=\/wp\/v2\/pages\/1039\/revisions"}],"predecessor-version":[{"id":1040,"href":"https:\/\/parquedaterranova.pt\/portal\/index.php?rest_route=\/wp\/v2\/pages\/1039\/revisions\/1040"}],"wp:attachment":[{"href":"https:\/\/parquedaterranova.pt\/portal\/index.php?rest_route=%2Fwp%2Fv2%2Fmedia&parent=1039"}],"curies":[{"name":"wp","href":"https:\/\/api.w.org\/{rel}","templated":true}]}}