{"id":1034,"date":"2026-03-24T11:05:56","date_gmt":"2026-03-24T11:05:56","guid":{"rendered":"https:\/\/parquedaterranova.pt\/portal\/?page_id=1034"},"modified":"2026-03-24T11:07:53","modified_gmt":"2026-03-24T11:07:53","slug":"mikinho","status":"publish","type":"page","link":"https:\/\/parquedaterranova.pt\/portal\/?page_id=1034","title":{"rendered":"Mikinho"},"content":{"rendered":"<p><strong>* MIKINHO * (31 de Julho de 2020)<\/strong><\/p>\n<p style=\"text-align: justify;\"><img loading=\"lazy\" decoding=\"async\" class=\"size-medium wp-image-1033 alignright\" src=\"https:\/\/parquedaterranova.pt\/portal\/wp-content\/uploads\/2026\/03\/mikinho_01-106x188.jpg\" alt=\"\" width=\"106\" height=\"188\" srcset=\"https:\/\/parquedaterranova.pt\/portal\/wp-content\/uploads\/2026\/03\/mikinho_01-106x188.jpg 106w, https:\/\/parquedaterranova.pt\/portal\/wp-content\/uploads\/2026\/03\/mikinho_01-488x867.jpg 488w, https:\/\/parquedaterranova.pt\/portal\/wp-content\/uploads\/2026\/03\/mikinho_01-169x300.jpg 169w, https:\/\/parquedaterranova.pt\/portal\/wp-content\/uploads\/2026\/03\/mikinho_01.jpg 540w\" sizes=\"auto, (max-width: 106px) 100vw, 106px\" \/>Sim, faz hoje precisamente uma semana que o nosso querido velhinho partiu para o &#8220;C\u00e9u de C\u00e3o&#8221;, v\u00edtima de uma embolia pulmonar&#8230; Uma semana que, por v\u00e1rios outros motivos, foi muito complicada para a nossa Equipa, e n\u00e3o nos permitiu dispor, mais cedo, de um momento para prestar o nosso sentido tributo ao MIKINHO. Este velhinho doce estava connosco desde 2013, tendo sido acolhido por se encontrar em p\u00e9ssimas condi\u00e7\u00f5es, e, apesar de j\u00e1 idoso e cego, totalmente negligenciado. Rapidamente o MIKINHO se adaptou e encontrou o seu lugar, onde sentia conforto e gostava dos &#8220;c\u00e3opanheiros&#8221;, aqui no P.T.N. Apesar da sua cegueira, orientava-se muito bem, e adorou quando o transferimos para o &#8220;Palace Rodinhas&#8221;, onde se tornou, at\u00e9, num velhote brincalh\u00e3o e &#8220;festeiro&#8221;, embora apreciador dos seus momentos de &#8220;relax&#8221;, como aqui nesta imagem, do seu poiso preferido durante o dia. \u00c0 medida que a idade ia avan\u00e7ando, contudo, iam surgindo problemas de sa\u00fade, especialmente do foro respirat\u00f3rio, e o MIKINHO estava a fazer um tratamento di\u00e1rio, com medica\u00e7\u00e3o destinada a proporcionar-lhe maior conforto e maior facilidade em respirar. Acreditamos, e o Veterin\u00e1rio que o acompanhou \u00e9 da mesma opini\u00e3o, que o intenso calor que se fez sentir nas anteriores semanas de Julho, e apesar de tudo termos feito para o manter, e aos &#8220;c\u00e3opanheiros&#8221;, sempre fresquinhos e com boa ventila\u00e7\u00e3o, em muito ter\u00e1 contribu\u00eddo para o agravamento da congest\u00e3o pulmonar. E, apesar da interven\u00e7\u00e3o imediata do Veterin\u00e1rio quando surgiram os primeiros sinais de fal\u00eancia respirat\u00f3ria aguda, o nosso MIKINHO n\u00e3o resistiu, tendo sido confirmada a embolia pulmonar aguda. Queremos acreditar que o nosso querido velhinho n\u00e3o chegou a sofrer, pois perdeu a consci\u00eancia, e, como sempre, estivemos com ele, acarinhando-o e mimando-o, at\u00e9 ao desfecho&#8230; que, misericordiosamente, n\u00e3o tardou. O MIKINHO esteve connosco durante sete anos, e estimamos que teria j\u00e1 cerca de 9 ou 10 quando aqui chegou. Teve, pois, uma vida longa, e, pelo menos durante a parte dela que passou aqui no P.T.N., teve conforto, boa comidinha, cuidados veterin\u00e1rios, cuidados di\u00e1rios prestados com esmero, e muito, muito carinho&#8230; muito, muito amor. Era muito pequenino, de tamanho, mas tinha um grande cora\u00e7\u00e3o e um grande carisma, e os seus &#8220;c\u00e3opanheiros&#8221; sentem a sua falta, tal como n\u00f3s. Mas queremos lembr\u00e1-lo nos seus &#8220;Agoras Felizes&#8221;, nas suas manh\u00e3s de saltinhos no p\u00e1tio, atr\u00e1s dos biscoitinhos, na sua independ\u00eancia dos momentos em que, quando j\u00e1 n\u00e3o lhe apetecia mais brincar ou passear, l\u00e1 ia, calmamente, para a marquise, e ficava assim, muito bem instalado na sua caminha preferida, a descansar. At\u00e9 sempre, querido MIKINHO&#8230; o teu lugar nunca ficar\u00e1 vazio, porque continuas aninhado, com a tua do\u00e7ura, no nosso cora\u00e7\u00e3o.<\/p>\n<p style=\"text-align: right;\"><a href=\"https:\/\/parquedaterranova.pt\/portal\/?page_id=479\"><strong>VOLTAR\u00a0<\/strong><\/a><\/p>\n\n\n\n","protected":false},"excerpt":{"rendered":"<p>* MIKINHO * (31 de Julho de 2020) Sim, faz hoje precisamente uma semana que o nosso querido velhinho partiu para o &#8220;C\u00e9u de C\u00e3o&#8221;, v\u00edtima de uma embolia pulmonar&#8230; Uma semana que, por v\u00e1rios outros motivos, foi muito complicada &hellip; <a href=\"https:\/\/parquedaterranova.pt\/portal\/?page_id=1034\">Continuar a ler <span class=\"meta-nav\">&rarr;<\/span><\/a><\/p>\n","protected":false},"author":1,"featured_media":0,"parent":0,"menu_order":8,"comment_status":"closed","ping_status":"closed","template":"sidebar-page.php","meta":{"footnotes":""},"class_list":["post-1034","page","type-page","status-publish","hentry"],"_links":{"self":[{"href":"https:\/\/parquedaterranova.pt\/portal\/index.php?rest_route=\/wp\/v2\/pages\/1034","targetHints":{"allow":["GET"]}}],"collection":[{"href":"https:\/\/parquedaterranova.pt\/portal\/index.php?rest_route=\/wp\/v2\/pages"}],"about":[{"href":"https:\/\/parquedaterranova.pt\/portal\/index.php?rest_route=\/wp\/v2\/types\/page"}],"author":[{"embeddable":true,"href":"https:\/\/parquedaterranova.pt\/portal\/index.php?rest_route=\/wp\/v2\/users\/1"}],"replies":[{"embeddable":true,"href":"https:\/\/parquedaterranova.pt\/portal\/index.php?rest_route=%2Fwp%2Fv2%2Fcomments&post=1034"}],"version-history":[{"count":1,"href":"https:\/\/parquedaterranova.pt\/portal\/index.php?rest_route=\/wp\/v2\/pages\/1034\/revisions"}],"predecessor-version":[{"id":1035,"href":"https:\/\/parquedaterranova.pt\/portal\/index.php?rest_route=\/wp\/v2\/pages\/1034\/revisions\/1035"}],"wp:attachment":[{"href":"https:\/\/parquedaterranova.pt\/portal\/index.php?rest_route=%2Fwp%2Fv2%2Fmedia&parent=1034"}],"curies":[{"name":"wp","href":"https:\/\/api.w.org\/{rel}","templated":true}]}}